{"id":27465,"date":"2026-02-27T00:37:07","date_gmt":"2026-02-27T00:37:07","guid":{"rendered":"https:\/\/nordicmart.andreevmaster.com\/product\/smoby-gulv-til-legehus-6-stk\/"},"modified":"2026-02-27T09:15:37","modified_gmt":"2026-02-27T09:15:37","slug":"smoby-gulv-til-legehus-6-stk","status":"publish","type":"product","link":"https:\/\/nordicmart.andreevmaster.com\/da\/vare\/smoby-gulv-til-legehus-6-stk\/","title":{"rendered":"SMOBY Gulv til legehus, 6 stk."},"content":{"rendered":"<p>Fliser &#8211; gulvpaneler til havehuse fra den kendte franske producent af leget\u00f8j, Smoby. Gulvpaneler til havehuse. Panelerne passer til alle huse. S\u00e6ttet best\u00e5r af 6 fliser, der m\u00e5ler 45 x 45 cm. <\/p>\n<p>Egenskaber: <\/p>\n<p>* &#8211; producent: Smoby,<br \/>\n* &#8211; foldbart gulv,<br \/>\n* &#8211; 6 paneler,<br \/>\n* &#8211; kompatibelt med alle Smoby legehuse,<br \/>\n* &#8211; flisernes dimensioner: 45 x 45 cm,<br \/>\n* &#8211; h\u00f8j kvalitet.<\/p>\n<p>Smoby er et fransk firma med en historie, der g\u00e5r tilbage til 1924, og som i dag ejes af den tyske leget\u00f8jsproducent Simba-Dickie Group, der designer, producerer og distribuerer et bredt udvalg af leget\u00f8j. I dag er Smoby-produkter, hvoraf de fleste er produceret i Europa, ekstremt popul\u00e6re og kendetegnes ved h\u00f8jeste kvalitet, sikkerhed og holdbarhed. Takket v\u00e6re det faktum, at de er en 100 % garanti for gl\u00e6de og sjov for de yngste, har de allerede fundet vej til n\u00e6sten alle verdenshj\u00f8rner.<\/p>\n","protected":false},"excerpt":{"rendered":"<p>Fliser &#8211; gulvpaneler til havehuse fra den kendte franske producent af leget\u00f8j, Smoby. Gulvpaneler til havehuse. Panelerne passer til alle huse. S\u00e6ttet best\u00e5r af 6 fliser, der m\u00e5ler 45 x 45 cm. Egenskaber: * &#8211; producent: Smoby, * &#8211; foldbart gulv, * &#8211; 6 paneler, * &#8211; kompatibelt med alle Smoby legehuse, * &#8211; flisernes [&hellip;]<\/p>\n","protected":false},"featured_media":0,"comment_status":"open","ping_status":"closed","template":"","meta":[],"product_brand":[],"product_cat":[31],"product_tag":[],"class_list":{"0":"post-27465","1":"product","2":"type-product","3":"status-publish","5":"product_cat-uncategorized-da","7":"first","8":"instock","9":"shipping-taxable","10":"purchasable","11":"product-type-simple"},"_links":{"self":[{"href":"https:\/\/nordicmart.andreevmaster.com\/da\/wp-json\/wp\/v2\/product\/27465","targetHints":{"allow":["GET"]}}],"collection":[{"href":"https:\/\/nordicmart.andreevmaster.com\/da\/wp-json\/wp\/v2\/product"}],"about":[{"href":"https:\/\/nordicmart.andreevmaster.com\/da\/wp-json\/wp\/v2\/types\/product"}],"replies":[{"embeddable":true,"href":"https:\/\/nordicmart.andreevmaster.com\/da\/wp-json\/wp\/v2\/comments?post=27465"}],"wp:attachment":[{"href":"https:\/\/nordicmart.andreevmaster.com\/da\/wp-json\/wp\/v2\/media?parent=27465"}],"wp:term":[{"taxonomy":"product_brand","embeddable":true,"href":"https:\/\/nordicmart.andreevmaster.com\/da\/wp-json\/wp\/v2\/product_brand?post=27465"},{"taxonomy":"product_cat","embeddable":true,"href":"https:\/\/nordicmart.andreevmaster.com\/da\/wp-json\/wp\/v2\/product_cat?post=27465"},{"taxonomy":"product_tag","embeddable":true,"href":"https:\/\/nordicmart.andreevmaster.com\/da\/wp-json\/wp\/v2\/product_tag?post=27465"}],"curies":[{"name":"wp","href":"https:\/\/api.w.org\/{rel}","templated":true}]}}