{"id":27463,"date":"2026-02-27T00:37:07","date_gmt":"2026-02-27T00:37:07","guid":{"rendered":"https:\/\/nordicmart.andreevmaster.com\/product\/smoby-four-seasons-garden-house-2\/"},"modified":"2026-02-27T09:15:37","modified_gmt":"2026-02-27T09:15:37","slug":"smoby-four-seasons-garden-house-2","status":"publish","type":"product","link":"https:\/\/nordicmart.andreevmaster.com\/da\/vare\/smoby-four-seasons-garden-house-2\/","title":{"rendered":"SMOBY Four Seasons Garden House"},"content":{"rendered":"<p>4 Seasons Garden House fra Smoby er et leget\u00f8j til b\u00f8rn fra 2 \u00e5r, der tilskynder til udend\u00f8rsaktiviteter. Huset har et farverigt design og mange interessante funktioner, s\u00e5som vinduer med skodder, en d\u00f8r med en klokke og vindklokker. Huset er ogs\u00e5 udstyret med tilbeh\u00f8r til at l\u00e6re om vejret, s\u00e5som en regnm\u00e5ler, vindfane og vejrpanel. B\u00f8rnene kan observere \u00e6ndringer i temperatur, nedb\u00f8r og solskin og notere deres opdagelser p\u00e5 panelet. Huset er lavet af h\u00f8jkvalitetsplast, der er modstandsdygtig over for falmning og vejrforhold. Legehuset kan ogs\u00e5 kombineres med andet tilbeh\u00f8r fra Smoby, s\u00e5som en sandkasse, sommerk\u00f8kken, gulv, sprinkler eller havekrukke (s\u00e6lges separat). 4 Seasons Garden Playhouse er det perfekte leget\u00f8j til sm\u00e5 opdagelsesrejsende, der elsker at lege udend\u00f8rs.<\/p>\n<p>Egenskaber:<\/p>\n<p>* &#8211; leget\u00f8j til b\u00f8rn fra 2 \u00e5r,<br \/>\n* &#8211; farverigt og attraktivt design,<br \/>\n* &#8211; vinduer med persienner, d\u00f8r med klokke og vindklokker,<br \/>\n* &#8211; tilbeh\u00f8r til at l\u00e6re om vejret: regnm\u00e5ler, vejrhane, meteorologisk panel,<br \/>\n* &#8211; plast med ANTI-UV-bel\u00e6gning, modstandsdygtig over for falmning og vejrforhold,<br \/>\n* &#8211; kan kombineres med andet Smoby-tilbeh\u00f8r (s\u00e6lges separat),<br \/>\n* &#8211; fremstillet i Frankrig.<\/p>\n","protected":false},"excerpt":{"rendered":"<p>4 Seasons Garden House fra Smoby er et leget\u00f8j til b\u00f8rn fra 2 \u00e5r, der tilskynder til udend\u00f8rsaktiviteter. Huset har et farverigt design og mange interessante funktioner, s\u00e5som vinduer med skodder, en d\u00f8r med en klokke og vindklokker. Huset er ogs\u00e5 udstyret med tilbeh\u00f8r til at l\u00e6re om vejret, s\u00e5som en regnm\u00e5ler, vindfane og vejrpanel. [&hellip;]<\/p>\n","protected":false},"featured_media":0,"comment_status":"open","ping_status":"closed","template":"","meta":[],"product_brand":[],"product_cat":[31],"product_tag":[],"class_list":{"0":"post-27463","1":"product","2":"type-product","3":"status-publish","5":"product_cat-uncategorized-da","7":"first","8":"instock","9":"shipping-taxable","10":"purchasable","11":"product-type-simple"},"_links":{"self":[{"href":"https:\/\/nordicmart.andreevmaster.com\/da\/wp-json\/wp\/v2\/product\/27463","targetHints":{"allow":["GET"]}}],"collection":[{"href":"https:\/\/nordicmart.andreevmaster.com\/da\/wp-json\/wp\/v2\/product"}],"about":[{"href":"https:\/\/nordicmart.andreevmaster.com\/da\/wp-json\/wp\/v2\/types\/product"}],"replies":[{"embeddable":true,"href":"https:\/\/nordicmart.andreevmaster.com\/da\/wp-json\/wp\/v2\/comments?post=27463"}],"wp:attachment":[{"href":"https:\/\/nordicmart.andreevmaster.com\/da\/wp-json\/wp\/v2\/media?parent=27463"}],"wp:term":[{"taxonomy":"product_brand","embeddable":true,"href":"https:\/\/nordicmart.andreevmaster.com\/da\/wp-json\/wp\/v2\/product_brand?post=27463"},{"taxonomy":"product_cat","embeddable":true,"href":"https:\/\/nordicmart.andreevmaster.com\/da\/wp-json\/wp\/v2\/product_cat?post=27463"},{"taxonomy":"product_tag","embeddable":true,"href":"https:\/\/nordicmart.andreevmaster.com\/da\/wp-json\/wp\/v2\/product_tag?post=27463"}],"curies":[{"name":"wp","href":"https:\/\/api.w.org\/{rel}","templated":true}]}}