{"id":27462,"date":"2026-02-27T00:37:06","date_gmt":"2026-02-27T00:37:06","guid":{"rendered":"https:\/\/nordicmart.andreevmaster.com\/product\/smoby-chefs-house-2\/"},"modified":"2026-02-27T09:15:37","modified_gmt":"2026-02-27T09:15:37","slug":"smoby-chefs-house-2","status":"publish","type":"product","link":"https:\/\/nordicmart.andreevmaster.com\/da\/vare\/smoby-chefs-house-2\/","title":{"rendered":"Smoby Chef&#8217;s House"},"content":{"rendered":"<p>Smoby Chef&#8217;s House er et unikt leget\u00f8j, der kombinerer funktionerne i et klassisk legehus med et fuldt udstyret restaurantk\u00f8kken. Perfekt til unge madentusiaster, der \u00f8nsker at udvikle deres kulinariske evner i haven ved at skabe deres egen udend\u00f8rs restaurant. Det er ideelt til at lege alene eller med venner og fremmer kreativitet og samarbejde. <\/p>\n<p>Funktioner: <\/p>\n<p>* &#8211; Alder: 2 \u00e5r<br \/>\n* &#8211; Funktionelt k\u00f8kken: Huset er udstyret med k\u00f8leskab, ovn, gaskomfur, vask med vandhane og kasseapparat med kortl\u00e6ser. Det er et rigtigt restaurant-leges\u00e6t!<br \/>\n* &#8211; K\u00f8kkenudstyr: Et s\u00e6t drikkevarer, bestik, s\u00f8de og salte retter, k\u00f8kkenredskaber, en pandekagepande, peberkv\u00e6rn, saltkv\u00e6rn, ketchup og sennep \u2013 alt hvad du beh\u00f8ver for at tilberede l\u00e6kre m\u00e5ltider.* &#8211; Originalt design: Tr\u00e6effektpr\u00e6gning p\u00e5 v\u00e6gge og tagsten giver huset et unikt pr\u00e6g. * &#8211; Menutavler: To tavler giver dig mulighed for at skrive menuen eller restaurantens skilt, s\u00e5 du kan tilpasse det sjove fuldst\u00e6ndigt. * &#8211; Sikkert og holdbart materiale: Huset er fremstillet af 64 % genanvendt plast og har en ANTI-UV-bel\u00e6gning, der beskytter farverne mod at falme.<\/p>\n<p>Leget\u00f8jet udvikler:<\/p>\n<p>* &#8211; Kreativitet og fantasi: B\u00f8rn skaber deres egen kulinariske historie, udvikler deres fantasi og l\u00e6rer at skabe menuer, servere retter og drive deres restaurant.<br \/>\n* &#8211; Sociale f\u00e6rdigheder: At lege i et team udvikler kommunikations- og samarbejdsf\u00e6rdigheder og giver b\u00f8rnene mulighed for at \u00f8ve sig i sociale roller og scenarier.* &#8211; H\u00e5nd-\u00f8je-koordination: Madlavning, tilberedning af mad, arrangement af tilbeh\u00f8r og brug af k\u00f8kkenredskaber udvikler b\u00f8rns motoriske f\u00e6rdigheder. * &#8211; Rumforvaltning: B\u00f8rn l\u00e6rer at organisere pladsen i k\u00f8kkenet, holde orden og opbevare tilbeh\u00f8r korrekt. Chef&#8217;s House er et fremragende leget\u00f8j, der transporterer b\u00f8rn ind i madlavningens og restaurantens verden. Takket v\u00e6re dets rige udstyr og funktionalitet giver det timevis af kreativ sjov og udvikler manuelle, sociale og organisatoriske f\u00e6rdigheder.<\/p>\n","protected":false},"excerpt":{"rendered":"<p>Smoby Chef&#8217;s House er et unikt leget\u00f8j, der kombinerer funktionerne i et klassisk legehus med et fuldt udstyret restaurantk\u00f8kken. Perfekt til unge madentusiaster, der \u00f8nsker at udvikle deres kulinariske evner i haven ved at skabe deres egen udend\u00f8rs restaurant. Det er ideelt til at lege alene eller med venner og fremmer kreativitet og samarbejde. Funktioner: [&hellip;]<\/p>\n","protected":false},"featured_media":0,"comment_status":"open","ping_status":"closed","template":"","meta":[],"product_brand":[],"product_cat":[31],"product_tag":[],"class_list":{"0":"post-27462","1":"product","2":"type-product","3":"status-publish","5":"product_cat-uncategorized-da","7":"first","8":"instock","9":"shipping-taxable","10":"purchasable","11":"product-type-simple"},"_links":{"self":[{"href":"https:\/\/nordicmart.andreevmaster.com\/da\/wp-json\/wp\/v2\/product\/27462","targetHints":{"allow":["GET"]}}],"collection":[{"href":"https:\/\/nordicmart.andreevmaster.com\/da\/wp-json\/wp\/v2\/product"}],"about":[{"href":"https:\/\/nordicmart.andreevmaster.com\/da\/wp-json\/wp\/v2\/types\/product"}],"replies":[{"embeddable":true,"href":"https:\/\/nordicmart.andreevmaster.com\/da\/wp-json\/wp\/v2\/comments?post=27462"}],"wp:attachment":[{"href":"https:\/\/nordicmart.andreevmaster.com\/da\/wp-json\/wp\/v2\/media?parent=27462"}],"wp:term":[{"taxonomy":"product_brand","embeddable":true,"href":"https:\/\/nordicmart.andreevmaster.com\/da\/wp-json\/wp\/v2\/product_brand?post=27462"},{"taxonomy":"product_cat","embeddable":true,"href":"https:\/\/nordicmart.andreevmaster.com\/da\/wp-json\/wp\/v2\/product_cat?post=27462"},{"taxonomy":"product_tag","embeddable":true,"href":"https:\/\/nordicmart.andreevmaster.com\/da\/wp-json\/wp\/v2\/product_tag?post=27462"}],"curies":[{"name":"wp","href":"https:\/\/api.w.org\/{rel}","templated":true}]}}