{"id":27461,"date":"2026-02-27T00:37:06","date_gmt":"2026-02-27T00:37:06","guid":{"rendered":"https:\/\/nordicmart.andreevmaster.com\/product\/smoby-life-evo-garden-playhouse-2\/"},"modified":"2026-02-27T09:15:37","modified_gmt":"2026-02-27T09:15:37","slug":"smoby-life-evo-garden-playhouse-2","status":"publish","type":"product","link":"https:\/\/nordicmart.andreevmaster.com\/da\/vare\/smoby-life-evo-garden-playhouse-2\/","title":{"rendered":"Smoby Life Evo Garden Playhouse"},"content":{"rendered":"<p>Smoby Life Evo Garden Playhouse er det perfekte udend\u00f8rs legested for b\u00f8rn fra 3 \u00e5r og opefter. Her kan de sm\u00e5 lege forskellige roller og invitere deres venner med til at v\u00e6re med. Det er rummeligt, lavet af materialer af h\u00f8j kvalitet og meget funktionelt, hvilket g\u00f8r det til det perfekte valg til haven, hvor b\u00f8rnene kan udvikle deres fantasi og tilbringe tid udend\u00f8rs.<\/p>\n<p>Egenskaber:<\/p>\n<p>* &#8211; Velegnet til b\u00f8rn fra 3 \u00e5r og opefter, da det giver dem tilstr\u00e6kkelig plads til at lege.<br \/>\n* &#8211; H\u00f8jkvalitetsmateriale: Legehuset er lavet af holdbart plast, der imiterer tr\u00e6 og sten, som er vejrbestandigt og genanvendt (61 % af materialet).<br \/>\n* &#8211; ANTI-UV-bel\u00e6gning: Beskyttelse mod falmning i solen, hvilket sikrer langvarig \u00e6stetik og farveintensitet.<br \/>\n* &#8211; Rummelighed: Med en h\u00f8jde p\u00e5 over 1,5 meter<br \/>\n* &#8211; Tilbeh\u00f8r: Legehuset har en d\u00f8r med kighul, vinduer med skodder, der kan \u00e5bnes, og en postkasse, s\u00e5 b\u00f8rnene kan lege mere realistisk.* &#8211; Afbalancerede farver: Afd\u00e6mpede farver i naturlige nuancer g\u00f8r, at legehuset passer ind i enhver have uden at dominere rummet. Leget\u00f8jet udvikler:* &#8211; Fantasi og kreativitet: Leg i legehuset udvikler fantasien; b\u00f8rnene kan organisere forskellige roller, invitere g\u00e6ster eller f\u00f8re imagin\u00e6re samtaler.* &#8211; Sociale f\u00e6rdigheder: Legehuset tilskynder til interaktion med j\u00e6vnaldrende, hvilket udvikler kommunikationsf\u00e6rdigheder, samarbejde og deling. * &#8211; Manuelle f\u00e6rdigheder: \u00c5bne skodder, d\u00f8re, en postkasse og andre elementer hj\u00e6lper med at udvikle b\u00f8rns manuelle f\u00e6rdigheder og l\u00e6rer dem at bruge deres h\u00e6nder med pr\u00e6cision. * &#8211; \u00c6stetisk sans: Afd\u00e6mpede farver og naturlige materialer former b\u00f8rns \u00e6stetiske sans og omsorg for deres omgivelser.* &#8211; Kreativ indretning: Muligheden for at k\u00f8be tilbeh\u00f8r (s\u00e6lges separat), s\u00e5som en sandkasse, lampe, sprinkler eller picnicbord, giver b\u00f8rnene mulighed for at skabe et komplet, funktionelt legerum.<\/p>\n","protected":false},"excerpt":{"rendered":"<p>Smoby Life Evo Garden Playhouse er det perfekte udend\u00f8rs legested for b\u00f8rn fra 3 \u00e5r og opefter. Her kan de sm\u00e5 lege forskellige roller og invitere deres venner med til at v\u00e6re med. Det er rummeligt, lavet af materialer af h\u00f8j kvalitet og meget funktionelt, hvilket g\u00f8r det til det perfekte valg til haven, hvor [&hellip;]<\/p>\n","protected":false},"featured_media":0,"comment_status":"open","ping_status":"closed","template":"","meta":[],"product_brand":[],"product_cat":[31],"product_tag":[],"class_list":{"0":"post-27461","1":"product","2":"type-product","3":"status-publish","5":"product_cat-uncategorized-da","7":"first","8":"instock","9":"shipping-taxable","10":"purchasable","11":"product-type-simple"},"_links":{"self":[{"href":"https:\/\/nordicmart.andreevmaster.com\/da\/wp-json\/wp\/v2\/product\/27461","targetHints":{"allow":["GET"]}}],"collection":[{"href":"https:\/\/nordicmart.andreevmaster.com\/da\/wp-json\/wp\/v2\/product"}],"about":[{"href":"https:\/\/nordicmart.andreevmaster.com\/da\/wp-json\/wp\/v2\/types\/product"}],"replies":[{"embeddable":true,"href":"https:\/\/nordicmart.andreevmaster.com\/da\/wp-json\/wp\/v2\/comments?post=27461"}],"wp:attachment":[{"href":"https:\/\/nordicmart.andreevmaster.com\/da\/wp-json\/wp\/v2\/media?parent=27461"}],"wp:term":[{"taxonomy":"product_brand","embeddable":true,"href":"https:\/\/nordicmart.andreevmaster.com\/da\/wp-json\/wp\/v2\/product_brand?post=27461"},{"taxonomy":"product_cat","embeddable":true,"href":"https:\/\/nordicmart.andreevmaster.com\/da\/wp-json\/wp\/v2\/product_cat?post=27461"},{"taxonomy":"product_tag","embeddable":true,"href":"https:\/\/nordicmart.andreevmaster.com\/da\/wp-json\/wp\/v2\/product_tag?post=27461"}],"curies":[{"name":"wp","href":"https:\/\/api.w.org\/{rel}","templated":true}]}}