{"id":27460,"date":"2026-02-27T00:37:06","date_gmt":"2026-02-27T00:37:06","guid":{"rendered":"https:\/\/nordicmart.andreevmaster.com\/product\/falk-scooter-strada-scooter-rod-stille-daek-fra-1-ar\/"},"modified":"2026-02-27T09:15:37","modified_gmt":"2026-02-27T09:15:37","slug":"falk-scooter-strada-scooter-rod-stille-daek-fra-1-ar","status":"publish","type":"product","link":"https:\/\/nordicmart.andreevmaster.com\/da\/vare\/falk-scooter-strada-scooter-rod-stille-daek-fra-1-ar\/","title":{"rendered":"FALK Scooter Strada Scooter R\u00f8d Stille d\u00e6k fra 1 \u00e5r"},"content":{"rendered":"<p>Dette leget\u00f8j fra den franske producent Falk er den perfekte gave til b\u00f8rn fra 1 \u00e5r og opefter. Det er udstyret med store hjul, der giver barnet den stabilitet, der er n\u00f8dvendig for udviklingen, og hj\u00e6lper samtidig den lille med at \u00f8ve balance og motoriske f\u00e6rdigheder. Elastomerbel\u00e6gningen g\u00f8r dem mere modstandsdygtige over for ridser og skader. K\u00f8ret\u00f8jet h\u00e5ndteres som en rigtig scooter takket v\u00e6re det lille drejelige rat med horn, hvilket g\u00f8r det endnu sjovere for barnet. <\/p>\n<p>Egenskaber:<\/p>\n<p>* &#8211; til b\u00f8rn fra 1 \u00e5r,<br \/>\n* &#8211; maksimal belastning op til 25 kg,<br \/>\n* &#8211; k\u00f8ret\u00f8j i scooter-stil,<br \/>\n* &#8211; har stille hjul,* &#8211; d\u00e6kket med en elastomerbel\u00e6gning,<br \/>\n* &#8211; brede hjul for en f\u00f8lelse af sikkerhed,<br \/>\n* &#8211; horn i styret.<\/p>\n","protected":false},"excerpt":{"rendered":"<p>Dette leget\u00f8j fra den franske producent Falk er den perfekte gave til b\u00f8rn fra 1 \u00e5r og opefter. Det er udstyret med store hjul, der giver barnet den stabilitet, der er n\u00f8dvendig for udviklingen, og hj\u00e6lper samtidig den lille med at \u00f8ve balance og motoriske f\u00e6rdigheder. Elastomerbel\u00e6gningen g\u00f8r dem mere modstandsdygtige over for ridser og [&hellip;]<\/p>\n","protected":false},"featured_media":0,"comment_status":"open","ping_status":"closed","template":"","meta":[],"product_brand":[],"product_cat":[31],"product_tag":[],"class_list":{"0":"post-27460","1":"product","2":"type-product","3":"status-publish","5":"product_cat-uncategorized-da","7":"first","8":"instock","9":"shipping-taxable","10":"purchasable","11":"product-type-simple"},"_links":{"self":[{"href":"https:\/\/nordicmart.andreevmaster.com\/da\/wp-json\/wp\/v2\/product\/27460","targetHints":{"allow":["GET"]}}],"collection":[{"href":"https:\/\/nordicmart.andreevmaster.com\/da\/wp-json\/wp\/v2\/product"}],"about":[{"href":"https:\/\/nordicmart.andreevmaster.com\/da\/wp-json\/wp\/v2\/types\/product"}],"replies":[{"embeddable":true,"href":"https:\/\/nordicmart.andreevmaster.com\/da\/wp-json\/wp\/v2\/comments?post=27460"}],"wp:attachment":[{"href":"https:\/\/nordicmart.andreevmaster.com\/da\/wp-json\/wp\/v2\/media?parent=27460"}],"wp:term":[{"taxonomy":"product_brand","embeddable":true,"href":"https:\/\/nordicmart.andreevmaster.com\/da\/wp-json\/wp\/v2\/product_brand?post=27460"},{"taxonomy":"product_cat","embeddable":true,"href":"https:\/\/nordicmart.andreevmaster.com\/da\/wp-json\/wp\/v2\/product_cat?post=27460"},{"taxonomy":"product_tag","embeddable":true,"href":"https:\/\/nordicmart.andreevmaster.com\/da\/wp-json\/wp\/v2\/product_tag?post=27460"}],"curies":[{"name":"wp","href":"https:\/\/api.w.org\/{rel}","templated":true}]}}