{"id":27459,"date":"2026-02-27T00:37:06","date_gmt":"2026-02-27T00:37:06","guid":{"rendered":"https:\/\/nordicmart.andreevmaster.com\/product\/step2-bord-picnicbord-med-parasol\/"},"modified":"2026-02-27T09:15:36","modified_gmt":"2026-02-27T09:15:36","slug":"step2-bord-picnicbord-med-parasol","status":"publish","type":"product","link":"https:\/\/nordicmart.andreevmaster.com\/da\/vare\/step2-bord-picnicbord-med-parasol\/","title":{"rendered":"STEP2 Bord \u2013 Picnicbord med parasol"},"content":{"rendered":"<p>STEP2 Picnic Table \u2013 Et paradis for sm\u00e5 opdagelsesrejsende<\/p>\n<p>Oplev en verden af ubekymret sjov og f\u00e6lles m\u00e5ltider i det fri med dette robuste picnicbord fra det kendte amerikanske m\u00e6rke STEP2! Bordet er designet til seks sm\u00e5 og er udstyret med to ergonomiske b\u00e6nke med specialformede s\u00e6der, der passer p\u00e5 ryggen hos selv de mest aktive sm\u00e5 banditter.<\/p>\n<p>Uovertruffen holdbarhed og sikkerhed<\/p>\n<p>* Dobbeltv\u00e6gget maskine: tykke (5-6 cm) luftfyldte v\u00e6gge garanterer lethed og samtidig enest\u00e5ende modstandsdygtighed over for st\u00f8d og skader.<br \/>\n* Stabil konstruktion: en solid bordplade p\u00e5 100 \u00d7 50 cm og robuste ben sikrer sikker leg uden at vippe eller v\u00e6lte.* Certificeret kvalitet: testet i et akkrediteret laboratorium, fuldt ud i overensstemmelse med EN71 1-3, hvilket betyder det h\u00f8jeste sikkerhedsniveau.<\/p>\n<p>Dobbeltv\u00e6gget maskine: tykke (5\u20136 cm) luftfyldte v\u00e6gge garanterer lethed og samtidig uovertruffen modstandsdygtighed over for st\u00f8d og skader.<\/p>\n<p>Stabil konstruktion: en solid bordplade p\u00e5 100 \u00d7 50 cm og robuste ben sikrer sikker leg uden at vippe eller v\u00e6lte.<\/p>\n<p>Certificeret kvalitet: testet i et akkrediteret laboratorium, fuldt ud i overensstemmelse med EN71 1-3, hvilket betyder det h\u00f8jeste sikkerhedsniveau. Komfort og brugervenlighed * Optimal h\u00f8jde p\u00e5 50 cm \u2013 tilpasset de forskellige h\u00f8jder hos b\u00f8rnehaveb\u00f8rn og sm\u00e5 skoleb\u00f8rn.* Solbeskyttelse \u2013 den medf\u00f8lgende UV-blokerende paraply giver mulighed for lange timers leg uden risiko for overdreven uds\u00e6ttelse for solen.<br \/>\n* Let at reng\u00f8re og vejrbestandig \u2013 dette bord svigter dig aldrig, uanset hvad vejret bringer! <\/p>\n<p>Optimal h\u00f8jde p\u00e5 50 cm \u2013 tilpasset de forskellige h\u00f8jder hos b\u00f8rnehaveb\u00f8rn og sm\u00e5 skoleb\u00f8rn.<\/p>\n<p>Solbeskyttelse \u2013 den medf\u00f8lgende UV-blokerende paraply giver mulighed for lange timers leg uden risiko for overdreven soluds\u00e6ttelse.<\/p>\n<p>Let at reng\u00f8re og vejrbestandig \u2013 dette bord svigter dig aldrig, uanset hvad vejret bringer!<\/p>\n<p>Tekniske data:<\/p>\n<p>* S\u00e6tv\u00e6gt: 16 kg<br \/>\n* Plads til op til 6 b\u00f8rn (maks. samlet v\u00e6gt 135 kg; maks. 22,5 kg pr. barn)<br \/>\n* Bordplade m\u00e5l: 100 \u00d7 50 cm<br \/>\n* H\u00f8jde fra jorden: 50 cm<\/p>\n<p>S\u00e6tv\u00e6gt: 16 kg<\/p>\n<p>Plads til op til 6 b\u00f8rn (maks. samlet v\u00e6gt 135 kg; maks. 22,5 kg pr. barn)<\/p>\n<p>Bordpladens m\u00e5l: 100 \u00d7 50 cm<\/p>\n<p>H\u00f8jde fra jorden: 50 cm<\/p>\n<p>[img-55961-left-thickbox_default]<\/p>\n","protected":false},"excerpt":{"rendered":"<p>STEP2 Picnic Table \u2013 Et paradis for sm\u00e5 opdagelsesrejsende Oplev en verden af ubekymret sjov og f\u00e6lles m\u00e5ltider i det fri med dette robuste picnicbord fra det kendte amerikanske m\u00e6rke STEP2! Bordet er designet til seks sm\u00e5 og er udstyret med to ergonomiske b\u00e6nke med specialformede s\u00e6der, der passer p\u00e5 ryggen hos selv de mest [&hellip;]<\/p>\n","protected":false},"featured_media":0,"comment_status":"open","ping_status":"closed","template":"","meta":[],"product_brand":[],"product_cat":[31],"product_tag":[],"class_list":{"0":"post-27459","1":"product","2":"type-product","3":"status-publish","5":"product_cat-uncategorized-da","7":"first","8":"instock","9":"shipping-taxable","10":"purchasable","11":"product-type-simple"},"_links":{"self":[{"href":"https:\/\/nordicmart.andreevmaster.com\/da\/wp-json\/wp\/v2\/product\/27459","targetHints":{"allow":["GET"]}}],"collection":[{"href":"https:\/\/nordicmart.andreevmaster.com\/da\/wp-json\/wp\/v2\/product"}],"about":[{"href":"https:\/\/nordicmart.andreevmaster.com\/da\/wp-json\/wp\/v2\/types\/product"}],"replies":[{"embeddable":true,"href":"https:\/\/nordicmart.andreevmaster.com\/da\/wp-json\/wp\/v2\/comments?post=27459"}],"wp:attachment":[{"href":"https:\/\/nordicmart.andreevmaster.com\/da\/wp-json\/wp\/v2\/media?parent=27459"}],"wp:term":[{"taxonomy":"product_brand","embeddable":true,"href":"https:\/\/nordicmart.andreevmaster.com\/da\/wp-json\/wp\/v2\/product_brand?post=27459"},{"taxonomy":"product_cat","embeddable":true,"href":"https:\/\/nordicmart.andreevmaster.com\/da\/wp-json\/wp\/v2\/product_cat?post=27459"},{"taxonomy":"product_tag","embeddable":true,"href":"https:\/\/nordicmart.andreevmaster.com\/da\/wp-json\/wp\/v2\/product_tag?post=27459"}],"curies":[{"name":"wp","href":"https:\/\/api.w.org\/{rel}","templated":true}]}}