{"id":27458,"date":"2026-02-27T00:37:05","date_gmt":"2026-02-27T00:37:05","guid":{"rendered":"https:\/\/nordicmart.andreevmaster.com\/product\/step2-legepladsaktivitetscenter-rutsjebane-basketball-baseball\/"},"modified":"2026-02-27T09:15:36","modified_gmt":"2026-02-27T09:15:36","slug":"step2-legepladsaktivitetscenter-rutsjebane-basketball-baseball","status":"publish","type":"product","link":"https:\/\/nordicmart.andreevmaster.com\/da\/vare\/step2-legepladsaktivitetscenter-rutsjebane-basketball-baseball\/","title":{"rendered":"STEP2 Legepladsaktivitetscenter Rutsjebane Basketball Baseball"},"content":{"rendered":"<p>STEP2-legepladsen tilbyder mange forskellige m\u00e5der at lege p\u00e5. Dette sp\u00e6ndende aktivitetscenter for sm\u00e5 b\u00f8rn har prim\u00e6rt sport som tema. B\u00f8rnene kan \u00f8ve deres balance og motoriske f\u00e6rdigheder ved at klatre op ad det meget brede trin og glide ned ad rutsjebanen p\u00e5 den anden side. Der er ogs\u00e5 en bold og en basketballkurv, s\u00e5 dit barn kan skyde mod kurven. Derudover kan de bruge den medf\u00f8lgende bat til at sl\u00e5 den fastgjorte baseball! Med dette sportsleget\u00f8j, der er designet specielt til de sm\u00e5, vil din lille guldklump hoppe hjem, glide ind p\u00e5 basen og lave fantastiske slam dunks, mens de leger. N\u00e5r legetiden er slut, kan du bruge det indbyggede opbevaringsrum til at opbevare basketballen og trykke batonen ind i aktivitetscentrets yderv\u00e6g, s\u00e5 alt er lige ved h\u00e5nden til n\u00e6ste dags sjov.<\/p>\n<p>Funktioner:<\/p>\n<p>* &#8211; Indbyggede opbevaringsrum reducerer risikoen for at miste genstande<br \/>\n* &#8211; Til b\u00f8rn fra 2 \u00e5r og opefter<br \/>\n* &#8211; Hele produktet har et sportstema<br \/>\n* &#8211; Ringen og basketballen tilf\u00f8jer variation til legen<br \/>\n* &#8211; Maksimal belastning 20 kg,<br \/>\n* &#8211; Let at reng\u00f8re, brug blot desinficerende klude eller husholdningsreng\u00f8ringsprodukter,<br \/>\n* &#8211; Kr\u00e6ver samling af en voksen,<br \/>\n* &#8211; Den medf\u00f8lgende baton og baseball g\u00f8r legen mere sp\u00e6ndende,<br \/>\n* &#8211; Dit barn bruger tiden aktivt,<br \/>\n* &#8211; Holdbart og robust produkt.<\/p>\n<p>Step2 \u2013 kvalitet f\u00f8rst, fantastisk leget\u00f8j bagefter! Hvis du prioriterer kvalitet og sikkerhed, n\u00e5r du v\u00e6lger leget\u00f8j til dit barn, vil hele sortimentet af fantastisk leget\u00f8j fra det amerikanske firma Step2 helt sikkert opfylde forventningerne hos b\u00f8rn, for\u00e6ldre, vuggestuer, b\u00f8rnehaver og andre uddannelsesinstitutioner. Step2 har produceret det bedste leget\u00f8j i USA i \u00e5rtier! Sortimentet omfatter sandkasser, havehuse, legepladser, v\u00e6rksteder, leget\u00f8j til at k\u00f8re p\u00e5, k\u00f8kkener og b\u00f8rnem\u00f8bler.<\/p>\n","protected":false},"excerpt":{"rendered":"<p>STEP2-legepladsen tilbyder mange forskellige m\u00e5der at lege p\u00e5. Dette sp\u00e6ndende aktivitetscenter for sm\u00e5 b\u00f8rn har prim\u00e6rt sport som tema. B\u00f8rnene kan \u00f8ve deres balance og motoriske f\u00e6rdigheder ved at klatre op ad det meget brede trin og glide ned ad rutsjebanen p\u00e5 den anden side. Der er ogs\u00e5 en bold og en basketballkurv, s\u00e5 dit [&hellip;]<\/p>\n","protected":false},"featured_media":0,"comment_status":"open","ping_status":"closed","template":"","meta":[],"product_brand":[],"product_cat":[31],"product_tag":[],"class_list":{"0":"post-27458","1":"product","2":"type-product","3":"status-publish","5":"product_cat-uncategorized-da","7":"first","8":"instock","9":"shipping-taxable","10":"purchasable","11":"product-type-simple"},"_links":{"self":[{"href":"https:\/\/nordicmart.andreevmaster.com\/da\/wp-json\/wp\/v2\/product\/27458","targetHints":{"allow":["GET"]}}],"collection":[{"href":"https:\/\/nordicmart.andreevmaster.com\/da\/wp-json\/wp\/v2\/product"}],"about":[{"href":"https:\/\/nordicmart.andreevmaster.com\/da\/wp-json\/wp\/v2\/types\/product"}],"replies":[{"embeddable":true,"href":"https:\/\/nordicmart.andreevmaster.com\/da\/wp-json\/wp\/v2\/comments?post=27458"}],"wp:attachment":[{"href":"https:\/\/nordicmart.andreevmaster.com\/da\/wp-json\/wp\/v2\/media?parent=27458"}],"wp:term":[{"taxonomy":"product_brand","embeddable":true,"href":"https:\/\/nordicmart.andreevmaster.com\/da\/wp-json\/wp\/v2\/product_brand?post=27458"},{"taxonomy":"product_cat","embeddable":true,"href":"https:\/\/nordicmart.andreevmaster.com\/da\/wp-json\/wp\/v2\/product_cat?post=27458"},{"taxonomy":"product_tag","embeddable":true,"href":"https:\/\/nordicmart.andreevmaster.com\/da\/wp-json\/wp\/v2\/product_tag?post=27458"}],"curies":[{"name":"wp","href":"https:\/\/api.w.org\/{rel}","templated":true}]}}