{"id":27457,"date":"2026-02-27T00:37:05","date_gmt":"2026-02-27T00:37:05","guid":{"rendered":"https:\/\/nordicmart.andreevmaster.com\/product\/step2-stort-sandkassebord-med-lag-og-bilbane\/"},"modified":"2026-02-27T09:15:36","modified_gmt":"2026-02-27T09:15:36","slug":"step2-stort-sandkassebord-med-lag-og-bilbane","status":"publish","type":"product","link":"https:\/\/nordicmart.andreevmaster.com\/da\/vare\/step2-stort-sandkassebord-med-lag-og-bilbane\/","title":{"rendered":"STEP2 Stort sandkassebord med l\u00e5g og bilbane"},"content":{"rendered":"<p>Et h\u00e6vet sandbord med l\u00e5g er det perfekte tilbeh\u00f8r til enhver legeplads. Sandkassen er monteret p\u00e5 fire ben, s\u00e5 den er nem at flytte rundt. Ideel til leg udenfor og indenfor. Sandkassen kan fyldes med traditionelt sand, og l\u00e5get med elastikker beskytter sandet mod snavs. I stedet for sand kan du ogs\u00e5 fylde sandkassen med \u00e6rter eller pasta. Det er den perfekte l\u00f8sning til lege, der udvikler b\u00f8rns sensoriske f\u00e6rdigheder. L\u00e5get har en udsk\u00e5ret bane, hvor dit barn kan lege med sine yndlingsbiler, hvilket uden tvivl er en ekstra attraktion ved produktet. S\u00e6ttet indeholder en spand, to skovle og to par river. Produktet er beregnet til b\u00f8rn over 2 \u00e5r.<\/p>\n<p>Egenskaber:<\/p>\n<p>* &#8211; sandbord med l\u00e5g<br \/>\n* &#8211; bordets m\u00e5l: 41,7 x 91,4 x 66 (cm)<br \/>\n* &#8211; let at samle, let at flytte takket v\u00e6re den h\u00e6vede sandkasse<br \/>\n* &#8211; til indend\u00f8rs og udend\u00f8rs brug<br \/>\n* &#8211; sandkassen leveres med 2 skovle, 2 par river og en spand<br \/>\n* &#8211; l\u00e5get har en udsk\u00e5ret bane, hvor dit barn kan lege med sine yndlingsbiler<br \/>\n* &#8211; produktet er beregnet til b\u00f8rn over 2 \u00e5r<br \/>\n* &#8211; i stedet for sand kan du fylde sandkassen med \u00e6rter, pasta eller kinetisk sand<br \/>\n* &#8211; sandkassen kan rumme op til 35 kg sand<\/p>\n<p>Leget\u00f8jet udvikler:<\/p>\n<p>* &#8211; motoriske f\u00e6rdigheder hos b\u00f8rn<br \/>\n* &#8211; sensoriske f\u00e6rdigheder<br \/>\n* &#8211; kreativitet og fantasi<br \/>\n* &#8211; samarbejdsevner<br \/>\n* &#8211; evnen til at dele<\/p>\n<p>Step2 \u2013 kvalitet f\u00f8rst, fantastisk leget\u00f8j bagefter! Hvis du prioriterer kvalitet og sikkerhed, n\u00e5r du v\u00e6lger leget\u00f8j til dit barn, vil hele sortimentet af fantastisk leget\u00f8j fra det amerikanske firma Step2 helt sikkert opfylde forventningerne hos b\u00f8rn, for\u00e6ldre, vuggestuer, b\u00f8rnehaver og andre uddannelsesinstitutioner. Step2 har produceret det bedste leget\u00f8j i USA i \u00e5rtier! Sortimentet omfatter sandkasser, havehuse, legepladser, v\u00e6rksteder, leget\u00f8j til at k\u00f8re p\u00e5, k\u00f8kkener og b\u00f8rnem\u00f8bler.<\/p>\n","protected":false},"excerpt":{"rendered":"<p>Et h\u00e6vet sandbord med l\u00e5g er det perfekte tilbeh\u00f8r til enhver legeplads. Sandkassen er monteret p\u00e5 fire ben, s\u00e5 den er nem at flytte rundt. Ideel til leg udenfor og indenfor. Sandkassen kan fyldes med traditionelt sand, og l\u00e5get med elastikker beskytter sandet mod snavs. I stedet for sand kan du ogs\u00e5 fylde sandkassen med [&hellip;]<\/p>\n","protected":false},"featured_media":0,"comment_status":"open","ping_status":"closed","template":"","meta":[],"product_brand":[],"product_cat":[31],"product_tag":[],"class_list":{"0":"post-27457","1":"product","2":"type-product","3":"status-publish","5":"product_cat-uncategorized-da","7":"first","8":"instock","9":"shipping-taxable","10":"purchasable","11":"product-type-simple"},"_links":{"self":[{"href":"https:\/\/nordicmart.andreevmaster.com\/da\/wp-json\/wp\/v2\/product\/27457","targetHints":{"allow":["GET"]}}],"collection":[{"href":"https:\/\/nordicmart.andreevmaster.com\/da\/wp-json\/wp\/v2\/product"}],"about":[{"href":"https:\/\/nordicmart.andreevmaster.com\/da\/wp-json\/wp\/v2\/types\/product"}],"replies":[{"embeddable":true,"href":"https:\/\/nordicmart.andreevmaster.com\/da\/wp-json\/wp\/v2\/comments?post=27457"}],"wp:attachment":[{"href":"https:\/\/nordicmart.andreevmaster.com\/da\/wp-json\/wp\/v2\/media?parent=27457"}],"wp:term":[{"taxonomy":"product_brand","embeddable":true,"href":"https:\/\/nordicmart.andreevmaster.com\/da\/wp-json\/wp\/v2\/product_brand?post=27457"},{"taxonomy":"product_cat","embeddable":true,"href":"https:\/\/nordicmart.andreevmaster.com\/da\/wp-json\/wp\/v2\/product_cat?post=27457"},{"taxonomy":"product_tag","embeddable":true,"href":"https:\/\/nordicmart.andreevmaster.com\/da\/wp-json\/wp\/v2\/product_tag?post=27457"}],"curies":[{"name":"wp","href":"https:\/\/api.w.org\/{rel}","templated":true}]}}