{"id":27456,"date":"2026-02-27T00:37:05","date_gmt":"2026-02-27T00:37:05","guid":{"rendered":"https:\/\/nordicmart.andreevmaster.com\/product\/step2-canyon-med-bordplade-bilbanebord\/"},"modified":"2026-02-27T09:15:36","modified_gmt":"2026-02-27T09:15:36","slug":"step2-canyon-med-bordplade-bilbanebord","status":"publish","type":"product","link":"https:\/\/nordicmart.andreevmaster.com\/da\/vare\/step2-canyon-med-bordplade-bilbanebord\/","title":{"rendered":"STEP2 Canyon med bordplade Bilbanebord"},"content":{"rendered":"<p>Canyon-bordet med bordplade er et stort, gennemarbejdet bord fra det kendte amerikanske firma STEP2. Det er et fantastisk leget\u00f8j, der giver b\u00f8rn mange muligheder for at lege med leget\u00f8jsbiler og andre k\u00f8ret\u00f8jer. Det har en formst\u00f8bt bane i flere niveauer og faste broer, s\u00e5 du aldrig beh\u00f8ver at nulstille banen for dine b\u00f8rn igen! Det hj\u00e6lper de sm\u00e5 togkondukt\u00f8rer med at udvikle deres sociale f\u00e6rdigheder, n\u00e5r de deler tog og skinner med deres legekammerater og s\u00f8skende. Det glatte l\u00e5g forvandler det til et bord til h\u00e5ndv\u00e6rk og snacks. Funktioner:<\/p>\n<p>* &#8211; en st\u00f8rrelse, der giver dit barn timevis af sjov<br \/>\n* &#8211; spor i flere niveauer<br \/>\n* &#8211; klar til brug med det samme, kan d\u00e6kkes med en bordplade<br \/>\n* &#8211; h\u00f8jde tilpasset barnets h\u00f8jde<br \/>\n* &#8211; bordet er kompatibelt med leget\u00f8jsbiler fra alle st\u00f8rre producenter<br \/>\n* &#8211; aftagelige ben -> leg i gulvh\u00f8jde, nem opbevaring<br \/>\n* &#8211; indeholder blandt andet leget\u00f8jsbiler, en helikopter og et tog<br \/>\n* &#8211; h\u00f8j kvalitet, der sikrer holdbarhed i mange \u00e5r<br \/>\n* &#8211; nem at holde ren<\/p>\n<p>Step2 \u2013 kvalitet f\u00f8rst, fantastisk leget\u00f8j bagefter! Hvis du prioriterer kvalitet og sikkerhed, n\u00e5r du v\u00e6lger leget\u00f8j til dit barn, vil hele sortimentet af fantastisk leget\u00f8j fra det amerikanske firma Step2 helt sikkert opfylde forventningerne hos b\u00f8rn, for\u00e6ldre, vuggestuer, b\u00f8rnehaver og andre uddannelsesinstitutioner. Step2 har produceret det bedste leget\u00f8j i USA i \u00e5rtier! Sortimentet omfatter sandkasser, havehuse, legepladser, v\u00e6rksteder, leget\u00f8j til at k\u00f8re p\u00e5, k\u00f8kkener og b\u00f8rnem\u00f8bler.<\/p>\n","protected":false},"excerpt":{"rendered":"<p>Canyon-bordet med bordplade er et stort, gennemarbejdet bord fra det kendte amerikanske firma STEP2. Det er et fantastisk leget\u00f8j, der giver b\u00f8rn mange muligheder for at lege med leget\u00f8jsbiler og andre k\u00f8ret\u00f8jer. Det har en formst\u00f8bt bane i flere niveauer og faste broer, s\u00e5 du aldrig beh\u00f8ver at nulstille banen for dine b\u00f8rn igen! Det [&hellip;]<\/p>\n","protected":false},"featured_media":0,"comment_status":"open","ping_status":"closed","template":"","meta":[],"product_brand":[],"product_cat":[31],"product_tag":[],"class_list":{"0":"post-27456","1":"product","2":"type-product","3":"status-publish","5":"product_cat-uncategorized-da","7":"first","8":"instock","9":"shipping-taxable","10":"purchasable","11":"product-type-simple"},"_links":{"self":[{"href":"https:\/\/nordicmart.andreevmaster.com\/da\/wp-json\/wp\/v2\/product\/27456","targetHints":{"allow":["GET"]}}],"collection":[{"href":"https:\/\/nordicmart.andreevmaster.com\/da\/wp-json\/wp\/v2\/product"}],"about":[{"href":"https:\/\/nordicmart.andreevmaster.com\/da\/wp-json\/wp\/v2\/types\/product"}],"replies":[{"embeddable":true,"href":"https:\/\/nordicmart.andreevmaster.com\/da\/wp-json\/wp\/v2\/comments?post=27456"}],"wp:attachment":[{"href":"https:\/\/nordicmart.andreevmaster.com\/da\/wp-json\/wp\/v2\/media?parent=27456"}],"wp:term":[{"taxonomy":"product_brand","embeddable":true,"href":"https:\/\/nordicmart.andreevmaster.com\/da\/wp-json\/wp\/v2\/product_brand?post=27456"},{"taxonomy":"product_cat","embeddable":true,"href":"https:\/\/nordicmart.andreevmaster.com\/da\/wp-json\/wp\/v2\/product_cat?post=27456"},{"taxonomy":"product_tag","embeddable":true,"href":"https:\/\/nordicmart.andreevmaster.com\/da\/wp-json\/wp\/v2\/product_tag?post=27456"}],"curies":[{"name":"wp","href":"https:\/\/api.w.org\/{rel}","templated":true}]}}