{"id":27455,"date":"2026-02-27T00:37:05","date_gmt":"2026-02-27T00:37:05","guid":{"rendered":"https:\/\/nordicmart.andreevmaster.com\/product\/injusa-24v-monster-to-personers-led-batteridrevet-bil\/"},"modified":"2026-02-27T09:15:35","modified_gmt":"2026-02-27T09:15:35","slug":"injusa-24v-monster-to-personers-led-batteridrevet-bil","status":"publish","type":"product","link":"https:\/\/nordicmart.andreevmaster.com\/da\/vare\/injusa-24v-monster-to-personers-led-batteridrevet-bil\/","title":{"rendered":"INJUSA 24V Monster to-personers LED-batteridrevet bil"},"content":{"rendered":"<p>Den r\u00f8de Monster-batteridrevne bil fra den spanske elbilproducent INJUSA er et k\u00f8ret\u00f8j, der vil give dit barn masser af sp\u00e6nding. LED-lys foran og bagp\u00e5 og et moderne design giver den et ekstremt look. Kraften fra 24V-batteriet g\u00f8r det muligt at n\u00e5 hastigheder p\u00e5 op til 7 km\/t. Velegnet til b\u00f8rn fra 3 \u00e5r og opefter.<\/p>\n<p>Funktioner:<\/p>\n<p>* &#8211; r\u00f8d Monster-batteribil,<br \/>\n* &#8211; 2 x 12V 7,2 Ah batteri,<br \/>\n* &#8211; batterioplader medf\u00f8lger,<br \/>\n* &#8211; k\u00f8ret\u00f8j udstyret med sikkerhedsseler,<br \/>\n* &#8211; LED-lys foran og bagp\u00e5,<br \/>\n* &#8211; gearkasse: bakgear og 2 x fremgear,<br \/>\n* &#8211; designet til b\u00f8rn fra 3 \u00e5r og opefter,<br \/>\n* &#8211; holdbare gummihjul,<br \/>\n* &#8211; to-personers bil,<br \/>\n* &#8211; maksimal lastekapacitet op til 50 kg.<\/p>\n<p>INJUSA \u2013 leget\u00f8j fra et kendt spansk firma, der har v\u00e6ret p\u00e5 markedet siden 1947. De er kendetegnet ved h\u00f8j kvalitet og ekstraordin\u00e6r opm\u00e6rksomhed for detaljer. Kendt for leget\u00f8j s\u00e5som elektriske k\u00f8ret\u00f8jer, cykler, l\u00f8becykler, trehjulede cykler og legehuse.<\/p>\n","protected":false},"excerpt":{"rendered":"<p>Den r\u00f8de Monster-batteridrevne bil fra den spanske elbilproducent INJUSA er et k\u00f8ret\u00f8j, der vil give dit barn masser af sp\u00e6nding. LED-lys foran og bagp\u00e5 og et moderne design giver den et ekstremt look. Kraften fra 24V-batteriet g\u00f8r det muligt at n\u00e5 hastigheder p\u00e5 op til 7 km\/t. Velegnet til b\u00f8rn fra 3 \u00e5r og opefter. [&hellip;]<\/p>\n","protected":false},"featured_media":0,"comment_status":"open","ping_status":"closed","template":"","meta":[],"product_brand":[],"product_cat":[31],"product_tag":[],"class_list":{"0":"post-27455","1":"product","2":"type-product","3":"status-publish","5":"product_cat-uncategorized-da","7":"first","8":"instock","9":"shipping-taxable","10":"purchasable","11":"product-type-simple"},"_links":{"self":[{"href":"https:\/\/nordicmart.andreevmaster.com\/da\/wp-json\/wp\/v2\/product\/27455","targetHints":{"allow":["GET"]}}],"collection":[{"href":"https:\/\/nordicmart.andreevmaster.com\/da\/wp-json\/wp\/v2\/product"}],"about":[{"href":"https:\/\/nordicmart.andreevmaster.com\/da\/wp-json\/wp\/v2\/types\/product"}],"replies":[{"embeddable":true,"href":"https:\/\/nordicmart.andreevmaster.com\/da\/wp-json\/wp\/v2\/comments?post=27455"}],"wp:attachment":[{"href":"https:\/\/nordicmart.andreevmaster.com\/da\/wp-json\/wp\/v2\/media?parent=27455"}],"wp:term":[{"taxonomy":"product_brand","embeddable":true,"href":"https:\/\/nordicmart.andreevmaster.com\/da\/wp-json\/wp\/v2\/product_brand?post=27455"},{"taxonomy":"product_cat","embeddable":true,"href":"https:\/\/nordicmart.andreevmaster.com\/da\/wp-json\/wp\/v2\/product_cat?post=27455"},{"taxonomy":"product_tag","embeddable":true,"href":"https:\/\/nordicmart.andreevmaster.com\/da\/wp-json\/wp\/v2\/product_tag?post=27455"}],"curies":[{"name":"wp","href":"https:\/\/api.w.org\/{rel}","templated":true}]}}