{"id":27454,"date":"2026-02-27T00:37:04","date_gmt":"2026-02-27T00:37:04","guid":{"rendered":"https:\/\/nordicmart.andreevmaster.com\/product\/smoby-cars-trehjulet-lobehjul-af-trae\/"},"modified":"2026-02-27T09:15:35","modified_gmt":"2026-02-27T09:15:35","slug":"smoby-cars-trehjulet-lobehjul-af-trae","status":"publish","type":"product","link":"https:\/\/nordicmart.andreevmaster.com\/da\/vare\/smoby-cars-trehjulet-lobehjul-af-trae\/","title":{"rendered":"SMOBY Cars Trehjulet l\u00f8behjul af tr\u00e6"},"content":{"rendered":"<p>En l\u00f8behjul er en fantastisk m\u00e5de at have det sjovt p\u00e5, mens man motionerer. At k\u00f8re p\u00e5 l\u00f8behjul aktiverer mange muskler og forbedrer samtidig b\u00f8rns sprogf\u00e6rdigheder.<\/p>\n<p>Den trehjulede l\u00f8behjul med licens fra Cars er skabt med tanke p\u00e5 de yngre fans af tegneserien. Den intuitive trehjulede l\u00f8behjul har en bred og stabil platform og konturerede h\u00e5ndtag. Dette g\u00f8r den til den perfekte f\u00f8rste l\u00f8behjul, der letter indl\u00e6ringen, sikrer komfort under k\u00f8rsel og underst\u00f8tter barnets psykomotoriske udvikling.<\/p>\n<p>Funktioner:<\/p>\n<p>* &#8211; l\u00f8behjul med licens fra tegnefilmen Cars,<br \/>\n* &#8211; justerbar styrh\u00f8jde (67 og 70 cm),* &#8211; konstruktion af tr\u00e6 og metal,<br \/>\n* &#8211; maksimal belastning &#8211; 20 kg,<br \/>\n* &#8211; skridsikre hjul,<br \/>\n* &#8211; bred og stabil tr\u00e6platform,<br \/>\n* &#8211; let at folde sammen.<\/p>\n","protected":false},"excerpt":{"rendered":"<p>En l\u00f8behjul er en fantastisk m\u00e5de at have det sjovt p\u00e5, mens man motionerer. At k\u00f8re p\u00e5 l\u00f8behjul aktiverer mange muskler og forbedrer samtidig b\u00f8rns sprogf\u00e6rdigheder. Den trehjulede l\u00f8behjul med licens fra Cars er skabt med tanke p\u00e5 de yngre fans af tegneserien. Den intuitive trehjulede l\u00f8behjul har en bred og stabil platform og konturerede [&hellip;]<\/p>\n","protected":false},"featured_media":0,"comment_status":"open","ping_status":"closed","template":"","meta":[],"product_brand":[],"product_cat":[31],"product_tag":[],"class_list":{"0":"post-27454","1":"product","2":"type-product","3":"status-publish","5":"product_cat-uncategorized-da","7":"first","8":"instock","9":"shipping-taxable","10":"purchasable","11":"product-type-simple"},"_links":{"self":[{"href":"https:\/\/nordicmart.andreevmaster.com\/da\/wp-json\/wp\/v2\/product\/27454","targetHints":{"allow":["GET"]}}],"collection":[{"href":"https:\/\/nordicmart.andreevmaster.com\/da\/wp-json\/wp\/v2\/product"}],"about":[{"href":"https:\/\/nordicmart.andreevmaster.com\/da\/wp-json\/wp\/v2\/types\/product"}],"replies":[{"embeddable":true,"href":"https:\/\/nordicmart.andreevmaster.com\/da\/wp-json\/wp\/v2\/comments?post=27454"}],"wp:attachment":[{"href":"https:\/\/nordicmart.andreevmaster.com\/da\/wp-json\/wp\/v2\/media?parent=27454"}],"wp:term":[{"taxonomy":"product_brand","embeddable":true,"href":"https:\/\/nordicmart.andreevmaster.com\/da\/wp-json\/wp\/v2\/product_brand?post=27454"},{"taxonomy":"product_cat","embeddable":true,"href":"https:\/\/nordicmart.andreevmaster.com\/da\/wp-json\/wp\/v2\/product_cat?post=27454"},{"taxonomy":"product_tag","embeddable":true,"href":"https:\/\/nordicmart.andreevmaster.com\/da\/wp-json\/wp\/v2\/product_tag?post=27454"}],"curies":[{"name":"wp","href":"https:\/\/api.w.org\/{rel}","templated":true}]}}