{"id":27453,"date":"2026-02-27T00:37:04","date_gmt":"2026-02-27T00:37:04","guid":{"rendered":"https:\/\/nordicmart.andreevmaster.com\/product\/smoby-baby-balade-plus-bla-trehjulet-cykel\/"},"modified":"2026-02-27T09:15:35","modified_gmt":"2026-02-27T09:15:35","slug":"smoby-baby-balade-plus-bla-trehjulet-cykel","status":"publish","type":"product","link":"https:\/\/nordicmart.andreevmaster.com\/da\/vare\/smoby-baby-balade-plus-bla-trehjulet-cykel\/","title":{"rendered":"SMOBY Baby Balade Plus bl\u00e5 trehjulet cykel"},"content":{"rendered":"<p>Baby Balade 3-i-1 er en moderne og veludstyret f\u00f8rste cykel, der &#8220;vokser&#8221; med dit barn og tilpasser sig dets behov i forskellige udviklingsfaser. Trehjulets design g\u00f8r det muligt for b\u00f8rn fra 10 m\u00e5neder at bruge cyklen.<br \/>\nFunktioner:<br \/>\n* &#8211; justerbart h\u00e5ndtag, s\u00e5 for\u00e6ldrene kan styre cyklen,<br \/>\n* &#8211; h\u00e5ndtagsl\u00e5s,<br \/>\n* &#8211; parkeringsbremse,<br \/>\n* &#8211; sikkerhedsseler,<br \/>\n* &#8211; sikkerhedsf\u00e6lg,<br \/>\n* &#8211; komfortabelt og ergonomisk s\u00e6de med h\u00e6vet nakkest\u00f8tte,* &#8211; fril\u00f8bsmekanisme, dvs. hjulet drejer, og pedalerne forbliver p\u00e5 plads (ideelt til at cykle, barnet kan hvile f\u00f8dderne p\u00e5 pedalerne),* &#8211; opbevaringsrum til sm\u00e5 genstande, som ogs\u00e5 har en tippefunktion,* &#8211; taske til dit barns skatte eller dine ejendele (kan fjernes og b\u00e6res separat),* &#8211; solsk\u00e6rm,* &#8211; st\u00f8jsvage hjul,* &#8211; komfortable fodst\u00f8tter, der kan foldes eller fjernes,* &#8211; justerbart rat,* &#8211; horn,* &#8211; skridsikre pedaler.<\/p>\n","protected":false},"excerpt":{"rendered":"<p>Baby Balade 3-i-1 er en moderne og veludstyret f\u00f8rste cykel, der &#8220;vokser&#8221; med dit barn og tilpasser sig dets behov i forskellige udviklingsfaser. Trehjulets design g\u00f8r det muligt for b\u00f8rn fra 10 m\u00e5neder at bruge cyklen. Funktioner: * &#8211; justerbart h\u00e5ndtag, s\u00e5 for\u00e6ldrene kan styre cyklen, * &#8211; h\u00e5ndtagsl\u00e5s, * &#8211; parkeringsbremse, * &#8211; sikkerhedsseler, [&hellip;]<\/p>\n","protected":false},"featured_media":0,"comment_status":"open","ping_status":"closed","template":"","meta":[],"product_brand":[],"product_cat":[31],"product_tag":[],"class_list":{"0":"post-27453","1":"product","2":"type-product","3":"status-publish","5":"product_cat-uncategorized-da","7":"first","8":"instock","9":"shipping-taxable","10":"purchasable","11":"product-type-simple"},"_links":{"self":[{"href":"https:\/\/nordicmart.andreevmaster.com\/da\/wp-json\/wp\/v2\/product\/27453","targetHints":{"allow":["GET"]}}],"collection":[{"href":"https:\/\/nordicmart.andreevmaster.com\/da\/wp-json\/wp\/v2\/product"}],"about":[{"href":"https:\/\/nordicmart.andreevmaster.com\/da\/wp-json\/wp\/v2\/types\/product"}],"replies":[{"embeddable":true,"href":"https:\/\/nordicmart.andreevmaster.com\/da\/wp-json\/wp\/v2\/comments?post=27453"}],"wp:attachment":[{"href":"https:\/\/nordicmart.andreevmaster.com\/da\/wp-json\/wp\/v2\/media?parent=27453"}],"wp:term":[{"taxonomy":"product_brand","embeddable":true,"href":"https:\/\/nordicmart.andreevmaster.com\/da\/wp-json\/wp\/v2\/product_brand?post=27453"},{"taxonomy":"product_cat","embeddable":true,"href":"https:\/\/nordicmart.andreevmaster.com\/da\/wp-json\/wp\/v2\/product_cat?post=27453"},{"taxonomy":"product_tag","embeddable":true,"href":"https:\/\/nordicmart.andreevmaster.com\/da\/wp-json\/wp\/v2\/product_tag?post=27453"}],"curies":[{"name":"wp","href":"https:\/\/api.w.org\/{rel}","templated":true}]}}