{"id":27452,"date":"2026-02-27T00:37:04","date_gmt":"2026-02-27T00:37:04","guid":{"rendered":"https:\/\/nordicmart.andreevmaster.com\/product\/smoby-be-fun-spidey-trehjulet-cykel\/"},"modified":"2026-02-27T09:15:35","modified_gmt":"2026-02-27T09:15:35","slug":"smoby-be-fun-spidey-trehjulet-cykel","status":"publish","type":"product","link":"https:\/\/nordicmart.andreevmaster.com\/da\/vare\/smoby-be-fun-spidey-trehjulet-cykel\/","title":{"rendered":"SMOBY Be Fun Spidey trehjulet cykel"},"content":{"rendered":"<p>En supercool trehjulet cykel i et cool design skabt af Spidey og hans supervenner. Den moderne Spidey Be Fun trehjulede cykel fra Smoby er et sikkert k\u00f8ret\u00f8j til b\u00f8rn fra 15 m\u00e5neder. Det ergonomiske s\u00e6de er s\u00e6rligt behageligt og st\u00f8tter ryggen. Remmen giver ekstra sikkerhed. Funktioner som omskifteligt fril\u00f8b i pedalerne, h\u00e5rde plastd\u00e6k, styrel\u00e5s og h\u00f8jdejusterbar skubbestang g\u00f8r denne trehjulede cykel til en p\u00e5lidelig ledsager i de f\u00f8rste leve\u00e5r. S\u00e5 snart dit barn l\u00e6rer at cykle selv, kan sikkerhedsfunktionerne fjernes.<\/p>\n<p>Funktioner:<\/p>\n<p>* &#8211; fra 15 m\u00e5neder,<br \/>\n* &#8211; robust st\u00e5lramme, der g\u00f8r cyklen h\u00f8j,<br \/>\n* &#8211; behageligt h\u00e5ndtag til styring,<br \/>\n* &#8211; bagageb\u00e6rer,<br \/>\n* &#8211; behageligt s\u00e6de udstyret med sikkerhedsseler,<br \/>\n* &#8211; styr med begr\u00e6nsning og styrel\u00e5s,<br \/>\n* &#8211; maksimal belastning op til 30 kg.<\/p>\n<p>Smoby er det st\u00f8rste og mest popul\u00e6re leget\u00f8jsm\u00e6rke i Frankrig og en af de bedste leget\u00f8jsproducenter i verden. Dette m\u00e6rkes omd\u00f8mme taler for sig selv, og bredden og mangfoldigheden i dets produktsortiment bekr\u00e6fter virksomhedens status. Smoby er kendt for at tilbyde alle former for leget\u00f8j, men der skal l\u00e6gges s\u00e6rlig v\u00e6gt p\u00e5 dets legehuse, haveleget\u00f8j og leget\u00f8j til at k\u00f8re p\u00e5.<\/p>\n","protected":false},"excerpt":{"rendered":"<p>En supercool trehjulet cykel i et cool design skabt af Spidey og hans supervenner. Den moderne Spidey Be Fun trehjulede cykel fra Smoby er et sikkert k\u00f8ret\u00f8j til b\u00f8rn fra 15 m\u00e5neder. Det ergonomiske s\u00e6de er s\u00e6rligt behageligt og st\u00f8tter ryggen. Remmen giver ekstra sikkerhed. Funktioner som omskifteligt fril\u00f8b i pedalerne, h\u00e5rde plastd\u00e6k, styrel\u00e5s og [&hellip;]<\/p>\n","protected":false},"featured_media":0,"comment_status":"open","ping_status":"closed","template":"","meta":[],"product_brand":[],"product_cat":[31],"product_tag":[],"class_list":{"0":"post-27452","1":"product","2":"type-product","3":"status-publish","5":"product_cat-uncategorized-da","7":"first","8":"instock","9":"shipping-taxable","10":"purchasable","11":"product-type-simple"},"_links":{"self":[{"href":"https:\/\/nordicmart.andreevmaster.com\/da\/wp-json\/wp\/v2\/product\/27452","targetHints":{"allow":["GET"]}}],"collection":[{"href":"https:\/\/nordicmart.andreevmaster.com\/da\/wp-json\/wp\/v2\/product"}],"about":[{"href":"https:\/\/nordicmart.andreevmaster.com\/da\/wp-json\/wp\/v2\/types\/product"}],"replies":[{"embeddable":true,"href":"https:\/\/nordicmart.andreevmaster.com\/da\/wp-json\/wp\/v2\/comments?post=27452"}],"wp:attachment":[{"href":"https:\/\/nordicmart.andreevmaster.com\/da\/wp-json\/wp\/v2\/media?parent=27452"}],"wp:term":[{"taxonomy":"product_brand","embeddable":true,"href":"https:\/\/nordicmart.andreevmaster.com\/da\/wp-json\/wp\/v2\/product_brand?post=27452"},{"taxonomy":"product_cat","embeddable":true,"href":"https:\/\/nordicmart.andreevmaster.com\/da\/wp-json\/wp\/v2\/product_cat?post=27452"},{"taxonomy":"product_tag","embeddable":true,"href":"https:\/\/nordicmart.andreevmaster.com\/da\/wp-json\/wp\/v2\/product_tag?post=27452"}],"curies":[{"name":"wp","href":"https:\/\/api.w.org\/{rel}","templated":true}]}}