{"id":27451,"date":"2026-02-27T00:37:04","date_gmt":"2026-02-27T00:37:04","guid":{"rendered":"https:\/\/nordicmart.andreevmaster.com\/product\/injusa-large-quad-rage-24v-extreme-fra-6-ar-til-50-kg\/"},"modified":"2026-02-27T09:15:35","modified_gmt":"2026-02-27T09:15:35","slug":"injusa-large-quad-rage-24v-extreme-fra-6-ar-til-50-kg","status":"publish","type":"product","link":"https:\/\/nordicmart.andreevmaster.com\/da\/vare\/injusa-large-quad-rage-24v-extreme-fra-6-ar-til-50-kg\/","title":{"rendered":"INJUSA LARGE Quad Rage 24V Extreme fra 6 \u00e5r til 50 kg"},"content":{"rendered":"<p>Den elektriske Quad Rage fra den spanske elbilproducent INJUSA er det perfekte valg til adrenalin-glade b\u00f8rn fra 6 \u00e5r og opefter. K\u00f8ret\u00f8jet er meget stabilt takket v\u00e6re sine brede hjul, og gummis\u00e5len sikrer h\u00f8j tr\u00e6kkraft og komfort ved k\u00f8rsel p\u00e5 forskellige underlag. 24V-batteriet giver en hastighed p\u00e5 op til 11 km\/t.<\/p>\n<p>Egenskaber:<\/p>\n<p>* &#8211; Rage Green quadbike,<br \/>\n* &#8211; batteristyrke 24V,<br \/>\n* &#8211; batterioplader medf\u00f8lger,<br \/>\n* &#8211; hastighed op til 11 km\/t,* &#8211; to k\u00f8rehastigheder,<br \/>\n* &#8211; hjulene har gummis\u00e5l for stabilitet og komfort,<br \/>\n* &#8211; designet til b\u00f8rn fra 6 \u00e5r og opefter,<br \/>\n* &#8211; brede hjul sikrer maksimal stabilitet,<br \/>\n* &#8211; maksimal tilladt belastning op til 50 kg.<\/p>\n","protected":false},"excerpt":{"rendered":"<p>Den elektriske Quad Rage fra den spanske elbilproducent INJUSA er det perfekte valg til adrenalin-glade b\u00f8rn fra 6 \u00e5r og opefter. K\u00f8ret\u00f8jet er meget stabilt takket v\u00e6re sine brede hjul, og gummis\u00e5len sikrer h\u00f8j tr\u00e6kkraft og komfort ved k\u00f8rsel p\u00e5 forskellige underlag. 24V-batteriet giver en hastighed p\u00e5 op til 11 km\/t. Egenskaber: * &#8211; Rage [&hellip;]<\/p>\n","protected":false},"featured_media":0,"comment_status":"open","ping_status":"closed","template":"","meta":[],"product_brand":[],"product_cat":[31],"product_tag":[],"class_list":{"0":"post-27451","1":"product","2":"type-product","3":"status-publish","5":"product_cat-uncategorized-da","7":"first","8":"instock","9":"shipping-taxable","10":"purchasable","11":"product-type-simple"},"_links":{"self":[{"href":"https:\/\/nordicmart.andreevmaster.com\/da\/wp-json\/wp\/v2\/product\/27451","targetHints":{"allow":["GET"]}}],"collection":[{"href":"https:\/\/nordicmart.andreevmaster.com\/da\/wp-json\/wp\/v2\/product"}],"about":[{"href":"https:\/\/nordicmart.andreevmaster.com\/da\/wp-json\/wp\/v2\/types\/product"}],"replies":[{"embeddable":true,"href":"https:\/\/nordicmart.andreevmaster.com\/da\/wp-json\/wp\/v2\/comments?post=27451"}],"wp:attachment":[{"href":"https:\/\/nordicmart.andreevmaster.com\/da\/wp-json\/wp\/v2\/media?parent=27451"}],"wp:term":[{"taxonomy":"product_brand","embeddable":true,"href":"https:\/\/nordicmart.andreevmaster.com\/da\/wp-json\/wp\/v2\/product_brand?post=27451"},{"taxonomy":"product_cat","embeddable":true,"href":"https:\/\/nordicmart.andreevmaster.com\/da\/wp-json\/wp\/v2\/product_cat?post=27451"},{"taxonomy":"product_tag","embeddable":true,"href":"https:\/\/nordicmart.andreevmaster.com\/da\/wp-json\/wp\/v2\/product_tag?post=27451"}],"curies":[{"name":"wp","href":"https:\/\/api.w.org\/{rel}","templated":true}]}}