{"id":27450,"date":"2026-02-27T00:37:03","date_gmt":"2026-02-27T00:37:03","guid":{"rendered":"https:\/\/nordicmart.andreevmaster.com\/product\/barometer-fischer-1366r-22-2\/"},"modified":"2026-02-27T09:15:34","modified_gmt":"2026-02-27T09:15:34","slug":"barometer-fischer-1366r-22-2","status":"publish","type":"product","link":"https:\/\/nordicmart.andreevmaster.com\/da\/vare\/barometer-fischer-1366r-22-2\/","title":{"rendered":"Barometer Fischer | 1366R-22"},"content":{"rendered":"<p>Barometer Fischer &#8211; 13366R-22&nbsp;Produktinformation:&nbsp;Synlig mekanismeKlassisk, elegant udseendeMessinghus til mekanismenTr\u00e6fod af b\u00f8getr\u00e6 &#8211; mahogni-farvetNavne p\u00e5 engelsk&nbsp;Dimensioner:&nbsp;Diameter: 14 cmDiameter p\u00e5 instrumentets urskive: 10 cm&nbsp;Firmaet Fischer blev grundlagt i 1945 i Drebach, Tyskland, og har siden da produceret barometre, hygrometre og termometre. Det har over 70 \u00e5rs erfaring i denne branche. I dag er Fischer en velkendt og respekteret leverand\u00f8r af produkter af h\u00f8j kvalitet. Alle produkter er h\u00e5ndlavede og produceres udelukkende i Erzgebirge i Tyskland. Et barometer er et meget pr\u00e6cist instrument, der m\u00e5ler lufttrykket. Til dette form\u00e5l bruger det en s\u00e5kaldt vakuumbeholder, hvis v\u00e6gge udvider sig eller tr\u00e6kker sig sammen med hundrededele af en millimeter afh\u00e6ngigt af \u00e6ndringer i lufttrykket. Barometeret blev kalibreret p\u00e5 fabrikken. Det er velkendt, at jo h\u00f8jere over havets overflade, jo lavere er trykket. Jo h\u00f8jere trykket er, jo mindre variabelt bliver vejret. Med tryk over 1020 mbar kan vi forvente en t\u00f8r, klar dag. Om sommeren vil det v\u00e6re fint vejr, om vinteren vil dagen sandsynligvis v\u00e6re frostklar (dog med mulighed for t\u00e5ge). Et tryk i omr\u00e5det 1005-1020 mbar betyder omskifteligt vejr. \u00d8jeblikke med opklaring kan veksle med forbig\u00e5ende regn. Ved tryk under 1000 mbar vil himlen v\u00e6re overskyet, og vi kan forvente regn. En stigning i trykket betyder en forbedring, og omvendt betyder et fald i trykket en forv\u00e6rring af vejret. Om sommeren kan pludselige, markante stigninger i trykket v\u00e6re tegn p\u00e5 voldsomme tordenvejr.&nbsp;P\u00e5 grund af f.eks. st\u00e6rke st\u00f8d kan det blive n\u00f8dvendigt at foretage en ny justering. Brug en skruetr\u00e6kker til dette og juster skruen p\u00e5 bagsiden af enheden i henhold til instruktionerne i den medf\u00f8lgende manual.&nbsp;<\/p>\n","protected":false},"excerpt":{"rendered":"<p>Barometer Fischer &#8211; 13366R-22&nbsp;Produktinformation:&nbsp;Synlig mekanismeKlassisk, elegant udseendeMessinghus til mekanismenTr\u00e6fod af b\u00f8getr\u00e6 &#8211; mahogni-farvetNavne p\u00e5 engelsk&nbsp;Dimensioner:&nbsp;Diameter: 14 cmDiameter p\u00e5 instrumentets urskive: 10 cm&nbsp;Firmaet Fischer blev grundlagt i 1945 i Drebach, Tyskland, og har siden da produceret barometre, hygrometre og termometre. Det har over 70 \u00e5rs erfaring i denne branche. I dag er Fischer en velkendt og [&hellip;]<\/p>\n","protected":false},"featured_media":45027,"comment_status":"open","ping_status":"closed","template":"","meta":[],"product_brand":[],"product_cat":[31],"product_tag":[],"class_list":{"0":"post-27450","1":"product","2":"type-product","3":"status-publish","4":"has-post-thumbnail","6":"product_cat-uncategorized-da","8":"first","9":"instock","10":"shipping-taxable","11":"purchasable","12":"product-type-simple"},"_links":{"self":[{"href":"https:\/\/nordicmart.andreevmaster.com\/da\/wp-json\/wp\/v2\/product\/27450","targetHints":{"allow":["GET"]}}],"collection":[{"href":"https:\/\/nordicmart.andreevmaster.com\/da\/wp-json\/wp\/v2\/product"}],"about":[{"href":"https:\/\/nordicmart.andreevmaster.com\/da\/wp-json\/wp\/v2\/types\/product"}],"replies":[{"embeddable":true,"href":"https:\/\/nordicmart.andreevmaster.com\/da\/wp-json\/wp\/v2\/comments?post=27450"}],"wp:featuredmedia":[{"embeddable":true,"href":"https:\/\/nordicmart.andreevmaster.com\/da\/wp-json\/wp\/v2\/media\/45027"}],"wp:attachment":[{"href":"https:\/\/nordicmart.andreevmaster.com\/da\/wp-json\/wp\/v2\/media?parent=27450"}],"wp:term":[{"taxonomy":"product_brand","embeddable":true,"href":"https:\/\/nordicmart.andreevmaster.com\/da\/wp-json\/wp\/v2\/product_brand?post=27450"},{"taxonomy":"product_cat","embeddable":true,"href":"https:\/\/nordicmart.andreevmaster.com\/da\/wp-json\/wp\/v2\/product_cat?post=27450"},{"taxonomy":"product_tag","embeddable":true,"href":"https:\/\/nordicmart.andreevmaster.com\/da\/wp-json\/wp\/v2\/product_tag?post=27450"}],"curies":[{"name":"wp","href":"https:\/\/api.w.org\/{rel}","templated":true}]}}