{"id":27449,"date":"2026-02-27T00:37:03","date_gmt":"2026-02-27T00:37:03","guid":{"rendered":"https:\/\/nordicmart.andreevmaster.com\/product\/messing-solkvadrant-gunterr-h39\/"},"modified":"2026-02-27T09:15:34","modified_gmt":"2026-02-27T09:15:34","slug":"messing-solkvadrant-gunterr-h39","status":"publish","type":"product","link":"https:\/\/nordicmart.andreevmaster.com\/da\/vare\/messing-solkvadrant-gunterr-h39\/","title":{"rendered":"Messing solkvadrant Gunterr \u2013 H39"},"content":{"rendered":"<p>Gunter messing solkvadrant &#8211; H39 &nbsp;&nbsp;Kvadranten er et historisk instrument til bestemmelse af stjernernes position. Den havde form som en kvart cirkel med en vinkelskala. Den var kendt allerede i det antikke Gr\u00e6kenland og var stadig i brug i det 17. \u00e5rhundrede.&nbsp;Den er en perfekt gave til en s\u00f8mand eller astronomientusiast.&nbsp;Reproduktion baseret p\u00e5 Gunter-kvadranten fra det 18. \u00e5rhundrede, som er udstillet p\u00e5 Greenwich Maritime Museum. &nbsp;&nbsp;Produktinformation:&nbsp;M\u00e5l: h\u00f8jde 17 cm x bredde 15 cm x dybde 0,7 cm. V\u00e6gt: 0,85 kg. Bagsiden af det natlige ur. Gaveemballage: smuk gave\u00e6ske med pr\u00e6gning. Fantastisk gave til astronomer, gave til astronomi-entusiaster.<\/p>\n","protected":false},"excerpt":{"rendered":"<p>Gunter messing solkvadrant &#8211; H39 &nbsp;&nbsp;Kvadranten er et historisk instrument til bestemmelse af stjernernes position. Den havde form som en kvart cirkel med en vinkelskala. Den var kendt allerede i det antikke Gr\u00e6kenland og var stadig i brug i det 17. \u00e5rhundrede.&nbsp;Den er en perfekt gave til en s\u00f8mand eller astronomientusiast.&nbsp;Reproduktion baseret p\u00e5 Gunter-kvadranten fra [&hellip;]<\/p>\n","protected":false},"featured_media":45026,"comment_status":"open","ping_status":"closed","template":"","meta":[],"product_brand":[],"product_cat":[31],"product_tag":[],"class_list":{"0":"post-27449","1":"product","2":"type-product","3":"status-publish","4":"has-post-thumbnail","6":"product_cat-uncategorized-da","8":"first","9":"instock","10":"shipping-taxable","11":"purchasable","12":"product-type-simple"},"_links":{"self":[{"href":"https:\/\/nordicmart.andreevmaster.com\/da\/wp-json\/wp\/v2\/product\/27449","targetHints":{"allow":["GET"]}}],"collection":[{"href":"https:\/\/nordicmart.andreevmaster.com\/da\/wp-json\/wp\/v2\/product"}],"about":[{"href":"https:\/\/nordicmart.andreevmaster.com\/da\/wp-json\/wp\/v2\/types\/product"}],"replies":[{"embeddable":true,"href":"https:\/\/nordicmart.andreevmaster.com\/da\/wp-json\/wp\/v2\/comments?post=27449"}],"wp:featuredmedia":[{"embeddable":true,"href":"https:\/\/nordicmart.andreevmaster.com\/da\/wp-json\/wp\/v2\/media\/45026"}],"wp:attachment":[{"href":"https:\/\/nordicmart.andreevmaster.com\/da\/wp-json\/wp\/v2\/media?parent=27449"}],"wp:term":[{"taxonomy":"product_brand","embeddable":true,"href":"https:\/\/nordicmart.andreevmaster.com\/da\/wp-json\/wp\/v2\/product_brand?post=27449"},{"taxonomy":"product_cat","embeddable":true,"href":"https:\/\/nordicmart.andreevmaster.com\/da\/wp-json\/wp\/v2\/product_cat?post=27449"},{"taxonomy":"product_tag","embeddable":true,"href":"https:\/\/nordicmart.andreevmaster.com\/da\/wp-json\/wp\/v2\/product_tag?post=27449"}],"curies":[{"name":"wp","href":"https:\/\/api.w.org\/{rel}","templated":true}]}}