{"id":27448,"date":"2026-02-27T00:37:03","date_gmt":"2026-02-27T00:37:03","guid":{"rendered":"https:\/\/nordicmart.andreevmaster.com\/product\/skytten-magnet-stjernetegn-str\/"},"modified":"2026-02-27T09:15:34","modified_gmt":"2026-02-27T09:15:34","slug":"skytten-magnet-stjernetegn-str","status":"publish","type":"product","link":"https:\/\/nordicmart.andreevmaster.com\/da\/vare\/skytten-magnet-stjernetegn-str\/","title":{"rendered":"Skytten Magnet stjernetegn | STR"},"content":{"rendered":"<p>Skytten Magnet stjernetegn&nbsp;&nbsp;K\u00f8leskabsmagnet til det energiske, afslappede og optimistiske stjernetegn Skytten. Skytten er en glad person med en udtryksfuld personlighed. Skytten er direkte, entusiastisk og spontan. En k\u00f8leskabsmagnet med billedet af stjernetegnet Skytten er en god id\u00e9 til en lille gave eller et supplement til en gave til en person, der er f\u00f8dt i Skytten, og til fans af astrologi.&nbsp;I midten af magneten er der et billede af stjernetegnet Skytten. P\u00e5 den gyldne kant er der symboler for alle stjernetegn. Skytten Magnet Stjernetegn Specifikation: Materiale: emaljeret metal Farve: guld, sort Symboler for alle stjernetegn p\u00e5 kanten Skytten i midten Dimensioner: diameter 6 cm<\/p>\n","protected":false},"excerpt":{"rendered":"<p>Skytten Magnet stjernetegn&nbsp;&nbsp;K\u00f8leskabsmagnet til det energiske, afslappede og optimistiske stjernetegn Skytten. Skytten er en glad person med en udtryksfuld personlighed. Skytten er direkte, entusiastisk og spontan. En k\u00f8leskabsmagnet med billedet af stjernetegnet Skytten er en god id\u00e9 til en lille gave eller et supplement til en gave til en person, der er f\u00f8dt i Skytten, [&hellip;]<\/p>\n","protected":false},"featured_media":45025,"comment_status":"open","ping_status":"closed","template":"","meta":[],"product_brand":[],"product_cat":[31],"product_tag":[],"class_list":{"0":"post-27448","1":"product","2":"type-product","3":"status-publish","4":"has-post-thumbnail","6":"product_cat-uncategorized-da","8":"first","9":"instock","10":"shipping-taxable","11":"purchasable","12":"product-type-simple"},"_links":{"self":[{"href":"https:\/\/nordicmart.andreevmaster.com\/da\/wp-json\/wp\/v2\/product\/27448","targetHints":{"allow":["GET"]}}],"collection":[{"href":"https:\/\/nordicmart.andreevmaster.com\/da\/wp-json\/wp\/v2\/product"}],"about":[{"href":"https:\/\/nordicmart.andreevmaster.com\/da\/wp-json\/wp\/v2\/types\/product"}],"replies":[{"embeddable":true,"href":"https:\/\/nordicmart.andreevmaster.com\/da\/wp-json\/wp\/v2\/comments?post=27448"}],"wp:featuredmedia":[{"embeddable":true,"href":"https:\/\/nordicmart.andreevmaster.com\/da\/wp-json\/wp\/v2\/media\/45025"}],"wp:attachment":[{"href":"https:\/\/nordicmart.andreevmaster.com\/da\/wp-json\/wp\/v2\/media?parent=27448"}],"wp:term":[{"taxonomy":"product_brand","embeddable":true,"href":"https:\/\/nordicmart.andreevmaster.com\/da\/wp-json\/wp\/v2\/product_brand?post=27448"},{"taxonomy":"product_cat","embeddable":true,"href":"https:\/\/nordicmart.andreevmaster.com\/da\/wp-json\/wp\/v2\/product_cat?post=27448"},{"taxonomy":"product_tag","embeddable":true,"href":"https:\/\/nordicmart.andreevmaster.com\/da\/wp-json\/wp\/v2\/product_tag?post=27448"}],"curies":[{"name":"wp","href":"https:\/\/api.w.org\/{rel}","templated":true}]}}