{"id":27447,"date":"2026-02-27T00:37:03","date_gmt":"2026-02-27T00:37:03","guid":{"rendered":"https:\/\/nordicmart.andreevmaster.com\/product\/step2-rutschebane-til-born-ride-on-track\/"},"modified":"2026-02-27T09:15:34","modified_gmt":"2026-02-27T09:15:34","slug":"step2-rutschebane-til-born-ride-on-track","status":"publish","type":"product","link":"https:\/\/nordicmart.andreevmaster.com\/da\/vare\/step2-rutschebane-til-born-ride-on-track\/","title":{"rendered":"STEP2 Rutschebane til b\u00f8rn Ride-On Track"},"content":{"rendered":"<p>Egenskaber:<\/p>\n<p>* &#8211; Rutschebanen kan bruges b\u00e5de indend\u00f8rs (legestue) og udend\u00f8rs (i haven).<br \/>\n* &#8211; To skridsikre trin (p\u00e5 begge sider) sikrer sikker adgang til toget.<br \/>\n* &#8211; Hjulfordybninger \u00f8verst p\u00e5 banen forhindrer toget i at bev\u00e6ge sig, n\u00e5r man stiger p\u00e5.<br \/>\n* &#8211; N\u00e6sten 3 meter bane til at k\u00f8re op og ned.<br \/>\n* &#8211; For at sikre sikker k\u00f8rsel er k\u00f8ret\u00f8jet udstyret med h\u00f8j rygl\u00e6n, gel\u00e6nder og fodst\u00f8tter.* &#8211; Toget er dekoreret med klisterm\u00e6rker i smukke, levende farver.<br \/>\n* &#8211; K\u00f8ret\u00f8jet kan bruges alene, f.eks. som et leget\u00f8j, man kan k\u00f8re p\u00e5.<\/p>\n<p>Step2 \u2013 kvalitet f\u00f8rst, fantastisk leget\u00f8j bagefter! Hvis du g\u00e5r efter kvalitet og sikkerhed, n\u00e5r du v\u00e6lger leget\u00f8j til dit barn, vil hele sortimentet af fantastisk leget\u00f8j fra det amerikanske firma Step2 helt sikkert leve op til forventningerne hos b\u00f8rn, for\u00e6ldre, vuggestuer, b\u00f8rnehaver og andre uddannelsesinstitutioner. Step2 har produceret det bedste leget\u00f8j i USA i \u00e5rtier! Sortimentet omfatter sandkasser, havehuse, legepladser, v\u00e6rksteder, leget\u00f8j til at k\u00f8re p\u00e5, k\u00f8kkener og b\u00f8rnem\u00f8bler.<\/p>\n","protected":false},"excerpt":{"rendered":"<p>Egenskaber: * &#8211; Rutschebanen kan bruges b\u00e5de indend\u00f8rs (legestue) og udend\u00f8rs (i haven). * &#8211; To skridsikre trin (p\u00e5 begge sider) sikrer sikker adgang til toget. * &#8211; Hjulfordybninger \u00f8verst p\u00e5 banen forhindrer toget i at bev\u00e6ge sig, n\u00e5r man stiger p\u00e5. * &#8211; N\u00e6sten 3 meter bane til at k\u00f8re op og ned. * [&hellip;]<\/p>\n","protected":false},"featured_media":0,"comment_status":"open","ping_status":"closed","template":"","meta":[],"product_brand":[],"product_cat":[31],"product_tag":[],"class_list":{"0":"post-27447","1":"product","2":"type-product","3":"status-publish","5":"product_cat-uncategorized-da","7":"first","8":"instock","9":"shipping-taxable","10":"purchasable","11":"product-type-simple"},"_links":{"self":[{"href":"https:\/\/nordicmart.andreevmaster.com\/da\/wp-json\/wp\/v2\/product\/27447","targetHints":{"allow":["GET"]}}],"collection":[{"href":"https:\/\/nordicmart.andreevmaster.com\/da\/wp-json\/wp\/v2\/product"}],"about":[{"href":"https:\/\/nordicmart.andreevmaster.com\/da\/wp-json\/wp\/v2\/types\/product"}],"replies":[{"embeddable":true,"href":"https:\/\/nordicmart.andreevmaster.com\/da\/wp-json\/wp\/v2\/comments?post=27447"}],"wp:attachment":[{"href":"https:\/\/nordicmart.andreevmaster.com\/da\/wp-json\/wp\/v2\/media?parent=27447"}],"wp:term":[{"taxonomy":"product_brand","embeddable":true,"href":"https:\/\/nordicmart.andreevmaster.com\/da\/wp-json\/wp\/v2\/product_brand?post=27447"},{"taxonomy":"product_cat","embeddable":true,"href":"https:\/\/nordicmart.andreevmaster.com\/da\/wp-json\/wp\/v2\/product_cat?post=27447"},{"taxonomy":"product_tag","embeddable":true,"href":"https:\/\/nordicmart.andreevmaster.com\/da\/wp-json\/wp\/v2\/product_tag?post=27447"}],"curies":[{"name":"wp","href":"https:\/\/api.w.org\/{rel}","templated":true}]}}