{"id":27446,"date":"2026-02-27T00:37:02","date_gmt":"2026-02-27T00:37:02","guid":{"rendered":"https:\/\/nordicmart.andreevmaster.com\/product\/smoby-xxl-gra-pedaltraktor-med-trailer\/"},"modified":"2026-02-27T09:15:34","modified_gmt":"2026-02-27T09:15:34","slug":"smoby-xxl-gra-pedaltraktor-med-trailer","status":"publish","type":"product","link":"https:\/\/nordicmart.andreevmaster.com\/da\/vare\/smoby-xxl-gra-pedaltraktor-med-trailer\/","title":{"rendered":"SMOBY XXL gr\u00e5 pedaltraktor med trailer"},"content":{"rendered":"<p>Den st\u00e6rke XXL gr\u00e5 pedaltraktor er en dr\u00f8m, der g\u00e5r i opfyldelse for mange sm\u00e5 traktorf\u00f8rere. Omhyggeligt fremstillet med opm\u00e6rksomhed p\u00e5 selv de mindste detaljer. Ingen rigtig landmand ville vende n\u00e6sen op ad den. <\/p>\n<p>Egenskaber: <\/p>\n<p>* &#8211; En sensationel gr\u00e5 traktor til b\u00f8rn.<br \/>\n* &#8211; Traktoren er udstyret med et justerbart, komfortabelt og velformet s\u00e6de.<br \/>\n* &#8211; Den har et indbygget k\u00e6detransmissionssystem.<br \/>\n* &#8211; S\u00e6ttet indeholder en rummelig, enkeltsporet trailer, der let kan afmonteres traktoren.* &#8211; Rattet er udstyret med en horn.<br \/>\n* &#8211; Solid konstruktion garanterer langvarig brug.<br \/>\n* &#8211; S\u00e6ttet er fremstillet i Frankrig.<br \/>\n* &#8211; Maksimal belastning: 50 kg.<br \/>\n* &#8211; S\u00e6t til selvmontering.<br \/>\nSmoby er det st\u00f8rste og mest popul\u00e6re leget\u00f8jsm\u00e6rke i Frankrig og en af de bedste leget\u00f8jsproducenter i verden. Dette brands omd\u00f8mme taler for sig selv, og bredden og mangfoldigheden i dets produktsortiment bekr\u00e6fter virksomhedens status. Smoby er kendt for at tilbyde alle former for leget\u00f8j, men man b\u00f8r v\u00e6re s\u00e6rlig opm\u00e6rksom p\u00e5 dets legehuse, haveleget\u00f8j og leget\u00f8j, man kan k\u00f8re p\u00e5.<\/p>\n","protected":false},"excerpt":{"rendered":"<p>Den st\u00e6rke XXL gr\u00e5 pedaltraktor er en dr\u00f8m, der g\u00e5r i opfyldelse for mange sm\u00e5 traktorf\u00f8rere. Omhyggeligt fremstillet med opm\u00e6rksomhed p\u00e5 selv de mindste detaljer. Ingen rigtig landmand ville vende n\u00e6sen op ad den. Egenskaber: * &#8211; En sensationel gr\u00e5 traktor til b\u00f8rn. * &#8211; Traktoren er udstyret med et justerbart, komfortabelt og velformet s\u00e6de. [&hellip;]<\/p>\n","protected":false},"featured_media":0,"comment_status":"open","ping_status":"closed","template":"","meta":[],"product_brand":[],"product_cat":[31],"product_tag":[],"class_list":{"0":"post-27446","1":"product","2":"type-product","3":"status-publish","5":"product_cat-uncategorized-da","7":"first","8":"instock","9":"shipping-taxable","10":"purchasable","11":"product-type-simple"},"_links":{"self":[{"href":"https:\/\/nordicmart.andreevmaster.com\/da\/wp-json\/wp\/v2\/product\/27446","targetHints":{"allow":["GET"]}}],"collection":[{"href":"https:\/\/nordicmart.andreevmaster.com\/da\/wp-json\/wp\/v2\/product"}],"about":[{"href":"https:\/\/nordicmart.andreevmaster.com\/da\/wp-json\/wp\/v2\/types\/product"}],"replies":[{"embeddable":true,"href":"https:\/\/nordicmart.andreevmaster.com\/da\/wp-json\/wp\/v2\/comments?post=27446"}],"wp:attachment":[{"href":"https:\/\/nordicmart.andreevmaster.com\/da\/wp-json\/wp\/v2\/media?parent=27446"}],"wp:term":[{"taxonomy":"product_brand","embeddable":true,"href":"https:\/\/nordicmart.andreevmaster.com\/da\/wp-json\/wp\/v2\/product_brand?post=27446"},{"taxonomy":"product_cat","embeddable":true,"href":"https:\/\/nordicmart.andreevmaster.com\/da\/wp-json\/wp\/v2\/product_cat?post=27446"},{"taxonomy":"product_tag","embeddable":true,"href":"https:\/\/nordicmart.andreevmaster.com\/da\/wp-json\/wp\/v2\/product_tag?post=27446"}],"curies":[{"name":"wp","href":"https:\/\/api.w.org\/{rel}","templated":true}]}}