{"id":27445,"date":"2026-02-27T00:37:02","date_gmt":"2026-02-27T00:37:02","guid":{"rendered":"https:\/\/nordicmart.andreevmaster.com\/product\/rolly-toys-rollyfarmtrac-john-deere-7930-pedaltraktor-med-skovl\/"},"modified":"2026-02-27T09:15:34","modified_gmt":"2026-02-27T09:15:34","slug":"rolly-toys-rollyfarmtrac-john-deere-7930-pedaltraktor-med-skovl","status":"publish","type":"product","link":"https:\/\/nordicmart.andreevmaster.com\/da\/vare\/rolly-toys-rollyfarmtrac-john-deere-7930-pedaltraktor-med-skovl\/","title":{"rendered":"Rolly Toys rollyFarmtrac John Deere 7930 pedaltraktor med skovl"},"content":{"rendered":"<p>Den John Deere-licenserede rollyFarmtrac 7930 traktor er en dr\u00f8m, der g\u00e5r i opfyldelse for mange sm\u00e5 traktorf\u00f8rere. En af de bedste b\u00f8rnetraktorer p\u00e5 markedet!  Omhyggeligt fremstillet med opm\u00e6rksomhed p\u00e5 selv de mindste detaljer. Traktoren er nem at holde ren, hvilket g\u00f8r den ideel til brug b\u00e5de inde og ude. Takket v\u00e6re det udtr\u00e6kkelige s\u00e6de vokser k\u00f8ret\u00f8jet med dit barn. Traktorens design garanterer fuldst\u00e6ndig sikkerhed under leg takket v\u00e6re et indbygget mekanisk system, der beskytter dit barn mod utilsigtede skader. Motorhjelmen kan \u00e5bnes og afsl\u00f8rer et funktionelt opbevaringsrum, hvor dit barn kan gemme sm\u00e5 genstande, der er n\u00f8dvendige for legen. Gravemaskineb\u00e6geret er aftageligt, hvilket giver mulighed for en r\u00e6kke forskellige legescenarier. Takket v\u00e6re de st\u00f8jsvage hjul kan dit barn lege derhjemme uden at generere ubehagelig st\u00f8j. <\/p>\n<p>FUNKTIONER:<\/p>\n<p>* &#8211; Leget\u00f8j til b\u00f8rn fra 3 \u00e5r<br \/>\n* &#8211; Justerbar s\u00e6deposition \u2013 leget\u00f8jet vokser med dit barn<br \/>\n* &#8211; Aftagelig gravemaskineskovl<br \/>\n* &#8211; K\u00e6detransmissionsmekanisme med pedaler g\u00f8r traktoren nem for b\u00f8rn at betjene<br \/>\n* &#8211; Det mekaniske system er lukket og utilg\u00e6ngeligt for b\u00f8rn<br \/>\n* &#8211; Motorhjelm, der kan \u00e5bnes<br \/>\n* &#8211; Gummib\u00e5nd p\u00e5 hjulene &#8211; sikrer, at traktoren ikke genererer meget st\u00f8j<br \/>\n* &#8211; Styret foraksel<\/p>\n","protected":false},"excerpt":{"rendered":"<p>Den John Deere-licenserede rollyFarmtrac 7930 traktor er en dr\u00f8m, der g\u00e5r i opfyldelse for mange sm\u00e5 traktorf\u00f8rere. En af de bedste b\u00f8rnetraktorer p\u00e5 markedet! Omhyggeligt fremstillet med opm\u00e6rksomhed p\u00e5 selv de mindste detaljer. Traktoren er nem at holde ren, hvilket g\u00f8r den ideel til brug b\u00e5de inde og ude. Takket v\u00e6re det udtr\u00e6kkelige s\u00e6de vokser [&hellip;]<\/p>\n","protected":false},"featured_media":0,"comment_status":"open","ping_status":"closed","template":"","meta":[],"product_brand":[],"product_cat":[31],"product_tag":[],"class_list":{"0":"post-27445","1":"product","2":"type-product","3":"status-publish","5":"product_cat-uncategorized-da","7":"first","8":"instock","9":"shipping-taxable","10":"purchasable","11":"product-type-simple"},"_links":{"self":[{"href":"https:\/\/nordicmart.andreevmaster.com\/da\/wp-json\/wp\/v2\/product\/27445","targetHints":{"allow":["GET"]}}],"collection":[{"href":"https:\/\/nordicmart.andreevmaster.com\/da\/wp-json\/wp\/v2\/product"}],"about":[{"href":"https:\/\/nordicmart.andreevmaster.com\/da\/wp-json\/wp\/v2\/types\/product"}],"replies":[{"embeddable":true,"href":"https:\/\/nordicmart.andreevmaster.com\/da\/wp-json\/wp\/v2\/comments?post=27445"}],"wp:attachment":[{"href":"https:\/\/nordicmart.andreevmaster.com\/da\/wp-json\/wp\/v2\/media?parent=27445"}],"wp:term":[{"taxonomy":"product_brand","embeddable":true,"href":"https:\/\/nordicmart.andreevmaster.com\/da\/wp-json\/wp\/v2\/product_brand?post=27445"},{"taxonomy":"product_cat","embeddable":true,"href":"https:\/\/nordicmart.andreevmaster.com\/da\/wp-json\/wp\/v2\/product_cat?post=27445"},{"taxonomy":"product_tag","embeddable":true,"href":"https:\/\/nordicmart.andreevmaster.com\/da\/wp-json\/wp\/v2\/product_tag?post=27445"}],"curies":[{"name":"wp","href":"https:\/\/api.w.org\/{rel}","templated":true}]}}