{"id":27444,"date":"2026-02-27T00:37:01","date_gmt":"2026-02-27T00:37:01","guid":{"rendered":"https:\/\/nordicmart.andreevmaster.com\/product\/step2-skrivebord-med-stol-deluxe-educational-art-corner\/"},"modified":"2026-02-27T09:15:33","modified_gmt":"2026-02-27T09:15:33","slug":"step2-skrivebord-med-stol-deluxe-educational-art-corner","status":"publish","type":"product","link":"https:\/\/nordicmart.andreevmaster.com\/da\/vare\/step2-skrivebord-med-stol-deluxe-educational-art-corner\/","title":{"rendered":"STEP2 Skrivebord med stol Deluxe Educational Art Corner"},"content":{"rendered":"<p>Deluxe Art Master Desk \u2013 et kreativt rum for sm\u00e5 kunstnere!<\/p>\n<p>Deluxe Art Master Desk fra Step2 er det perfekte sted for kreativ leg og l\u00e6ring! Dette farverige, funktionelle s\u00e6t med skrivebord og stol vil stimulere dit barns fantasi og hj\u00e6lpe med at udvikle dets manuelle f\u00e6rdigheder. Et fremragende valg til et b\u00f8rnev\u00e6relse eller legehj\u00f8rne.<\/p>\n<p>Funktioner:<\/p>\n<p>* &#8211; Stor arbejdsflade med indbyggede rum til forsyninger<br \/>\n* &#8211; Tavle, der kan t\u00f8rres af, med \u00e5bningsfunktion \u2013 nem at reng\u00f8re, med plads til ekstra tilbeh\u00f8r<br \/>\n* &#8211; H\u00e6vet hylde og beholdere til opbevaring af kunstforsyninger<br \/>\n* &#8211; Lodrette rum til b\u00f8ger og tablets<br \/>\n* &#8211; Lampe med trykknap (kr\u00e6ver 3 AAA-batterier \u2013 medf\u00f8lger ikke)<br \/>\n* &#8211; En robust stol medf\u00f8lger<br \/>\n* &#8211; Maksimal stolbelastning: 34,1 kg<br \/>\n* &#8211; M\u00e5l: 51,4 x 90,2 x 79,4 cm<br \/>\n* &#8211; Materiale: holdbar rotationsst\u00f8bt plast<br \/>\n* &#8211; Skal samles selv<br \/>\n* &#8211; CE- og EN 71-certificeret<\/p>\n<p>Indhold i s\u00e6ttet:<\/p>\n<p>* &#8211; Skrivebord med tavle, der kan t\u00f8rres af<br \/>\n* &#8211; Stol<br \/>\n* &#8211; Hylder og opbevaringsbeholdere<br \/>\n* &#8211; Indbygget lampe (batterier medf\u00f8lger ikke)<\/p>\n<p>Leget\u00f8jet udvikler:<\/p>\n<p>* &#8211; Manuelle f\u00e6rdigheder og finmotorik<br \/>\n* &#8211; Kreativitet og fantasi<br \/>\n* &#8211; Organisering og uafh\u00e6ngighed under leg<\/p>\n<p>Tilbeh\u00f8r s\u00e5som maling og tuschpenne er ikke inkluderet i s\u00e6ttet.<\/p>\n","protected":false},"excerpt":{"rendered":"<p>Deluxe Art Master Desk \u2013 et kreativt rum for sm\u00e5 kunstnere! Deluxe Art Master Desk fra Step2 er det perfekte sted for kreativ leg og l\u00e6ring! Dette farverige, funktionelle s\u00e6t med skrivebord og stol vil stimulere dit barns fantasi og hj\u00e6lpe med at udvikle dets manuelle f\u00e6rdigheder. Et fremragende valg til et b\u00f8rnev\u00e6relse eller legehj\u00f8rne. [&hellip;]<\/p>\n","protected":false},"featured_media":0,"comment_status":"open","ping_status":"closed","template":"","meta":[],"product_brand":[],"product_cat":[31],"product_tag":[],"class_list":{"0":"post-27444","1":"product","2":"type-product","3":"status-publish","5":"product_cat-uncategorized-da","7":"first","8":"instock","9":"shipping-taxable","10":"purchasable","11":"product-type-simple"},"_links":{"self":[{"href":"https:\/\/nordicmart.andreevmaster.com\/da\/wp-json\/wp\/v2\/product\/27444","targetHints":{"allow":["GET"]}}],"collection":[{"href":"https:\/\/nordicmart.andreevmaster.com\/da\/wp-json\/wp\/v2\/product"}],"about":[{"href":"https:\/\/nordicmart.andreevmaster.com\/da\/wp-json\/wp\/v2\/types\/product"}],"replies":[{"embeddable":true,"href":"https:\/\/nordicmart.andreevmaster.com\/da\/wp-json\/wp\/v2\/comments?post=27444"}],"wp:attachment":[{"href":"https:\/\/nordicmart.andreevmaster.com\/da\/wp-json\/wp\/v2\/media?parent=27444"}],"wp:term":[{"taxonomy":"product_brand","embeddable":true,"href":"https:\/\/nordicmart.andreevmaster.com\/da\/wp-json\/wp\/v2\/product_brand?post=27444"},{"taxonomy":"product_cat","embeddable":true,"href":"https:\/\/nordicmart.andreevmaster.com\/da\/wp-json\/wp\/v2\/product_cat?post=27444"},{"taxonomy":"product_tag","embeddable":true,"href":"https:\/\/nordicmart.andreevmaster.com\/da\/wp-json\/wp\/v2\/product_tag?post=27444"}],"curies":[{"name":"wp","href":"https:\/\/api.w.org\/{rel}","templated":true}]}}