{"id":27443,"date":"2026-02-27T00:37:01","date_gmt":"2026-02-27T00:37:01","guid":{"rendered":"https:\/\/nordicmart.andreevmaster.com\/product\/rolly-toys-john-deere-farmtrac-pedaltraktor-3-8-ar\/"},"modified":"2026-02-27T09:15:33","modified_gmt":"2026-02-27T09:15:33","slug":"rolly-toys-john-deere-farmtrac-pedaltraktor-3-8-ar","status":"publish","type":"product","link":"https:\/\/nordicmart.andreevmaster.com\/da\/vare\/rolly-toys-john-deere-farmtrac-pedaltraktor-3-8-ar\/","title":{"rendered":"Rolly Toys John Deere FarmTrac pedaltraktor 3-8 \u00e5r"},"content":{"rendered":"<p>Rolly Farmtrac pedaltraktor fra Rolly Toys er ikke kun holdbar, men ogs\u00e5 nem at holde ren, hvilket g\u00f8r den til den perfekte ledsager til leg b\u00e5de ude og inde.  Traktoren er nem at holde ren, hvilket g\u00f8r den ideel til b\u00e5de indend\u00f8rs og udend\u00f8rs brug. Takket v\u00e6re det udtr\u00e6kkelige s\u00e6de vokser k\u00f8ret\u00f8jet med dit barn. Traktorens design garanterer fuldst\u00e6ndig sikkerhed under leg takket v\u00e6re det indbyggede mekaniske system, der beskytter dit barn mod utilsigtede skader. Motorhjelmen kan \u00e5bnes, og takket v\u00e6re de st\u00f8jsvage hjul kan dit barn lege derhjemme uden at generere ubehagelig st\u00f8j.<\/p>\n<p>FUNKTIONER:<\/p>\n<p>&#8211; Leget\u00f8j til b\u00f8rn fra 3 \u00e5r &#8211; Justerbar s\u00e6deposition \u2013 leget\u00f8jet vokser med dit barn &#8211; Takket v\u00e6re k\u00e6detransmissionsmekanismen kan selv et lille barn k\u00f8re det. &#8211; Det mekaniske system er indbygget og utilg\u00e6ngeligt for barnet &#8211; Gummib\u00e5nd p\u00e5 hjulene &#8211; sikrer, at traktoren ikke genererer meget st\u00f8j<\/p>\n","protected":false},"excerpt":{"rendered":"<p>Rolly Farmtrac pedaltraktor fra Rolly Toys er ikke kun holdbar, men ogs\u00e5 nem at holde ren, hvilket g\u00f8r den til den perfekte ledsager til leg b\u00e5de ude og inde. Traktoren er nem at holde ren, hvilket g\u00f8r den ideel til b\u00e5de indend\u00f8rs og udend\u00f8rs brug. Takket v\u00e6re det udtr\u00e6kkelige s\u00e6de vokser k\u00f8ret\u00f8jet med dit barn. [&hellip;]<\/p>\n","protected":false},"featured_media":0,"comment_status":"open","ping_status":"closed","template":"","meta":[],"product_brand":[],"product_cat":[31],"product_tag":[],"class_list":{"0":"post-27443","1":"product","2":"type-product","3":"status-publish","5":"product_cat-uncategorized-da","7":"first","8":"instock","9":"shipping-taxable","10":"purchasable","11":"product-type-simple"},"_links":{"self":[{"href":"https:\/\/nordicmart.andreevmaster.com\/da\/wp-json\/wp\/v2\/product\/27443","targetHints":{"allow":["GET"]}}],"collection":[{"href":"https:\/\/nordicmart.andreevmaster.com\/da\/wp-json\/wp\/v2\/product"}],"about":[{"href":"https:\/\/nordicmart.andreevmaster.com\/da\/wp-json\/wp\/v2\/types\/product"}],"replies":[{"embeddable":true,"href":"https:\/\/nordicmart.andreevmaster.com\/da\/wp-json\/wp\/v2\/comments?post=27443"}],"wp:attachment":[{"href":"https:\/\/nordicmart.andreevmaster.com\/da\/wp-json\/wp\/v2\/media?parent=27443"}],"wp:term":[{"taxonomy":"product_brand","embeddable":true,"href":"https:\/\/nordicmart.andreevmaster.com\/da\/wp-json\/wp\/v2\/product_brand?post=27443"},{"taxonomy":"product_cat","embeddable":true,"href":"https:\/\/nordicmart.andreevmaster.com\/da\/wp-json\/wp\/v2\/product_cat?post=27443"},{"taxonomy":"product_tag","embeddable":true,"href":"https:\/\/nordicmart.andreevmaster.com\/da\/wp-json\/wp\/v2\/product_tag?post=27443"}],"curies":[{"name":"wp","href":"https:\/\/api.w.org\/{rel}","templated":true}]}}