{"id":27442,"date":"2026-02-27T00:37:01","date_gmt":"2026-02-27T00:37:01","guid":{"rendered":"https:\/\/nordicmart.andreevmaster.com\/product\/falk-brandbil-til-at-kore-pa-med-horn-fra-1-ar\/"},"modified":"2026-02-27T09:15:33","modified_gmt":"2026-02-27T09:15:33","slug":"falk-brandbil-til-at-kore-pa-med-horn-fra-1-ar","status":"publish","type":"product","link":"https:\/\/nordicmart.andreevmaster.com\/da\/vare\/falk-brandbil-til-at-kore-pa-med-horn-fra-1-ar\/","title":{"rendered":"FALK Brandbil til at k\u00f8re p\u00e5 med horn, fra 1 \u00e5r"},"content":{"rendered":"<p>Klar til action? Brandmandens brandbil er det perfekte f\u00f8rste k\u00f8ret\u00f8j til alle sm\u00e5 helte! Dette unikke legek\u00f8ret\u00f8j er designet med sikkerhed, sjov og udvikling for \u00f8je til b\u00f8rn fra 12 m\u00e5neder og opefter. Det er udstyret med et ergonomisk rat med horn, s\u00e5 dit barn nemt kan man\u00f8vrere og udvikle sin koordination og motorik. Det er ikke bare sjov \u2013 det er rigtig fitness-tr\u00e6ning! Under det komfortable s\u00e6de er der et praktisk opbevaringsrum, hvor din lille brandmand kan opbevare sine skatte, leget\u00f8j eller redningsudstyr. En ekstra attraktion er den bev\u00e6gelige h\u00e5ndtag, der introducerer barnet til verden af \u00e6gte redningssimuleringer og stimulerer dets fantasi og kreativitet. Personalisering? Absolut! Takket v\u00e6re nummerpladen kan for\u00e6ldre eller b\u00f8rn give k\u00f8ret\u00f8jet deres eget navn \u2013 det er en fantastisk mulighed for at g\u00f8re bilen helt unik.<\/p>\n<p>Funktioner:<\/p>\n<p>* &#8211; Fra 12 m\u00e5neder<br \/>\n* &#8211; Maksimal belastning 25 kg<br \/>\n* &#8211; Komfortabelt styr med horn<br \/>\n* &#8211; Ergonomisk s\u00e6de<br \/>\n* &#8211; Let at man\u00f8vrere<br \/>\n* &#8211; Opbevaringsrum under s\u00e6det<br \/>\n* &#8211; Enkel samling<\/p>\n<p>Leget\u00f8jet udvikler:<\/p>\n<p>* &#8211; Grovmotorik og fysisk kondition<br \/>\n* &#8211; Motorisk koordination og balance<br \/>\n* &#8211; Fantasi og kreativitet<br \/>\n* &#8211; Selvtillid<\/p>\n","protected":false},"excerpt":{"rendered":"<p>Klar til action? Brandmandens brandbil er det perfekte f\u00f8rste k\u00f8ret\u00f8j til alle sm\u00e5 helte! Dette unikke legek\u00f8ret\u00f8j er designet med sikkerhed, sjov og udvikling for \u00f8je til b\u00f8rn fra 12 m\u00e5neder og opefter. Det er udstyret med et ergonomisk rat med horn, s\u00e5 dit barn nemt kan man\u00f8vrere og udvikle sin koordination og motorik. Det [&hellip;]<\/p>\n","protected":false},"featured_media":0,"comment_status":"open","ping_status":"closed","template":"","meta":[],"product_brand":[],"product_cat":[31],"product_tag":[],"class_list":{"0":"post-27442","1":"product","2":"type-product","3":"status-publish","5":"product_cat-uncategorized-da","7":"first","8":"instock","9":"shipping-taxable","10":"purchasable","11":"product-type-simple"},"_links":{"self":[{"href":"https:\/\/nordicmart.andreevmaster.com\/da\/wp-json\/wp\/v2\/product\/27442","targetHints":{"allow":["GET"]}}],"collection":[{"href":"https:\/\/nordicmart.andreevmaster.com\/da\/wp-json\/wp\/v2\/product"}],"about":[{"href":"https:\/\/nordicmart.andreevmaster.com\/da\/wp-json\/wp\/v2\/types\/product"}],"replies":[{"embeddable":true,"href":"https:\/\/nordicmart.andreevmaster.com\/da\/wp-json\/wp\/v2\/comments?post=27442"}],"wp:attachment":[{"href":"https:\/\/nordicmart.andreevmaster.com\/da\/wp-json\/wp\/v2\/media?parent=27442"}],"wp:term":[{"taxonomy":"product_brand","embeddable":true,"href":"https:\/\/nordicmart.andreevmaster.com\/da\/wp-json\/wp\/v2\/product_brand?post=27442"},{"taxonomy":"product_cat","embeddable":true,"href":"https:\/\/nordicmart.andreevmaster.com\/da\/wp-json\/wp\/v2\/product_cat?post=27442"},{"taxonomy":"product_tag","embeddable":true,"href":"https:\/\/nordicmart.andreevmaster.com\/da\/wp-json\/wp\/v2\/product_tag?post=27442"}],"curies":[{"name":"wp","href":"https:\/\/api.w.org\/{rel}","templated":true}]}}