{"id":27441,"date":"2026-02-27T00:37:01","date_gmt":"2026-02-27T00:37:01","guid":{"rendered":"https:\/\/nordicmart.andreevmaster.com\/product\/rollyx-trac-premium-john-deere-pedaltraktor-med-skovl-og-stojsvage-hjul-3-10-ar-op-til-50-kg-rolly-toys-gron\/"},"modified":"2026-02-27T09:15:33","modified_gmt":"2026-02-27T09:15:33","slug":"rollyx-trac-premium-john-deere-pedaltraktor-med-skovl-og-stojsvage-hjul-3-10-ar-op-til-50-kg-rolly-toys-gron","status":"publish","type":"product","link":"https:\/\/nordicmart.andreevmaster.com\/da\/vare\/rollyx-trac-premium-john-deere-pedaltraktor-med-skovl-og-stojsvage-hjul-3-10-ar-op-til-50-kg-rolly-toys-gron\/","title":{"rendered":"RollyX-Trac Premium John Deere pedaltraktor med skovl og st\u00f8jsvage hjul 3-10 \u00e5r op til 50 kg Rolly Toys &#8211; Gr\u00f8n"},"content":{"rendered":"<p>RollyX-Trac Premium John Deere pedaltraktor er en dr\u00f8m, der g\u00e5r i opfyldelse for mange sm\u00e5 traktorf\u00f8rere. Omhyggeligt fremstillet med opm\u00e6rksomhed p\u00e5 selv de mindste detaljer. Traktoren er nem at holde ren, hvilket g\u00f8r den ideel til brug b\u00e5de inde og ude. Takket v\u00e6re det udtr\u00e6kkelige s\u00e6de vokser k\u00f8ret\u00f8jet med dit barn. Traktorens design garanterer fuldst\u00e6ndig sikkerhed under leg takket v\u00e6re et indbygget mekanisk system, der beskytter dit barn mod utilsigtede skader. Motorhjelmen kan \u00e5bnes, og gravemaskineb\u00e6geret kan afmonteres, hvilket giver mulighed for en r\u00e6kke forskellige legescenarier. Takket v\u00e6re de st\u00f8jsvage hjul kan dit barn lege derhjemme uden at generere ubehagelig st\u00f8j. Derudover har traktoren et justerbart s\u00e6de, s\u00e5 du kan tilpasse det til dit barns h\u00f8jde.<br \/>\nFUNKTIONER: &#8211; Leget\u00f8j til b\u00f8rn fra 3 \u00e5r &#8211; L\u00f8ftbar frontmotorhjelm &#8211; Gummib\u00e5nd p\u00e5 hjulene &#8211; sikrer, at traktoren ikke genererer meget st\u00f8j &#8211; Justerbar s\u00e6deposition &#8211; leget\u00f8jet vokser med barnet &#8211; Bev\u00e6gelig, aftagelig frontskovl &#8211; Det mekaniske system er indbygget og utilg\u00e6ngeligt for barnet<\/p>\n","protected":false},"excerpt":{"rendered":"<p>RollyX-Trac Premium John Deere pedaltraktor er en dr\u00f8m, der g\u00e5r i opfyldelse for mange sm\u00e5 traktorf\u00f8rere. Omhyggeligt fremstillet med opm\u00e6rksomhed p\u00e5 selv de mindste detaljer. Traktoren er nem at holde ren, hvilket g\u00f8r den ideel til brug b\u00e5de inde og ude. Takket v\u00e6re det udtr\u00e6kkelige s\u00e6de vokser k\u00f8ret\u00f8jet med dit barn. Traktorens design garanterer fuldst\u00e6ndig [&hellip;]<\/p>\n","protected":false},"featured_media":0,"comment_status":"open","ping_status":"closed","template":"","meta":[],"product_brand":[],"product_cat":[31],"product_tag":[],"class_list":{"0":"post-27441","1":"product","2":"type-product","3":"status-publish","5":"product_cat-uncategorized-da","7":"first","8":"instock","9":"shipping-taxable","10":"purchasable","11":"product-type-simple"},"_links":{"self":[{"href":"https:\/\/nordicmart.andreevmaster.com\/da\/wp-json\/wp\/v2\/product\/27441","targetHints":{"allow":["GET"]}}],"collection":[{"href":"https:\/\/nordicmart.andreevmaster.com\/da\/wp-json\/wp\/v2\/product"}],"about":[{"href":"https:\/\/nordicmart.andreevmaster.com\/da\/wp-json\/wp\/v2\/types\/product"}],"replies":[{"embeddable":true,"href":"https:\/\/nordicmart.andreevmaster.com\/da\/wp-json\/wp\/v2\/comments?post=27441"}],"wp:attachment":[{"href":"https:\/\/nordicmart.andreevmaster.com\/da\/wp-json\/wp\/v2\/media?parent=27441"}],"wp:term":[{"taxonomy":"product_brand","embeddable":true,"href":"https:\/\/nordicmart.andreevmaster.com\/da\/wp-json\/wp\/v2\/product_brand?post=27441"},{"taxonomy":"product_cat","embeddable":true,"href":"https:\/\/nordicmart.andreevmaster.com\/da\/wp-json\/wp\/v2\/product_cat?post=27441"},{"taxonomy":"product_tag","embeddable":true,"href":"https:\/\/nordicmart.andreevmaster.com\/da\/wp-json\/wp\/v2\/product_tag?post=27441"}],"curies":[{"name":"wp","href":"https:\/\/api.w.org\/{rel}","templated":true}]}}