{"id":27440,"date":"2026-02-27T00:37:00","date_gmt":"2026-02-27T00:37:00","guid":{"rendered":"https:\/\/nordicmart.andreevmaster.com\/product\/little-tikes-stor-sandkasse-i-form-af-en-traestamme-med-lag\/"},"modified":"2026-02-27T09:15:33","modified_gmt":"2026-02-27T09:15:33","slug":"little-tikes-stor-sandkasse-i-form-af-en-traestamme-med-lag","status":"publish","type":"product","link":"https:\/\/nordicmart.andreevmaster.com\/da\/vare\/little-tikes-stor-sandkasse-i-form-af-en-traestamme-med-lag\/","title":{"rendered":"Little Tikes stor sandkasse i form af en tr\u00e6stamme med l\u00e5g"},"content":{"rendered":"<p>Den store sandkasse i form af en tr\u00e6stamme med l\u00e5g til b\u00f8rn fra Little Tikes er en sandkasse, der ogs\u00e5 kan bruges indend\u00f8rs som en t\u00f8r boldpool eller som en stor opbevaringsbeholder til leget\u00f8j. Denne smukke sandkasse er en fantastisk tilf\u00f8jelse til din legeplads derhjemme.<\/p>\n<p>Egenskaber:<\/p>\n<p>* &#8211; den ligner stammen af et k\u00e6mpe tr\u00e6,<br \/>\n* &#8211; der er tre siddepladser p\u00e5 kanten, s\u00e5 det er nemt at lege,<br \/>\n* &#8211; dyrepoter og blade pr\u00e6get p\u00e5 bunden opmuntrer til at grave og udforske,* &#8211; det konvekse l\u00e5g beskytter stubben mod snavs, letter afl\u00f8b af regnvand og g\u00f8r det muligt at opbevare leget\u00f8j indeni,* &#8211; den kan rumme 90 kg sand. Leget\u00f8jet udvikler:* &#8211; fantasi,* &#8211; kreativitet,* &#8211; manuelle f\u00e6rdigheder hos b\u00f8rn.<\/p>\n<p>Little Tikes tilbyder kreative l\u00f8sninger og holdbarhed, der giver b\u00f8rn mulighed for at nyde legen i mange \u00e5r. Derfor er et af virksomhedens flagskibsprodukter Cozy Coupe\u00ae-k\u00f8ret\u00f8jet, som har gl\u00e6det b\u00f8rn i over tredive \u00e5r. Det omfatter ogs\u00e5 leget\u00f8j fra f\u00f8lgende kategorier: legehuse, husholdningsartikler, gynger og legepladser, gyngestole og g\u00e5vogne, m\u00f8bler, haveleget\u00f8j, b\u00f8rnek\u00f8ret\u00f8jer, rutsjebaner og klatrestativer.<\/p>\n","protected":false},"excerpt":{"rendered":"<p>Den store sandkasse i form af en tr\u00e6stamme med l\u00e5g til b\u00f8rn fra Little Tikes er en sandkasse, der ogs\u00e5 kan bruges indend\u00f8rs som en t\u00f8r boldpool eller som en stor opbevaringsbeholder til leget\u00f8j. Denne smukke sandkasse er en fantastisk tilf\u00f8jelse til din legeplads derhjemme. Egenskaber: * &#8211; den ligner stammen af et k\u00e6mpe tr\u00e6, [&hellip;]<\/p>\n","protected":false},"featured_media":0,"comment_status":"open","ping_status":"closed","template":"","meta":[],"product_brand":[],"product_cat":[31],"product_tag":[],"class_list":{"0":"post-27440","1":"product","2":"type-product","3":"status-publish","5":"product_cat-uncategorized-da","7":"first","8":"instock","9":"shipping-taxable","10":"purchasable","11":"product-type-simple"},"_links":{"self":[{"href":"https:\/\/nordicmart.andreevmaster.com\/da\/wp-json\/wp\/v2\/product\/27440","targetHints":{"allow":["GET"]}}],"collection":[{"href":"https:\/\/nordicmart.andreevmaster.com\/da\/wp-json\/wp\/v2\/product"}],"about":[{"href":"https:\/\/nordicmart.andreevmaster.com\/da\/wp-json\/wp\/v2\/types\/product"}],"replies":[{"embeddable":true,"href":"https:\/\/nordicmart.andreevmaster.com\/da\/wp-json\/wp\/v2\/comments?post=27440"}],"wp:attachment":[{"href":"https:\/\/nordicmart.andreevmaster.com\/da\/wp-json\/wp\/v2\/media?parent=27440"}],"wp:term":[{"taxonomy":"product_brand","embeddable":true,"href":"https:\/\/nordicmart.andreevmaster.com\/da\/wp-json\/wp\/v2\/product_brand?post=27440"},{"taxonomy":"product_cat","embeddable":true,"href":"https:\/\/nordicmart.andreevmaster.com\/da\/wp-json\/wp\/v2\/product_cat?post=27440"},{"taxonomy":"product_tag","embeddable":true,"href":"https:\/\/nordicmart.andreevmaster.com\/da\/wp-json\/wp\/v2\/product_tag?post=27440"}],"curies":[{"name":"wp","href":"https:\/\/api.w.org\/{rel}","templated":true}]}}