{"id":27439,"date":"2026-02-27T00:37:00","date_gmt":"2026-02-27T00:37:00","guid":{"rendered":"https:\/\/nordicmart.andreevmaster.com\/product\/little-tikes-turtle-sandkasse-legetojskasse-med-lag\/"},"modified":"2026-02-27T09:15:32","modified_gmt":"2026-02-27T09:15:32","slug":"little-tikes-turtle-sandkasse-legetojskasse-med-lag","status":"publish","type":"product","link":"https:\/\/nordicmart.andreevmaster.com\/da\/vare\/little-tikes-turtle-sandkasse-legetojskasse-med-lag\/","title":{"rendered":"LITTLE TIKES Turtle Sandkasse Leget\u00f8jskasse med l\u00e5g"},"content":{"rendered":"<p>Turtle Sandkasse med l\u00e5g designet af den kendte leget\u00f8jsproducent Little Tikes. At bygge slotte, lave sandkager eller bare h\u00e6lde sand fra et sted til et andet \u2013 de sm\u00e5 keder sig aldrig i sandkassen. Turtle Sandkasse er det perfekte supplement til din legeplads derhjemme.<\/p>\n<p>Funktioner:<\/p>\n<p>* &#8211; fjern l\u00e5get (skildpaddeskallen), n\u00e5r der leges i sandet; efter legetiden beskytter det sandet mod dyr og nedb\u00f8r<br \/>\n* &#8211; to s\u00e6der i form af skildpaddeben giver komfort, n\u00e5r der bygges sandslotte,<br \/>\n* &#8211; dette sikre leget\u00f8j kan bruges som en 2-i-1 sandkasse eller pool p\u00e5 varme dage,* &#8211; sandkassen er lavet af holdbart og farvefast plast,<br \/>\n* &#8211; sandkassen har ingen skarpe kanter, hvilket sikrer sikker og behagelig leg for dit barn,<br \/>\n* &#8211; rummer op til 70 kg sand (sand medf\u00f8lger ikke),<br \/>\n* &#8211; Den kan ogs\u00e5 bruges til indend\u00f8rs leg som en t\u00f8r boldpool eller som en stor opbevaringsbeholder til leget\u00f8j.<\/p>\n<p>Little Tikes tilbyder kreative l\u00f8sninger og holdbarhed, der giver b\u00f8rn mulighed for at nyde legen i mange \u00e5r. Derfor er et af virksomhedens flagskibsprodukter Cozy Coupe\u00ae-k\u00f8ret\u00f8jet, som har gl\u00e6det b\u00f8rn i over tredive \u00e5r. Det omfatter ogs\u00e5 leget\u00f8j fra f\u00f8lgende kategorier: legehuse, husholdningsartikler, gynger og legepladser, gyngestole og g\u00e5vogne, m\u00f8bler, haveleget\u00f8j, b\u00f8rnek\u00f8ret\u00f8jer, rutsjebaner og klatrestativer.<\/p>\n","protected":false},"excerpt":{"rendered":"<p>Turtle Sandkasse med l\u00e5g designet af den kendte leget\u00f8jsproducent Little Tikes. At bygge slotte, lave sandkager eller bare h\u00e6lde sand fra et sted til et andet \u2013 de sm\u00e5 keder sig aldrig i sandkassen. Turtle Sandkasse er det perfekte supplement til din legeplads derhjemme. Funktioner: * &#8211; fjern l\u00e5get (skildpaddeskallen), n\u00e5r der leges i sandet; [&hellip;]<\/p>\n","protected":false},"featured_media":0,"comment_status":"open","ping_status":"closed","template":"","meta":[],"product_brand":[],"product_cat":[31],"product_tag":[],"class_list":{"0":"post-27439","1":"product","2":"type-product","3":"status-publish","5":"product_cat-uncategorized-da","7":"first","8":"instock","9":"shipping-taxable","10":"purchasable","11":"product-type-simple"},"_links":{"self":[{"href":"https:\/\/nordicmart.andreevmaster.com\/da\/wp-json\/wp\/v2\/product\/27439","targetHints":{"allow":["GET"]}}],"collection":[{"href":"https:\/\/nordicmart.andreevmaster.com\/da\/wp-json\/wp\/v2\/product"}],"about":[{"href":"https:\/\/nordicmart.andreevmaster.com\/da\/wp-json\/wp\/v2\/types\/product"}],"replies":[{"embeddable":true,"href":"https:\/\/nordicmart.andreevmaster.com\/da\/wp-json\/wp\/v2\/comments?post=27439"}],"wp:attachment":[{"href":"https:\/\/nordicmart.andreevmaster.com\/da\/wp-json\/wp\/v2\/media?parent=27439"}],"wp:term":[{"taxonomy":"product_brand","embeddable":true,"href":"https:\/\/nordicmart.andreevmaster.com\/da\/wp-json\/wp\/v2\/product_brand?post=27439"},{"taxonomy":"product_cat","embeddable":true,"href":"https:\/\/nordicmart.andreevmaster.com\/da\/wp-json\/wp\/v2\/product_cat?post=27439"},{"taxonomy":"product_tag","embeddable":true,"href":"https:\/\/nordicmart.andreevmaster.com\/da\/wp-json\/wp\/v2\/product_tag?post=27439"}],"curies":[{"name":"wp","href":"https:\/\/api.w.org\/{rel}","templated":true}]}}