{"id":27438,"date":"2026-02-27T00:37:00","date_gmt":"2026-02-27T00:37:00","guid":{"rendered":"https:\/\/nordicmart.andreevmaster.com\/product\/little-tikes-cozy-truck-ride-on-pickup-truck-2\/"},"modified":"2026-02-27T09:15:32","modified_gmt":"2026-02-27T09:15:32","slug":"little-tikes-cozy-truck-ride-on-pickup-truck-2","status":"publish","type":"product","link":"https:\/\/nordicmart.andreevmaster.com\/da\/vare\/little-tikes-cozy-truck-ride-on-pickup-truck-2\/","title":{"rendered":"Little Tikes Cozy Truck Ride-On Pickup Truck"},"content":{"rendered":"<p>Little Tikes sort og gul Cozy Truck Pickup<\/p>\n<p>Den perfekte gave til enhver lejlighed til en lille chauff\u00f8r. Ideel til sm\u00e5b\u00f8rn og b\u00f8rnehaveb\u00f8rn! Fronten af bilen har et muntert smilende ansigt. K\u00f8ret\u00f8jet har en h\u00f8j rygl\u00e6n og en d\u00f8r, der kan \u00e5bnes p\u00e5 den ene side, hvilket g\u00f8r det lettere at komme ind. Opbevaringsrummet bagp\u00e5 med en nedf\u00e6ldelig bagklap giver dig mulighed for at tage dit yndlingsleget\u00f8j med! Ligesom i en rigtig pickup. Derudover giver det aftagelige gulv mulighed for at transportere yngre b\u00f8rn, og h\u00e5ndtaget bag p\u00e5 k\u00f8ret\u00f8jet g\u00f8r det nemmere at k\u00f8re! Kontrolpanelet indeholder et rat med en horn, der afgiver en karakteristisk lyd. Perfekt til b\u00e5de indend\u00f8rs og udend\u00f8rs brug! K\u00f8ret\u00f8jet er modelleret efter Cozy Coupe-serien, der er kendetegnet ved holdbarhed og plast af h\u00f8j kvalitet. Det vil holde i lang tid! Leget\u00f8j til b\u00f8rn fra 18 m\u00e5neder og opefter.<\/p>\n","protected":false},"excerpt":{"rendered":"<p>Little Tikes sort og gul Cozy Truck Pickup Den perfekte gave til enhver lejlighed til en lille chauff\u00f8r. Ideel til sm\u00e5b\u00f8rn og b\u00f8rnehaveb\u00f8rn! Fronten af bilen har et muntert smilende ansigt. K\u00f8ret\u00f8jet har en h\u00f8j rygl\u00e6n og en d\u00f8r, der kan \u00e5bnes p\u00e5 den ene side, hvilket g\u00f8r det lettere at komme ind. Opbevaringsrummet bagp\u00e5 [&hellip;]<\/p>\n","protected":false},"featured_media":0,"comment_status":"open","ping_status":"closed","template":"","meta":[],"product_brand":[],"product_cat":[31],"product_tag":[],"class_list":{"0":"post-27438","1":"product","2":"type-product","3":"status-publish","5":"product_cat-uncategorized-da","7":"first","8":"instock","9":"shipping-taxable","10":"purchasable","11":"product-type-simple"},"_links":{"self":[{"href":"https:\/\/nordicmart.andreevmaster.com\/da\/wp-json\/wp\/v2\/product\/27438","targetHints":{"allow":["GET"]}}],"collection":[{"href":"https:\/\/nordicmart.andreevmaster.com\/da\/wp-json\/wp\/v2\/product"}],"about":[{"href":"https:\/\/nordicmart.andreevmaster.com\/da\/wp-json\/wp\/v2\/types\/product"}],"replies":[{"embeddable":true,"href":"https:\/\/nordicmart.andreevmaster.com\/da\/wp-json\/wp\/v2\/comments?post=27438"}],"wp:attachment":[{"href":"https:\/\/nordicmart.andreevmaster.com\/da\/wp-json\/wp\/v2\/media?parent=27438"}],"wp:term":[{"taxonomy":"product_brand","embeddable":true,"href":"https:\/\/nordicmart.andreevmaster.com\/da\/wp-json\/wp\/v2\/product_brand?post=27438"},{"taxonomy":"product_cat","embeddable":true,"href":"https:\/\/nordicmart.andreevmaster.com\/da\/wp-json\/wp\/v2\/product_cat?post=27438"},{"taxonomy":"product_tag","embeddable":true,"href":"https:\/\/nordicmart.andreevmaster.com\/da\/wp-json\/wp\/v2\/product_tag?post=27438"}],"curies":[{"name":"wp","href":"https:\/\/api.w.org\/{rel}","templated":true}]}}