{"id":27437,"date":"2026-02-27T00:37:00","date_gmt":"2026-02-27T00:37:00","guid":{"rendered":"https:\/\/nordicmart.andreevmaster.com\/product\/big-dino-rocker-gyngestol-vendbar-gynge\/"},"modified":"2026-02-27T09:15:32","modified_gmt":"2026-02-27T09:15:32","slug":"big-dino-rocker-gyngestol-vendbar-gynge","status":"publish","type":"product","link":"https:\/\/nordicmart.andreevmaster.com\/da\/vare\/big-dino-rocker-gyngestol-vendbar-gynge\/","title":{"rendered":"BIG Dino Rocker Gyngestol Vendbar gynge"},"content":{"rendered":"<p>Sammy Dino Rocker-gyngen er designet til b\u00f8rn fra 1 \u00e5r og opefter. De ergonomiske s\u00e6der sikrer komfort, selv under l\u00e6ngere gyngeture. Det midterste s\u00e6de giver plads til, at et barn kan lege alene, mens de tre s\u00e6der giver plads til, at s\u00f8skende eller venner kan lege sammen.<br \/>\nEgenskaber:<br \/>\n* Vendbart design \u2013 perfekt til b\u00e5de at gynge og vippe som en gyngehest<br \/>\n* UV-filter \u2013 den smukke gr\u00f8nne farve falmer ikke, selv efter mange \u00e5rs udend\u00f8rs brug<br \/>\n* Holdbart materiale \u2013 modstandsdygtigt over for skader, sikkert og giftfrit<br \/>\n* 3 s\u00e6der \u2013 gyngen vokser med dit barn og er perfekt til at lege sammen<br \/>\n* Afrundede kanter \u2013 sikkerhed selv for de yngste brugere<br \/>\n* Stabile h\u00e5ndtag \u2013 dit barn kan holde fast, mens det leger<br \/>\n* Maksimal belastning 50 kg<\/p>\n<p>Sammy Dino Rocker er let og nem at b\u00e6re \u2013 du kan s\u00e6tte den op i haven, p\u00e5 terrassen eller i b\u00f8rnev\u00e6relset. Ideel til b\u00e5de indend\u00f8rs og udend\u00f8rs brug.<\/p>\n","protected":false},"excerpt":{"rendered":"<p>Sammy Dino Rocker-gyngen er designet til b\u00f8rn fra 1 \u00e5r og opefter. De ergonomiske s\u00e6der sikrer komfort, selv under l\u00e6ngere gyngeture. Det midterste s\u00e6de giver plads til, at et barn kan lege alene, mens de tre s\u00e6der giver plads til, at s\u00f8skende eller venner kan lege sammen. Egenskaber: * Vendbart design \u2013 perfekt til b\u00e5de [&hellip;]<\/p>\n","protected":false},"featured_media":0,"comment_status":"open","ping_status":"closed","template":"","meta":[],"product_brand":[],"product_cat":[31],"product_tag":[],"class_list":{"0":"post-27437","1":"product","2":"type-product","3":"status-publish","5":"product_cat-uncategorized-da","7":"first","8":"instock","9":"shipping-taxable","10":"purchasable","11":"product-type-simple"},"_links":{"self":[{"href":"https:\/\/nordicmart.andreevmaster.com\/da\/wp-json\/wp\/v2\/product\/27437","targetHints":{"allow":["GET"]}}],"collection":[{"href":"https:\/\/nordicmart.andreevmaster.com\/da\/wp-json\/wp\/v2\/product"}],"about":[{"href":"https:\/\/nordicmart.andreevmaster.com\/da\/wp-json\/wp\/v2\/types\/product"}],"replies":[{"embeddable":true,"href":"https:\/\/nordicmart.andreevmaster.com\/da\/wp-json\/wp\/v2\/comments?post=27437"}],"wp:attachment":[{"href":"https:\/\/nordicmart.andreevmaster.com\/da\/wp-json\/wp\/v2\/media?parent=27437"}],"wp:term":[{"taxonomy":"product_brand","embeddable":true,"href":"https:\/\/nordicmart.andreevmaster.com\/da\/wp-json\/wp\/v2\/product_brand?post=27437"},{"taxonomy":"product_cat","embeddable":true,"href":"https:\/\/nordicmart.andreevmaster.com\/da\/wp-json\/wp\/v2\/product_cat?post=27437"},{"taxonomy":"product_tag","embeddable":true,"href":"https:\/\/nordicmart.andreevmaster.com\/da\/wp-json\/wp\/v2\/product_tag?post=27437"}],"curies":[{"name":"wp","href":"https:\/\/api.w.org\/{rel}","templated":true}]}}