{"id":27436,"date":"2026-02-27T00:36:59","date_gmt":"2026-02-27T00:36:59","guid":{"rendered":"https:\/\/nordicmart.andreevmaster.com\/product\/big-vandsprinkler-shell-shower-vandleg-for-born-fra-2-ar\/"},"modified":"2026-02-27T09:15:32","modified_gmt":"2026-02-27T09:15:32","slug":"big-vandsprinkler-shell-shower-vandleg-for-born-fra-2-ar","status":"publish","type":"product","link":"https:\/\/nordicmart.andreevmaster.com\/da\/vare\/big-vandsprinkler-shell-shower-vandleg-for-born-fra-2-ar\/","title":{"rendered":"BIG Vandsprinkler Shell Shower Vandleg for b\u00f8rn fra 2 \u00e5r"},"content":{"rendered":"<p>Shell Water Sprinkler fra det tyske firma BIG er forfriskende vandleg for b\u00f8rn fra 2 \u00e5r og opefter. BIG Splash Shower kan b\u00e6res af et barn takket v\u00e6re sin lave v\u00e6gt. Den indbyggede trykventil hj\u00e6lper med at spare vand under brug. F\u00f8rst n\u00e5r man tr\u00e6der p\u00e5 det skridsikre trin, spr\u00f8jter vandet opad, trykket sv\u00e6kkes, og vandstr\u00f8mmen stopper automatisk, n\u00e5r man tr\u00e6der af skallen. Produktet er fremstillet af holdbart og milj\u00f8venligt plast. Takket v\u00e6re den standard slangetilslutning er splash showeren hurtig og nem at installere. <\/p>\n<p>Egenskaber:<\/p>\n<p>* &#8211; til b\u00f8rn fra 2 \u00e5r,<br \/>\n* &#8211; ideel til sommerens udend\u00f8rs sjov,<br \/>\n* &#8211; passer til de fleste havehaner,* &#8211; fremstillet af materialer af h\u00f8j kvalitet,<br \/>\n* &#8211; let og nem at b\u00e6re,<br \/>\n* &#8211; skallen har skridsikker overflade,<br \/>\n* &#8211; vandet spr\u00f8jter kun, n\u00e5r man tr\u00e6der p\u00e5 skallen.<\/p>\n","protected":false},"excerpt":{"rendered":"<p>Shell Water Sprinkler fra det tyske firma BIG er forfriskende vandleg for b\u00f8rn fra 2 \u00e5r og opefter. BIG Splash Shower kan b\u00e6res af et barn takket v\u00e6re sin lave v\u00e6gt. Den indbyggede trykventil hj\u00e6lper med at spare vand under brug. F\u00f8rst n\u00e5r man tr\u00e6der p\u00e5 det skridsikre trin, spr\u00f8jter vandet opad, trykket sv\u00e6kkes, og [&hellip;]<\/p>\n","protected":false},"featured_media":0,"comment_status":"open","ping_status":"closed","template":"","meta":[],"product_brand":[],"product_cat":[31],"product_tag":[],"class_list":{"0":"post-27436","1":"product","2":"type-product","3":"status-publish","5":"product_cat-uncategorized-da","7":"first","8":"instock","9":"shipping-taxable","10":"purchasable","11":"product-type-simple"},"_links":{"self":[{"href":"https:\/\/nordicmart.andreevmaster.com\/da\/wp-json\/wp\/v2\/product\/27436","targetHints":{"allow":["GET"]}}],"collection":[{"href":"https:\/\/nordicmart.andreevmaster.com\/da\/wp-json\/wp\/v2\/product"}],"about":[{"href":"https:\/\/nordicmart.andreevmaster.com\/da\/wp-json\/wp\/v2\/types\/product"}],"replies":[{"embeddable":true,"href":"https:\/\/nordicmart.andreevmaster.com\/da\/wp-json\/wp\/v2\/comments?post=27436"}],"wp:attachment":[{"href":"https:\/\/nordicmart.andreevmaster.com\/da\/wp-json\/wp\/v2\/media?parent=27436"}],"wp:term":[{"taxonomy":"product_brand","embeddable":true,"href":"https:\/\/nordicmart.andreevmaster.com\/da\/wp-json\/wp\/v2\/product_brand?post=27436"},{"taxonomy":"product_cat","embeddable":true,"href":"https:\/\/nordicmart.andreevmaster.com\/da\/wp-json\/wp\/v2\/product_cat?post=27436"},{"taxonomy":"product_tag","embeddable":true,"href":"https:\/\/nordicmart.andreevmaster.com\/da\/wp-json\/wp\/v2\/product_tag?post=27436"}],"curies":[{"name":"wp","href":"https:\/\/api.w.org\/{rel}","templated":true}]}}