{"id":27435,"date":"2026-02-27T00:36:59","date_gmt":"2026-02-27T00:36:59","guid":{"rendered":"https:\/\/nordicmart.andreevmaster.com\/product\/big-bobby-car-ride-on-toy-bar-med-ryglaen-og-sikkerhedsfunktion\/"},"modified":"2026-02-27T09:15:31","modified_gmt":"2026-02-27T09:15:31","slug":"big-bobby-car-ride-on-toy-bar-med-ryglaen-og-sikkerhedsfunktion","status":"publish","type":"product","link":"https:\/\/nordicmart.andreevmaster.com\/da\/vare\/big-bobby-car-ride-on-toy-bar-med-ryglaen-og-sikkerhedsfunktion\/","title":{"rendered":"BIG Bobby Car Ride-On Toy Bar med rygl\u00e6n og sikkerhedsfunktion"},"content":{"rendered":"<p>En fantastisk bar med rygl\u00e6n og sikkerhedsfunktion til Bobby Car ride-on leget\u00f8j fra den kendte leget\u00f8jsproducent BIG. Den vil v\u00e6re en perfekt og praktisk tilf\u00f8jelse til dit barns ride-on leget\u00f8j. Montering og afmontering er hurtig og nem. <\/p>\n<p>Funktioner: <\/p>\n<p>* Justerbar l\u00e6ngde fra 88 til 108 cm. Montering og afmontering er hurtig og nem.* Perfekt til g\u00e5ture for at st\u00f8tte dit barns tr\u00e6tte ben.<br \/>\n* Den komfortable rygl\u00e6n betyder, at selv de yngste b\u00f8rn, der l\u00e6rer at balancere, kan bruge leget\u00f8jet.<br \/>\n* Sikkerhedsfunktionen beskytter dit barn mod at falde ud eller falde, mens det k\u00f8rer.<br \/>\n* Det hele er lavet af materialer af h\u00f8j kvalitet, der er sikre for b\u00f8rn og nemme at holde rene.<\/p>\n","protected":false},"excerpt":{"rendered":"<p>En fantastisk bar med rygl\u00e6n og sikkerhedsfunktion til Bobby Car ride-on leget\u00f8j fra den kendte leget\u00f8jsproducent BIG. Den vil v\u00e6re en perfekt og praktisk tilf\u00f8jelse til dit barns ride-on leget\u00f8j. Montering og afmontering er hurtig og nem. Funktioner: * Justerbar l\u00e6ngde fra 88 til 108 cm. Montering og afmontering er hurtig og nem.* Perfekt til [&hellip;]<\/p>\n","protected":false},"featured_media":0,"comment_status":"open","ping_status":"closed","template":"","meta":[],"product_brand":[],"product_cat":[31],"product_tag":[],"class_list":{"0":"post-27435","1":"product","2":"type-product","3":"status-publish","5":"product_cat-uncategorized-da","7":"first","8":"instock","9":"shipping-taxable","10":"purchasable","11":"product-type-simple"},"_links":{"self":[{"href":"https:\/\/nordicmart.andreevmaster.com\/da\/wp-json\/wp\/v2\/product\/27435","targetHints":{"allow":["GET"]}}],"collection":[{"href":"https:\/\/nordicmart.andreevmaster.com\/da\/wp-json\/wp\/v2\/product"}],"about":[{"href":"https:\/\/nordicmart.andreevmaster.com\/da\/wp-json\/wp\/v2\/types\/product"}],"replies":[{"embeddable":true,"href":"https:\/\/nordicmart.andreevmaster.com\/da\/wp-json\/wp\/v2\/comments?post=27435"}],"wp:attachment":[{"href":"https:\/\/nordicmart.andreevmaster.com\/da\/wp-json\/wp\/v2\/media?parent=27435"}],"wp:term":[{"taxonomy":"product_brand","embeddable":true,"href":"https:\/\/nordicmart.andreevmaster.com\/da\/wp-json\/wp\/v2\/product_brand?post=27435"},{"taxonomy":"product_cat","embeddable":true,"href":"https:\/\/nordicmart.andreevmaster.com\/da\/wp-json\/wp\/v2\/product_cat?post=27435"},{"taxonomy":"product_tag","embeddable":true,"href":"https:\/\/nordicmart.andreevmaster.com\/da\/wp-json\/wp\/v2\/product_tag?post=27435"}],"curies":[{"name":"wp","href":"https:\/\/api.w.org\/{rel}","templated":true}]}}