{"id":27434,"date":"2026-02-27T00:36:59","date_gmt":"2026-02-27T00:36:59","guid":{"rendered":"https:\/\/nordicmart.andreevmaster.com\/product\/big-bobby-quad-racing-ride-on-toy-sort\/"},"modified":"2026-02-27T09:15:31","modified_gmt":"2026-02-27T09:15:31","slug":"big-bobby-quad-racing-ride-on-toy-sort","status":"publish","type":"product","link":"https:\/\/nordicmart.andreevmaster.com\/da\/vare\/big-bobby-quad-racing-ride-on-toy-sort\/","title":{"rendered":"BIG Bobby Quad Racing Ride-On Toy, sort"},"content":{"rendered":"<p>Bobby Quad Racing ride-on leget\u00f8j fra det kendte firma BIG er et k\u00f8ret\u00f8j, der ligner en rigtig quadbike. Det er stabilt og sikkert \u2013 ideelt til b\u00f8rn, der lige er begyndt deres eventyr med k\u00f8ret\u00f8jer. Det er designet, s\u00e5 b\u00f8rn kan afpr\u00f8ve og udvikle nye f\u00e6rdigheder \u2013 at stige p\u00e5, stige af, skubbe fra og styre. Det er den perfekte gave til b\u00f8rn fra 3 \u00e5r og opefter.<\/p>\n<p>Egenskaber:<\/p>\n<p>* &#8211; leget\u00f8jet er udstyret med st\u00f8jsvage hjul, der fungerer perfekt p\u00e5 forskellige overflader,<br \/>\n* &#8211; derudover er forhjulene drejelige for mere komfortabel styring og drejning,<br \/>\n* &#8211; det har specielle st\u00f8jsvage plasthjul, en tr\u00e6kmekanisme foran, en anh\u00e6ngerkrog og en horn,* &#8211; leget\u00f8jets holdbare konstruktion garanterer en lang levetid,<br \/>\n* &#8211; udvikler barnets motoriske f\u00e6rdigheder,<br \/>\n* &#8211; beregnet til b\u00f8rn fra 3 \u00e5r.<\/p>\n","protected":false},"excerpt":{"rendered":"<p>Bobby Quad Racing ride-on leget\u00f8j fra det kendte firma BIG er et k\u00f8ret\u00f8j, der ligner en rigtig quadbike. Det er stabilt og sikkert \u2013 ideelt til b\u00f8rn, der lige er begyndt deres eventyr med k\u00f8ret\u00f8jer. Det er designet, s\u00e5 b\u00f8rn kan afpr\u00f8ve og udvikle nye f\u00e6rdigheder \u2013 at stige p\u00e5, stige af, skubbe fra og [&hellip;]<\/p>\n","protected":false},"featured_media":0,"comment_status":"open","ping_status":"closed","template":"","meta":[],"product_brand":[],"product_cat":[31],"product_tag":[],"class_list":{"0":"post-27434","1":"product","2":"type-product","3":"status-publish","5":"product_cat-uncategorized-da","7":"first","8":"instock","9":"shipping-taxable","10":"purchasable","11":"product-type-simple"},"_links":{"self":[{"href":"https:\/\/nordicmart.andreevmaster.com\/da\/wp-json\/wp\/v2\/product\/27434","targetHints":{"allow":["GET"]}}],"collection":[{"href":"https:\/\/nordicmart.andreevmaster.com\/da\/wp-json\/wp\/v2\/product"}],"about":[{"href":"https:\/\/nordicmart.andreevmaster.com\/da\/wp-json\/wp\/v2\/types\/product"}],"replies":[{"embeddable":true,"href":"https:\/\/nordicmart.andreevmaster.com\/da\/wp-json\/wp\/v2\/comments?post=27434"}],"wp:attachment":[{"href":"https:\/\/nordicmart.andreevmaster.com\/da\/wp-json\/wp\/v2\/media?parent=27434"}],"wp:term":[{"taxonomy":"product_brand","embeddable":true,"href":"https:\/\/nordicmart.andreevmaster.com\/da\/wp-json\/wp\/v2\/product_brand?post=27434"},{"taxonomy":"product_cat","embeddable":true,"href":"https:\/\/nordicmart.andreevmaster.com\/da\/wp-json\/wp\/v2\/product_cat?post=27434"},{"taxonomy":"product_tag","embeddable":true,"href":"https:\/\/nordicmart.andreevmaster.com\/da\/wp-json\/wp\/v2\/product_tag?post=27434"}],"curies":[{"name":"wp","href":"https:\/\/api.w.org\/{rel}","templated":true}]}}