{"id":27433,"date":"2026-02-27T00:36:58","date_gmt":"2026-02-27T00:36:58","guid":{"rendered":"https:\/\/nordicmart.andreevmaster.com\/product\/big-pink-bobby-car-neo-pink-push-toy-til-born\/"},"modified":"2026-02-27T09:15:31","modified_gmt":"2026-02-27T09:15:31","slug":"big-pink-bobby-car-neo-pink-push-toy-til-born","status":"publish","type":"product","link":"https:\/\/nordicmart.andreevmaster.com\/da\/vare\/big-pink-bobby-car-neo-pink-push-toy-til-born\/","title":{"rendered":"BIG Pink Bobby Car Neo Pink Push Toy til b\u00f8rn"},"content":{"rendered":"<p>BIGs flagskibsprodukt \u2013 det ergonomiske, robuste og imponerende Big Bobby Car-k\u00f8ret\u00f8j. K\u00f8ret\u00f8jet er designet til sm\u00e5b\u00f8rn, der allerede har taget deres f\u00f8rste skridt. Det er konstrueret, s\u00e5 de kan afpr\u00f8ve og udvikle nye f\u00e6rdigheder \u2013 at stige p\u00e5, stige af, skubbe fra og styre.<br \/>\nEgenskaber:<br \/>\n* styrbare, st\u00f8jsvage hjul,<br \/>\n* velformet, sikkert rat med horn,<br \/>\n* lavt tyngdepunkt,<br \/>\n* tr\u00e6kstang foran,<br \/>\n* trailerkrog bagp\u00e5, mere benplads og kn\u00e6st\u00f8tteplads til st\u00f8rre b\u00f8rn sammenlignet med Classic-versionen,<br \/>\n* derudover er forhjulene drejelige for mere komfortabel styring og drejning.<\/p>\n","protected":false},"excerpt":{"rendered":"<p>BIGs flagskibsprodukt \u2013 det ergonomiske, robuste og imponerende Big Bobby Car-k\u00f8ret\u00f8j. K\u00f8ret\u00f8jet er designet til sm\u00e5b\u00f8rn, der allerede har taget deres f\u00f8rste skridt. Det er konstrueret, s\u00e5 de kan afpr\u00f8ve og udvikle nye f\u00e6rdigheder \u2013 at stige p\u00e5, stige af, skubbe fra og styre. Egenskaber: * styrbare, st\u00f8jsvage hjul, * velformet, sikkert rat med horn, [&hellip;]<\/p>\n","protected":false},"featured_media":0,"comment_status":"open","ping_status":"closed","template":"","meta":[],"product_brand":[],"product_cat":[31],"product_tag":[],"class_list":{"0":"post-27433","1":"product","2":"type-product","3":"status-publish","5":"product_cat-uncategorized-da","7":"first","8":"instock","9":"shipping-taxable","10":"purchasable","11":"product-type-simple"},"_links":{"self":[{"href":"https:\/\/nordicmart.andreevmaster.com\/da\/wp-json\/wp\/v2\/product\/27433","targetHints":{"allow":["GET"]}}],"collection":[{"href":"https:\/\/nordicmart.andreevmaster.com\/da\/wp-json\/wp\/v2\/product"}],"about":[{"href":"https:\/\/nordicmart.andreevmaster.com\/da\/wp-json\/wp\/v2\/types\/product"}],"replies":[{"embeddable":true,"href":"https:\/\/nordicmart.andreevmaster.com\/da\/wp-json\/wp\/v2\/comments?post=27433"}],"wp:attachment":[{"href":"https:\/\/nordicmart.andreevmaster.com\/da\/wp-json\/wp\/v2\/media?parent=27433"}],"wp:term":[{"taxonomy":"product_brand","embeddable":true,"href":"https:\/\/nordicmart.andreevmaster.com\/da\/wp-json\/wp\/v2\/product_brand?post=27433"},{"taxonomy":"product_cat","embeddable":true,"href":"https:\/\/nordicmart.andreevmaster.com\/da\/wp-json\/wp\/v2\/product_cat?post=27433"},{"taxonomy":"product_tag","embeddable":true,"href":"https:\/\/nordicmart.andreevmaster.com\/da\/wp-json\/wp\/v2\/product_tag?post=27433"}],"curies":[{"name":"wp","href":"https:\/\/api.w.org\/{rel}","templated":true}]}}