{"id":27432,"date":"2026-02-27T00:36:58","date_gmt":"2026-02-27T00:36:58","guid":{"rendered":"https:\/\/nordicmart.andreevmaster.com\/product\/big-bobby-car-neo-anthrazit-2\/"},"modified":"2026-02-27T09:15:31","modified_gmt":"2026-02-27T09:15:31","slug":"big-bobby-car-neo-anthrazit-2","status":"publish","type":"product","link":"https:\/\/nordicmart.andreevmaster.com\/da\/vare\/big-bobby-car-neo-anthrazit-2\/","title":{"rendered":"BIG Bobby Car Neo Anthrazit"},"content":{"rendered":"<p>Et sensationelt produkt fra det kendte tyske m\u00e6rke BIG \u2013 det ergonomiske, robuste og imponerende Big Bobby Car Neo-leget\u00f8j. Leget\u00f8jet er designet til sm\u00e5b\u00f8rn, der lige er begyndt at g\u00e5. Det er konstrueret, s\u00e5 de kan afpr\u00f8ve og udvikle nye f\u00e6rdigheder \u2013 at s\u00e6tte sig op, stige af, skubbe fra og styre.<\/p>\n<p>Funktioner:<\/p>\n<p>* &#8211; styrbare, st\u00f8jsvage hjul,<br \/>\n* &#8211; velformet, sikkert rat med horn,<br \/>\n* &#8211; lavt tyngdepunkt,<br \/>\n* &#8211; tr\u00e6kstang foran og anh\u00e6ngerkrog bagp\u00e5, mere benplads,<br \/>\n* &#8211; derudover er forhjulene drejelige for mere komfortabel styring og drejning,* &#8211; s\u00e6det har en ru overflade, der forhindrer udskridning og \u00f8ger sikkerheden,<br \/>\n* &#8211; de yngste b\u00f8rn kan s\u00e6tte f\u00f8dderne p\u00e5 hjulkasserne og k\u00f8re med hj\u00e6lp fra deres for\u00e6ldre og derefter begynde at skubbe fra og k\u00f8re selv,<br \/>\n* &#8211; s\u00e6ttet indeholder to par f\u00e6lge og en horn i to farver: bl\u00e5 og lyser\u00f8d.<\/p>\n<p>BIG tilh\u00f8rer den store Simba Dickie Group &#8211; Serien omfatter en bred vifte af innovative leget\u00f8j, der stimulerer motorisk udvikling hos b\u00f8rn. BIG-produkter tilbyder mange ideer til leg. Sortimentet omfatter biler, leget\u00f8j til at k\u00f8re p\u00e5, gynger, traktorer, b\u00e5de, rutsjebaner, flydende leget\u00f8j og sandkasser. BIG-leget\u00f8j er af meget h\u00f8j kvalitet. De er fremstillet i Tyskland af h\u00f8jkvalitets UV-resistente materialer. Sikkerheden af vores leget\u00f8j er garanteret og bekr\u00e6ftet af LGA\/T\u00dcV-tests.<\/p>\n","protected":false},"excerpt":{"rendered":"<p>Et sensationelt produkt fra det kendte tyske m\u00e6rke BIG \u2013 det ergonomiske, robuste og imponerende Big Bobby Car Neo-leget\u00f8j. Leget\u00f8jet er designet til sm\u00e5b\u00f8rn, der lige er begyndt at g\u00e5. Det er konstrueret, s\u00e5 de kan afpr\u00f8ve og udvikle nye f\u00e6rdigheder \u2013 at s\u00e6tte sig op, stige af, skubbe fra og styre. Funktioner: * &#8211; [&hellip;]<\/p>\n","protected":false},"featured_media":0,"comment_status":"open","ping_status":"closed","template":"","meta":[],"product_brand":[],"product_cat":[31],"product_tag":[],"class_list":{"0":"post-27432","1":"product","2":"type-product","3":"status-publish","5":"product_cat-uncategorized-da","7":"first","8":"instock","9":"shipping-taxable","10":"purchasable","11":"product-type-simple"},"_links":{"self":[{"href":"https:\/\/nordicmart.andreevmaster.com\/da\/wp-json\/wp\/v2\/product\/27432","targetHints":{"allow":["GET"]}}],"collection":[{"href":"https:\/\/nordicmart.andreevmaster.com\/da\/wp-json\/wp\/v2\/product"}],"about":[{"href":"https:\/\/nordicmart.andreevmaster.com\/da\/wp-json\/wp\/v2\/types\/product"}],"replies":[{"embeddable":true,"href":"https:\/\/nordicmart.andreevmaster.com\/da\/wp-json\/wp\/v2\/comments?post=27432"}],"wp:attachment":[{"href":"https:\/\/nordicmart.andreevmaster.com\/da\/wp-json\/wp\/v2\/media?parent=27432"}],"wp:term":[{"taxonomy":"product_brand","embeddable":true,"href":"https:\/\/nordicmart.andreevmaster.com\/da\/wp-json\/wp\/v2\/product_brand?post=27432"},{"taxonomy":"product_cat","embeddable":true,"href":"https:\/\/nordicmart.andreevmaster.com\/da\/wp-json\/wp\/v2\/product_cat?post=27432"},{"taxonomy":"product_tag","embeddable":true,"href":"https:\/\/nordicmart.andreevmaster.com\/da\/wp-json\/wp\/v2\/product_tag?post=27432"}],"curies":[{"name":"wp","href":"https:\/\/api.w.org\/{rel}","templated":true}]}}