{"id":27431,"date":"2026-02-27T00:36:58","date_gmt":"2026-02-27T00:36:58","guid":{"rendered":"https:\/\/nordicmart.andreevmaster.com\/product\/big-blue-bobby-car-neo-blue-2\/"},"modified":"2026-02-27T09:15:30","modified_gmt":"2026-02-27T09:15:30","slug":"big-blue-bobby-car-neo-blue-2","status":"publish","type":"product","link":"https:\/\/nordicmart.andreevmaster.com\/da\/vare\/big-blue-bobby-car-neo-blue-2\/","title":{"rendered":"BIG Blue Bobby Car Neo Blue"},"content":{"rendered":"<p>BIGs flagskibsprodukt \u2013 det ergonomiske, robuste og imponerende Big Bobby Car-leget\u00f8j til at k\u00f8re p\u00e5. Leget\u00f8jet er designet til sm\u00e5b\u00f8rn, der allerede har taget deres f\u00f8rste skridt. Det er konstrueret, s\u00e5 de kan afpr\u00f8ve og udvikle nye f\u00e6rdigheder \u2013 at stige p\u00e5, stige af, skubbe fra og styre. <\/p>\n<p>Funktioner: <\/p>\n<p>* styrbare, st\u00f8jsvage hjul.* Velformet, sikkert rat med horn.<br \/>\n* Lavt tyngdepunkt.<br \/>\n* Tr\u00e6kstang foran.* Tr\u00e6kkrog bagp\u00e5, mere benplads og kn\u00e6st\u00f8tte til st\u00f8rre b\u00f8rn sammenlignet med Classic-versionen.<br \/>\n* Derudover er forhjulene drejelige for mere komfortabel styring og drejning.<\/p>\n<p>BIG tilh\u00f8rer den store Simba Dickie Group \u2013 Serien omfatter et bredt udvalg af innovative leget\u00f8jsprodukter, der stimulerer b\u00f8rns motoriske udvikling. BIG-produkterne giver mange muligheder for leg. Sortimentet omfatter biler, leget\u00f8j til at k\u00f8re p\u00e5, gynger, traktorer, b\u00e5de, rutsjebaner, flydende leget\u00f8j og sandkasser. BIG-leget\u00f8j er af meget h\u00f8j kvalitet. Det er fremstillet i Tyskland af UV-bestandige materialer af h\u00f8j kvalitet. Sikkerheden af vores leget\u00f8j er garanteret og bekr\u00e6ftet af LGA\/T\u00dcV-tests.&lt;center&gt;&lt;iframe width=&#8221;465&#8243; height=&#8221;826&#8243; src=&#8221;https:\/\/www.youtube.com\/embed\/U7PeFTzRwWU&#8221; title=&#8221;Bobby Car Neo Blue BIG Ride-On Toy&#8221; frameborder=&#8221;0&#8243; allow=&#8221;accelerometer; autoplay; clipboard-write; encrypted-media; gyroscope; picture-in-picture; web-share&#8221; allowfullscreen&gt;&lt;\/iframe&gt;&lt;\/center&gt;<\/p>\n","protected":false},"excerpt":{"rendered":"<p>BIGs flagskibsprodukt \u2013 det ergonomiske, robuste og imponerende Big Bobby Car-leget\u00f8j til at k\u00f8re p\u00e5. Leget\u00f8jet er designet til sm\u00e5b\u00f8rn, der allerede har taget deres f\u00f8rste skridt. Det er konstrueret, s\u00e5 de kan afpr\u00f8ve og udvikle nye f\u00e6rdigheder \u2013 at stige p\u00e5, stige af, skubbe fra og styre. Funktioner: * styrbare, st\u00f8jsvage hjul.* Velformet, sikkert [&hellip;]<\/p>\n","protected":false},"featured_media":0,"comment_status":"open","ping_status":"closed","template":"","meta":[],"product_brand":[],"product_cat":[31],"product_tag":[],"class_list":{"0":"post-27431","1":"product","2":"type-product","3":"status-publish","5":"product_cat-uncategorized-da","7":"first","8":"instock","9":"shipping-taxable","10":"purchasable","11":"product-type-simple"},"_links":{"self":[{"href":"https:\/\/nordicmart.andreevmaster.com\/da\/wp-json\/wp\/v2\/product\/27431","targetHints":{"allow":["GET"]}}],"collection":[{"href":"https:\/\/nordicmart.andreevmaster.com\/da\/wp-json\/wp\/v2\/product"}],"about":[{"href":"https:\/\/nordicmart.andreevmaster.com\/da\/wp-json\/wp\/v2\/types\/product"}],"replies":[{"embeddable":true,"href":"https:\/\/nordicmart.andreevmaster.com\/da\/wp-json\/wp\/v2\/comments?post=27431"}],"wp:attachment":[{"href":"https:\/\/nordicmart.andreevmaster.com\/da\/wp-json\/wp\/v2\/media?parent=27431"}],"wp:term":[{"taxonomy":"product_brand","embeddable":true,"href":"https:\/\/nordicmart.andreevmaster.com\/da\/wp-json\/wp\/v2\/product_brand?post=27431"},{"taxonomy":"product_cat","embeddable":true,"href":"https:\/\/nordicmart.andreevmaster.com\/da\/wp-json\/wp\/v2\/product_cat?post=27431"},{"taxonomy":"product_tag","embeddable":true,"href":"https:\/\/nordicmart.andreevmaster.com\/da\/wp-json\/wp\/v2\/product_tag?post=27431"}],"curies":[{"name":"wp","href":"https:\/\/api.w.org\/{rel}","templated":true}]}}