{"id":27430,"date":"2026-02-27T00:36:58","date_gmt":"2026-02-27T00:36:58","guid":{"rendered":"https:\/\/nordicmart.andreevmaster.com\/product\/big-bobby-car-neo-red-2\/"},"modified":"2026-02-27T09:15:30","modified_gmt":"2026-02-27T09:15:30","slug":"big-bobby-car-neo-red-2","status":"publish","type":"product","link":"https:\/\/nordicmart.andreevmaster.com\/da\/vare\/big-bobby-car-neo-red-2\/","title":{"rendered":"BIG Bobby Car Neo Red"},"content":{"rendered":"<p>BIGs flagskibsprodukt \u2013 det ergonomiske, robuste og imponerende Big Bobby Car-k\u00f8ret\u00f8j. K\u00f8ret\u00f8jet er designet til sm\u00e5b\u00f8rn, der allerede har taget deres f\u00f8rste skridt. Det er konstrueret, s\u00e5 de kan afpr\u00f8ve og udvikle nye f\u00e6rdigheder \u2013 at stige p\u00e5, stige af, skubbe fra og styre.Producenten tilbyder styrede, st\u00f8jsvage hjul, et velformet, sikkert rat med horn, et lavt tyngdepunkt, en tr\u00e6kstang foran og en trailerkrog bagp\u00e5, mere benplads og kn\u00e6st\u00f8tteplads til st\u00f8rre b\u00f8rn sammenlignet med Classic-versionen. Derudover er forhjulene drejelige for mere komfortabel styring og drejning.<\/p>\n<p>Egenskaber:<\/p>\n<p>* holdbar konstruktion af leget\u00f8jet garanterer lang levetid,<br \/>\n* leget\u00f8jet har specielle st\u00f8jsvage gummihjul og et velformet rat med horn,<br \/>\n* det er stabilt.<br \/>\n* drejelige hjul garanterer fremragende tr\u00e6kkraft og man\u00f8vredygtighed,<br \/>\n* maksimal belastning op til 50 kg.<\/p>\n<p>Tysk kvalitet og p\u00e5lidelighed \u2013 disse to udtryk beskriver leget\u00f8jsproducenten BIG meget pr\u00e6cist. Virksomheden, der har base lige over den vestlige gr\u00e6nse til vores land, har specialiseret sig i et bredt udvalg af leget\u00f8j. Deres leget\u00f8j til at k\u00f8re p\u00e5 er s\u00e6rligt bem\u00e6rkelsesv\u00e6rdigt, men de tilbyder ogs\u00e5 sandkasser og cykler. Deres sortiment omfatter ogs\u00e5 byggeklodser, forskellige gynger, k\u00e6lker og andet leget\u00f8j.<\/p>\n","protected":false},"excerpt":{"rendered":"<p>BIGs flagskibsprodukt \u2013 det ergonomiske, robuste og imponerende Big Bobby Car-k\u00f8ret\u00f8j. K\u00f8ret\u00f8jet er designet til sm\u00e5b\u00f8rn, der allerede har taget deres f\u00f8rste skridt. Det er konstrueret, s\u00e5 de kan afpr\u00f8ve og udvikle nye f\u00e6rdigheder \u2013 at stige p\u00e5, stige af, skubbe fra og styre.Producenten tilbyder styrede, st\u00f8jsvage hjul, et velformet, sikkert rat med horn, et [&hellip;]<\/p>\n","protected":false},"featured_media":0,"comment_status":"open","ping_status":"closed","template":"","meta":[],"product_brand":[],"product_cat":[31],"product_tag":[],"class_list":{"0":"post-27430","1":"product","2":"type-product","3":"status-publish","5":"product_cat-uncategorized-da","7":"first","8":"instock","9":"shipping-taxable","10":"purchasable","11":"product-type-simple"},"_links":{"self":[{"href":"https:\/\/nordicmart.andreevmaster.com\/da\/wp-json\/wp\/v2\/product\/27430","targetHints":{"allow":["GET"]}}],"collection":[{"href":"https:\/\/nordicmart.andreevmaster.com\/da\/wp-json\/wp\/v2\/product"}],"about":[{"href":"https:\/\/nordicmart.andreevmaster.com\/da\/wp-json\/wp\/v2\/types\/product"}],"replies":[{"embeddable":true,"href":"https:\/\/nordicmart.andreevmaster.com\/da\/wp-json\/wp\/v2\/comments?post=27430"}],"wp:attachment":[{"href":"https:\/\/nordicmart.andreevmaster.com\/da\/wp-json\/wp\/v2\/media?parent=27430"}],"wp:term":[{"taxonomy":"product_brand","embeddable":true,"href":"https:\/\/nordicmart.andreevmaster.com\/da\/wp-json\/wp\/v2\/product_brand?post=27430"},{"taxonomy":"product_cat","embeddable":true,"href":"https:\/\/nordicmart.andreevmaster.com\/da\/wp-json\/wp\/v2\/product_cat?post=27430"},{"taxonomy":"product_tag","embeddable":true,"href":"https:\/\/nordicmart.andreevmaster.com\/da\/wp-json\/wp\/v2\/product_tag?post=27430"}],"curies":[{"name":"wp","href":"https:\/\/api.w.org\/{rel}","templated":true}]}}