{"id":27429,"date":"2026-02-27T00:36:57","date_gmt":"2026-02-27T00:36:57","guid":{"rendered":"https:\/\/nordicmart.andreevmaster.com\/product\/big-bobby-car-classic-legetojsbil-med-horn-og-lys\/"},"modified":"2026-02-27T09:15:30","modified_gmt":"2026-02-27T09:15:30","slug":"big-bobby-car-classic-legetojsbil-med-horn-og-lys","status":"publish","type":"product","link":"https:\/\/nordicmart.andreevmaster.com\/da\/vare\/big-bobby-car-classic-legetojsbil-med-horn-og-lys\/","title":{"rendered":"BIG Bobby Car Classic leget\u00f8jsbil med horn og lys"},"content":{"rendered":"<p>BIG Bobby Car LUMI leget\u00f8jsbil med horn og LED-lys En klassiker i nyt lys! M\u00f8d Bobby Car LUMI \u2013 det ikoniske ride-on leget\u00f8j fra det kendte m\u00e6rke BIG, nu i en moderne version med imponerende LED-belysning. Dette ergonomiske og holdbare k\u00f8ret\u00f8j i lys r\u00f8d er i\u00f8jnefaldende og t\u00e6nder b\u00f8rns fantasi. Ride-on bilen er designet til behagelig leg og er udstyret med et rat med horn og et kontureret s\u00e6de. Det er ikke bare et k\u00f8ret\u00f8j \u2013 det er det f\u00f8rste transportmiddel for din lille opdagelsesrejsende!<\/p>\n<p>Funktioner:<\/p>\n<p>* leget\u00f8jet er udstyret med et rat med horn,<br \/>\n* LED-belysning med forskellige tilstande: &#8211; kontinuerligt lys &#8211; blinkende lys &#8211; automatisk slukning efter 10 minutter.* Lavt tyngdepunkt sikrer stabilitet og sikkerhed, mens barnet l\u00e6rer at k\u00f8re,<br \/>\n* Leget\u00f8jet er udstyret med st\u00f8jsvage hjul, der fungerer perfekt p\u00e5 forskellige overflader,<br \/>\n* Drejelige forhjul for nem man\u00f8vrering og behagelig k\u00f8rsel,<br \/>\n* Tr\u00e6kh\u00e5ndtag foran og anh\u00e6ngerkrog bagp\u00e5.<br \/>\n* Det formede s\u00e6de er 20 cm h\u00f8jt.* maksimal belastningskapacitet er 50 kg,<br \/>\n* leget\u00f8jet er designet til b\u00f8rn fra 12 m\u00e5neder.* Fremstillet i Tyskland \u2013 en garanti for kvalitet og holdbarhed,<br \/>\n* Produktet kr\u00e6ver delvis samling,<br \/>\n* 3&#215;1,5V AAA-batterier medf\u00f8lger<\/p>\n<p>K\u00f8ret\u00f8jet er ogs\u00e5 kompatibelt med:<\/p>\n<p>H\u00e5ndtag til k\u00f8ret\u00f8j<\/p>\n<p>Stang til k\u00f8ret\u00f8j<\/p>\n<p>Lydrat<\/p>\n<p>Nummerplade + k\u00f8rekort<\/p>\n<p>Tr\u00e6kkablet<\/p>\n<p>Sorte skobeskyttere<\/p>\n<p>Lyser\u00f8de skobeskyttere<\/p>\n<p>Bl\u00e5 skobeskyttere<\/p>\n<p>R\u00f8de skobeskyttere<\/p>\n<p>Horn til leget\u00f8jet<\/p>\n<p>Politilys til styret<\/p>\n<p>Lydrat<\/p>\n<p>BIG tilh\u00f8rer den store Simba Dickie Group. Serien omfatter et bredt udvalg af innovative leget\u00f8jsprodukter, der stimulerer b\u00f8rns motoriske udvikling. BIG-produkterne giver mange muligheder for leg. De omfatter biler, leget\u00f8jsbiler, gynger, traktorer, b\u00e5de, rutsjebaner, flydende leget\u00f8j og sandkasser. BIG-leget\u00f8jet er af meget h\u00f8j kvalitet. Det fremstilles i Tyskland af UV-bestandige materialer af h\u00f8j kvalitet. Leget\u00f8jets sikkerhed er garanteret og bekr\u00e6ftet af LGA\/T\u00dcV-tests.<\/p>\n","protected":false},"excerpt":{"rendered":"<p>BIG Bobby Car LUMI leget\u00f8jsbil med horn og LED-lys En klassiker i nyt lys! M\u00f8d Bobby Car LUMI \u2013 det ikoniske ride-on leget\u00f8j fra det kendte m\u00e6rke BIG, nu i en moderne version med imponerende LED-belysning. Dette ergonomiske og holdbare k\u00f8ret\u00f8j i lys r\u00f8d er i\u00f8jnefaldende og t\u00e6nder b\u00f8rns fantasi. Ride-on bilen er designet til [&hellip;]<\/p>\n","protected":false},"featured_media":0,"comment_status":"open","ping_status":"closed","template":"","meta":[],"product_brand":[],"product_cat":[31],"product_tag":[],"class_list":{"0":"post-27429","1":"product","2":"type-product","3":"status-publish","5":"product_cat-uncategorized-da","7":"first","8":"instock","9":"shipping-taxable","10":"purchasable","11":"product-type-simple"},"_links":{"self":[{"href":"https:\/\/nordicmart.andreevmaster.com\/da\/wp-json\/wp\/v2\/product\/27429","targetHints":{"allow":["GET"]}}],"collection":[{"href":"https:\/\/nordicmart.andreevmaster.com\/da\/wp-json\/wp\/v2\/product"}],"about":[{"href":"https:\/\/nordicmart.andreevmaster.com\/da\/wp-json\/wp\/v2\/types\/product"}],"replies":[{"embeddable":true,"href":"https:\/\/nordicmart.andreevmaster.com\/da\/wp-json\/wp\/v2\/comments?post=27429"}],"wp:attachment":[{"href":"https:\/\/nordicmart.andreevmaster.com\/da\/wp-json\/wp\/v2\/media?parent=27429"}],"wp:term":[{"taxonomy":"product_brand","embeddable":true,"href":"https:\/\/nordicmart.andreevmaster.com\/da\/wp-json\/wp\/v2\/product_brand?post=27429"},{"taxonomy":"product_cat","embeddable":true,"href":"https:\/\/nordicmart.andreevmaster.com\/da\/wp-json\/wp\/v2\/product_cat?post=27429"},{"taxonomy":"product_tag","embeddable":true,"href":"https:\/\/nordicmart.andreevmaster.com\/da\/wp-json\/wp\/v2\/product_tag?post=27429"}],"curies":[{"name":"wp","href":"https:\/\/api.w.org\/{rel}","templated":true}]}}