{"id":27428,"date":"2026-02-27T00:36:57","date_gmt":"2026-02-27T00:36:57","guid":{"rendered":"https:\/\/nordicmart.andreevmaster.com\/product\/big-blue-bobby-car-classic-ride-on-toy-2\/"},"modified":"2026-02-27T09:15:30","modified_gmt":"2026-02-27T09:15:30","slug":"big-blue-bobby-car-classic-ride-on-toy-2","status":"publish","type":"product","link":"https:\/\/nordicmart.andreevmaster.com\/da\/vare\/big-blue-bobby-car-classic-ride-on-toy-2\/","title":{"rendered":"BIG Blue Bobby Car Classic Ride-On Toy"},"content":{"rendered":"<p>BIG Bobby Car Classic Blue Ride-On Ideel til de yngste chauff\u00f8rer! BIG Bobby Car Classic i lysebl\u00e5 er et stabilt og praktisk k\u00f8ret\u00f8j, der underst\u00f8tter dit barns motoriske udvikling. S\u00e6ttet indeholder en praktisk g\u00e5vogn, der ogs\u00e5 fungerer som rygl\u00e6n, hvilket sikrer komfort og sikkerhed for sm\u00e5b\u00f8rn under deres f\u00f8rste fors\u00f8g p\u00e5 at g\u00e5 og k\u00f8re. Med sine pastellgr\u00f8nne detaljer og robuste konstruktion vil denne model gl\u00e6de b\u00e5de piger og drenge. <\/p>\n<p>### Funktioner: <\/p>\n<p>* &#8211; Alder: 12 m\u00e5neder<br \/>\n* &#8211; Sikker k\u00f8rsel \u2013 ergonomisk design, bredt s\u00e6de og mekanisk horn.* &#8211; Praktisk g\u00e5vogn \u2013 giver rygl\u00e6n og st\u00f8tte til dit barn. * &#8211; Holdbarhed og stabilitet \u2013 robust, UV-resistent plast, testet af T\u00dcV. * &#8211; Maksimal belastning: 50 kg \u2013 lang levetid.* &#8211; Udvidelig \u2013 for- og bagkonnektorer til fastg\u00f8relse af en trailer eller et skubbeleget\u00f8j. * &#8211; Nem montering \u2013 l\u00e5semekanisme og rygl\u00e6n kan monteres med f\u00e5 enkle trin. Leget\u00f8jet udvikler: * &#8211; Grov- og finmotorik: at k\u00f8re p\u00e5 leget\u00f8jet underst\u00f8tter udviklingen af ben- og armmuskler, engagerer barnet i fysisk aktivitet og forbedrer motorisk koordination.* &#8211; Motorisk koordination: Ved at skubbe og styre leget\u00f8jet udvikler barnet balance, koordination og motoriske f\u00e6rdigheder. * &#8211; Selvtillid og uafh\u00e6ngighed: Det tilskynder barnet til at lege selvst\u00e6ndigt og udvikler en f\u00f8lelse af uafh\u00e6ngighed og sikkerhed i bev\u00e6gelser. * &#8211; Social udvikling: At lege med leget\u00f8jet og interagere med j\u00e6vnaldrende hj\u00e6lper med at udvikle sociale f\u00e6rdigheder og fantasi.* &#8211; Manuelle f\u00e6rdigheder: Ved at betjene de mekaniske elementer p\u00e5 leget\u00f8jet, s\u00e5som hornet, \u00f8ver barnet manuelle f\u00e6rdigheder og pr\u00e6cision. BIG Bobby Car Classic er et fremragende leget\u00f8j, der ikke kun giver k\u00f8regl\u00e6de, men ogs\u00e5 underst\u00f8tter barnets fysiske, f\u00f8lelsesm\u00e6ssige og sociale udvikling. Takket v\u00e6re dets funktionalitet og solide konstruktion vil det f\u00f8lge dit barn i lang tid og st\u00f8tte det i de n\u00e6ste faser af dets udvikling.<\/p>\n","protected":false},"excerpt":{"rendered":"<p>BIG Bobby Car Classic Blue Ride-On Ideel til de yngste chauff\u00f8rer! BIG Bobby Car Classic i lysebl\u00e5 er et stabilt og praktisk k\u00f8ret\u00f8j, der underst\u00f8tter dit barns motoriske udvikling. S\u00e6ttet indeholder en praktisk g\u00e5vogn, der ogs\u00e5 fungerer som rygl\u00e6n, hvilket sikrer komfort og sikkerhed for sm\u00e5b\u00f8rn under deres f\u00f8rste fors\u00f8g p\u00e5 at g\u00e5 og k\u00f8re. [&hellip;]<\/p>\n","protected":false},"featured_media":0,"comment_status":"open","ping_status":"closed","template":"","meta":[],"product_brand":[],"product_cat":[31],"product_tag":[],"class_list":{"0":"post-27428","1":"product","2":"type-product","3":"status-publish","5":"product_cat-uncategorized-da","7":"first","8":"instock","9":"shipping-taxable","10":"purchasable","11":"product-type-simple"},"_links":{"self":[{"href":"https:\/\/nordicmart.andreevmaster.com\/da\/wp-json\/wp\/v2\/product\/27428","targetHints":{"allow":["GET"]}}],"collection":[{"href":"https:\/\/nordicmart.andreevmaster.com\/da\/wp-json\/wp\/v2\/product"}],"about":[{"href":"https:\/\/nordicmart.andreevmaster.com\/da\/wp-json\/wp\/v2\/types\/product"}],"replies":[{"embeddable":true,"href":"https:\/\/nordicmart.andreevmaster.com\/da\/wp-json\/wp\/v2\/comments?post=27428"}],"wp:attachment":[{"href":"https:\/\/nordicmart.andreevmaster.com\/da\/wp-json\/wp\/v2\/media?parent=27428"}],"wp:term":[{"taxonomy":"product_brand","embeddable":true,"href":"https:\/\/nordicmart.andreevmaster.com\/da\/wp-json\/wp\/v2\/product_brand?post=27428"},{"taxonomy":"product_cat","embeddable":true,"href":"https:\/\/nordicmart.andreevmaster.com\/da\/wp-json\/wp\/v2\/product_cat?post=27428"},{"taxonomy":"product_tag","embeddable":true,"href":"https:\/\/nordicmart.andreevmaster.com\/da\/wp-json\/wp\/v2\/product_tag?post=27428"}],"curies":[{"name":"wp","href":"https:\/\/api.w.org\/{rel}","templated":true}]}}