{"id":27427,"date":"2026-02-27T00:36:57","date_gmt":"2026-02-27T00:36:57","guid":{"rendered":"https:\/\/nordicmart.andreevmaster.com\/product\/big-bobby-car-classic-dinosaur-ride-on-2\/"},"modified":"2026-02-27T09:15:30","modified_gmt":"2026-02-27T09:15:30","slug":"big-bobby-car-classic-dinosaur-ride-on-2","status":"publish","type":"product","link":"https:\/\/nordicmart.andreevmaster.com\/da\/vare\/big-bobby-car-classic-dinosaur-ride-on-2\/","title":{"rendered":"Big Bobby Car Classic Dinosaur Ride-On"},"content":{"rendered":"<p>Bobby Car Classic Big Ride-On Dinosaur er et unikt k\u00f8ret\u00f8j til b\u00f8rn, der kombinerer holdbarhed, funktionalitet og et fascinerende design. Med sit gr\u00f8nne og sorte farveskema og charmerende klisterm\u00e6rker med forhistoriske dinosaurer som T-Rex, triceratops og brachiosaurus vil dette ride-on-leget\u00f8j blive det foretrukne transportmiddel for sm\u00e5 eventyrere. BIG Bobby Car Classic Dino er designet til b\u00f8rn fra 12 m\u00e5neder og kombinerer stor sjov med omtanke for de sm\u00e5s sikkerhed og udvikling. <\/p>\n<p>Egenskaber: <\/p>\n<p>* &#8211; Alder: 12 m\u00e5neder<br \/>\n* &#8211; Sikker k\u00f8rsel: Ergonomisk design og et sikkert rat med mekanisk horn sikrer komfort og sikkerhed under k\u00f8rslen.* &#8211; Multifunktionalitet: Produktet er velegnet til b\u00e5de indend\u00f8rs og udend\u00f8rs brug. Det er perfekt til haven eller hjemme. * &#8211; Enest\u00e5ende holdbarhed: Fremstillet af genanvendeligt plast, UV-resistent, let at reng\u00f8re. * &#8211; Stabilitet og komfort: Det ergonomiske s\u00e6de med kn\u00e6udsparing sikrer komfort og stabilitet, og de originale BIG Bobbycar-hjul er enest\u00e5ende holdbare.* &#8211; Udvidelig: Takket v\u00e6re forbindelsesstykker foran og bagp\u00e5 kan leget\u00f8jet udvides med en trailer eller skubbestang, hvilket \u00f8ger k\u00f8ret\u00f8jets sjov og funktionalitet. Leget\u00f8jet udvikler: * &#8211; Fin- og grovmotorik: At k\u00f8re p\u00e5 BIG Bobby Car Classic Dino underst\u00f8tter udviklingen af ben- og armmuskler og engagerer barnet i fysisk aktivitet.* &#8211; Motorisk koordination: At skubbe, dreje og styre k\u00f8ret\u00f8jet underst\u00f8tter udviklingen af balance og koordination. * &#8211; Selvtillid og uafh\u00e6ngighed: Ved at l\u00e6re at k\u00f8re selvst\u00e6ndigt udvikler b\u00f8rnene en f\u00f8lelse af uafh\u00e6ngighed. * &#8211; Social og f\u00f8lelsesm\u00e6ssig udvikling: At lege med leget\u00f8jet til at k\u00f8re p\u00e5 fremmer interaktionen med j\u00e6vnaldrende og udvikler sociale f\u00e6rdigheder og fantasi.<\/p>\n<p>BIG Bobby Car Classic Dino er det perfekte valg til aktive sm\u00e5b\u00f8rn, der elsker eventyr og har brug for et robust, sikkert k\u00f8ret\u00f8j. Takket v\u00e6re sin enest\u00e5ende &#8220;Made in Germany&#8221;-kvalitet, holdbare konstruktion og funktionelle detaljer vil leget\u00f8jet holde i lang tid og st\u00f8tte dit barns fysiske og f\u00f8lelsesm\u00e6ssige udvikling.<\/p>\n","protected":false},"excerpt":{"rendered":"<p>Bobby Car Classic Big Ride-On Dinosaur er et unikt k\u00f8ret\u00f8j til b\u00f8rn, der kombinerer holdbarhed, funktionalitet og et fascinerende design. Med sit gr\u00f8nne og sorte farveskema og charmerende klisterm\u00e6rker med forhistoriske dinosaurer som T-Rex, triceratops og brachiosaurus vil dette ride-on-leget\u00f8j blive det foretrukne transportmiddel for sm\u00e5 eventyrere. BIG Bobby Car Classic Dino er designet til [&hellip;]<\/p>\n","protected":false},"featured_media":0,"comment_status":"open","ping_status":"closed","template":"","meta":[],"product_brand":[],"product_cat":[31],"product_tag":[],"class_list":{"0":"post-27427","1":"product","2":"type-product","3":"status-publish","5":"product_cat-uncategorized-da","7":"first","8":"instock","9":"shipping-taxable","10":"purchasable","11":"product-type-simple"},"_links":{"self":[{"href":"https:\/\/nordicmart.andreevmaster.com\/da\/wp-json\/wp\/v2\/product\/27427","targetHints":{"allow":["GET"]}}],"collection":[{"href":"https:\/\/nordicmart.andreevmaster.com\/da\/wp-json\/wp\/v2\/product"}],"about":[{"href":"https:\/\/nordicmart.andreevmaster.com\/da\/wp-json\/wp\/v2\/types\/product"}],"replies":[{"embeddable":true,"href":"https:\/\/nordicmart.andreevmaster.com\/da\/wp-json\/wp\/v2\/comments?post=27427"}],"wp:attachment":[{"href":"https:\/\/nordicmart.andreevmaster.com\/da\/wp-json\/wp\/v2\/media?parent=27427"}],"wp:term":[{"taxonomy":"product_brand","embeddable":true,"href":"https:\/\/nordicmart.andreevmaster.com\/da\/wp-json\/wp\/v2\/product_brand?post=27427"},{"taxonomy":"product_cat","embeddable":true,"href":"https:\/\/nordicmart.andreevmaster.com\/da\/wp-json\/wp\/v2\/product_cat?post=27427"},{"taxonomy":"product_tag","embeddable":true,"href":"https:\/\/nordicmart.andreevmaster.com\/da\/wp-json\/wp\/v2\/product_tag?post=27427"}],"curies":[{"name":"wp","href":"https:\/\/api.w.org\/{rel}","templated":true}]}}