{"id":27426,"date":"2026-02-27T00:36:57","date_gmt":"2026-02-27T00:36:57","guid":{"rendered":"https:\/\/nordicmart.andreevmaster.com\/product\/big-bobby-car-classic-green-sea-2\/"},"modified":"2026-02-27T09:15:29","modified_gmt":"2026-02-27T09:15:29","slug":"big-bobby-car-classic-green-sea-2","status":"publish","type":"product","link":"https:\/\/nordicmart.andreevmaster.com\/da\/vare\/big-bobby-car-classic-green-sea-2\/","title":{"rendered":"BIG Bobby Car Classic Green Sea"},"content":{"rendered":"<p>En klassiker genopfundet! Et topprodukt fra det kendte m\u00e6rke BIG. Bobby Car Green Sea-k\u00f8ret\u00f8jet er ergonomisk, robust og imponerende og har indbygget horn. Bilen f\u00e5s i en unik, smuk gr\u00f8n farve, som dine b\u00f8rn helt sikkert vil elske. Den er udstyret med et rat med horn, som giver dit barn en mere sp\u00e6ndende legeoplevelse. K\u00f8ret\u00f8jet har et kontureret s\u00e6de, der giver mulighed for at lege i to positioner \u2013 siddende eller kn\u00e6lende.<\/p>\n<p>Funktioner:<\/p>\n<p>* &#8211; leget\u00f8jet er designet til b\u00f8rn fra 12 m\u00e5neder<br \/>\n* &#8211; Bobby Car Classic Green Sea leget\u00f8jet i pink er udstyret med et rat med horn,<br \/>\n* &#8211; lavt tyngdepunkt giver mulighed for sikker og tryg l\u00e6ring af de f\u00f8rste &#8220;skridt&#8221; p\u00e5 leget\u00f8jet,* &#8211; leget\u00f8jet er udstyret med plasthjul, der er perfekte til forskellige overflader,<br \/>\n* &#8211; forhjulene er drejelige for mere komfortabel styring og drejning,<br \/>\n* &#8211; derudover har s\u00e6ttet en tr\u00e6kstang foran og en trailerkrog bagp\u00e5,<br \/>\n* &#8211; den maksimale belastning er 50 kg,<br \/>\n* &#8211; Fremstillet i Tyskland,<br \/>\n* &#8211; leget\u00f8jet skal delvist samles,<br \/>\n* &#8211; s\u00e6det er 20 cm h\u00f8jt.<\/p>\n","protected":false},"excerpt":{"rendered":"<p>En klassiker genopfundet! Et topprodukt fra det kendte m\u00e6rke BIG. Bobby Car Green Sea-k\u00f8ret\u00f8jet er ergonomisk, robust og imponerende og har indbygget horn. Bilen f\u00e5s i en unik, smuk gr\u00f8n farve, som dine b\u00f8rn helt sikkert vil elske. Den er udstyret med et rat med horn, som giver dit barn en mere sp\u00e6ndende legeoplevelse. K\u00f8ret\u00f8jet [&hellip;]<\/p>\n","protected":false},"featured_media":0,"comment_status":"open","ping_status":"closed","template":"","meta":[],"product_brand":[],"product_cat":[31],"product_tag":[],"class_list":{"0":"post-27426","1":"product","2":"type-product","3":"status-publish","5":"product_cat-uncategorized-da","7":"first","8":"instock","9":"shipping-taxable","10":"purchasable","11":"product-type-simple"},"_links":{"self":[{"href":"https:\/\/nordicmart.andreevmaster.com\/da\/wp-json\/wp\/v2\/product\/27426","targetHints":{"allow":["GET"]}}],"collection":[{"href":"https:\/\/nordicmart.andreevmaster.com\/da\/wp-json\/wp\/v2\/product"}],"about":[{"href":"https:\/\/nordicmart.andreevmaster.com\/da\/wp-json\/wp\/v2\/types\/product"}],"replies":[{"embeddable":true,"href":"https:\/\/nordicmart.andreevmaster.com\/da\/wp-json\/wp\/v2\/comments?post=27426"}],"wp:attachment":[{"href":"https:\/\/nordicmart.andreevmaster.com\/da\/wp-json\/wp\/v2\/media?parent=27426"}],"wp:term":[{"taxonomy":"product_brand","embeddable":true,"href":"https:\/\/nordicmart.andreevmaster.com\/da\/wp-json\/wp\/v2\/product_brand?post=27426"},{"taxonomy":"product_cat","embeddable":true,"href":"https:\/\/nordicmart.andreevmaster.com\/da\/wp-json\/wp\/v2\/product_cat?post=27426"},{"taxonomy":"product_tag","embeddable":true,"href":"https:\/\/nordicmart.andreevmaster.com\/da\/wp-json\/wp\/v2\/product_tag?post=27426"}],"curies":[{"name":"wp","href":"https:\/\/api.w.org\/{rel}","templated":true}]}}