{"id":27425,"date":"2026-02-27T00:36:56","date_gmt":"2026-02-27T00:36:56","guid":{"rendered":"https:\/\/nordicmart.andreevmaster.com\/product\/big-bobby-car-classic-koretoj-med-horn-unicorn\/"},"modified":"2026-02-27T09:15:29","modified_gmt":"2026-02-27T09:15:29","slug":"big-bobby-car-classic-koretoj-med-horn-unicorn","status":"publish","type":"product","link":"https:\/\/nordicmart.andreevmaster.com\/da\/vare\/big-bobby-car-classic-koretoj-med-horn-unicorn\/","title":{"rendered":"BIG Bobby Car Classic k\u00f8ret\u00f8j med horn Unicorn"},"content":{"rendered":"<p>En klassiker genopfundet! Et topprodukt fra det kendte m\u00e6rke BIG. Ergonomisk, robust og imponerende Bobby Car-k\u00f8ret\u00f8j med lyd. Bilen kommer i en unik turkis farve med et moderne design. Den er udstyret med et rat med horn, som giver barnet en mere sp\u00e6ndende legeoplevelse. K\u00f8ret\u00f8jet har et kontureret s\u00e6de, der g\u00f8r det muligt at lege i to positioner \u2013 siddende eller kn\u00e6lende.<\/p>\n<p>Funktioner:<\/p>\n<p>* &#8211; leget\u00f8jet er udstyret med et rat med horn,<br \/>\n* &#8211; det lave tyngdepunkt giver mulighed for sikker og tryg l\u00e6ring af de f\u00f8rste &#8220;skridt&#8221; p\u00e5 leget\u00f8jet,<br \/>\n* &#8211; leget\u00f8jet er udstyret med plasthjul, der er perfekte til forskellige overflader,* &#8211; forhjulene er drejelige for mere komfortabel styring og drejning,<br \/>\n* &#8211; derudover har s\u00e6ttet en tr\u00e6kstang foran og en trailerkrog bagp\u00e5,<br \/>\n* &#8211; den maksimale belastning er 50 kg,<br \/>\n* &#8211; leget\u00f8jet er designet til b\u00f8rn fra 12 m\u00e5neder,<br \/>\n* &#8211; fremstillet i Tyskland.* &#8211; leget\u00f8jet skal delvist samles,<br \/>\n* &#8211; s\u00e6det er 20 cm h\u00f8jt.<\/p>\n<p>BIG tilh\u00f8rer den store Simba Dickie Group &#8211; Serien omfatter en bred vifte af innovative leget\u00f8jsprodukter, der stimulerer b\u00f8rns motoriske udvikling. BIG-produkterne giver mange ideer til leg. Sortimentet omfatter biler, leget\u00f8jsbiler, gynger, traktorer, b\u00e5de, rutsjebaner, flydende leget\u00f8j og sandkasser. BIG-leget\u00f8j er af meget h\u00f8j kvalitet. Det er fremstillet i Tyskland af UV-bestandige materialer af h\u00f8j kvalitet. Sikkerheden af vores leget\u00f8j er garanteret og bekr\u00e6ftet af LGA\/T\u00dcV-tests.<\/p>\n","protected":false},"excerpt":{"rendered":"<p>En klassiker genopfundet! Et topprodukt fra det kendte m\u00e6rke BIG. Ergonomisk, robust og imponerende Bobby Car-k\u00f8ret\u00f8j med lyd. Bilen kommer i en unik turkis farve med et moderne design. Den er udstyret med et rat med horn, som giver barnet en mere sp\u00e6ndende legeoplevelse. K\u00f8ret\u00f8jet har et kontureret s\u00e6de, der g\u00f8r det muligt at lege [&hellip;]<\/p>\n","protected":false},"featured_media":0,"comment_status":"open","ping_status":"closed","template":"","meta":[],"product_brand":[],"product_cat":[31],"product_tag":[],"class_list":{"0":"post-27425","1":"product","2":"type-product","3":"status-publish","5":"product_cat-uncategorized-da","7":"first","8":"instock","9":"shipping-taxable","10":"purchasable","11":"product-type-simple"},"_links":{"self":[{"href":"https:\/\/nordicmart.andreevmaster.com\/da\/wp-json\/wp\/v2\/product\/27425","targetHints":{"allow":["GET"]}}],"collection":[{"href":"https:\/\/nordicmart.andreevmaster.com\/da\/wp-json\/wp\/v2\/product"}],"about":[{"href":"https:\/\/nordicmart.andreevmaster.com\/da\/wp-json\/wp\/v2\/types\/product"}],"replies":[{"embeddable":true,"href":"https:\/\/nordicmart.andreevmaster.com\/da\/wp-json\/wp\/v2\/comments?post=27425"}],"wp:attachment":[{"href":"https:\/\/nordicmart.andreevmaster.com\/da\/wp-json\/wp\/v2\/media?parent=27425"}],"wp:term":[{"taxonomy":"product_brand","embeddable":true,"href":"https:\/\/nordicmart.andreevmaster.com\/da\/wp-json\/wp\/v2\/product_brand?post=27425"},{"taxonomy":"product_cat","embeddable":true,"href":"https:\/\/nordicmart.andreevmaster.com\/da\/wp-json\/wp\/v2\/product_cat?post=27425"},{"taxonomy":"product_tag","embeddable":true,"href":"https:\/\/nordicmart.andreevmaster.com\/da\/wp-json\/wp\/v2\/product_tag?post=27425"}],"curies":[{"name":"wp","href":"https:\/\/api.w.org\/{rel}","templated":true}]}}