{"id":27422,"date":"2026-02-27T00:36:56","date_gmt":"2026-02-27T00:36:56","guid":{"rendered":"https:\/\/nordicmart.andreevmaster.com\/product\/woopie-magnetiske-byggeklodser-lysende-3d-dyreverden-124-stk\/"},"modified":"2026-02-27T09:15:29","modified_gmt":"2026-02-27T09:15:29","slug":"woopie-magnetiske-byggeklodser-lysende-3d-dyreverden-124-stk","status":"publish","type":"product","link":"https:\/\/nordicmart.andreevmaster.com\/da\/vare\/woopie-magnetiske-byggeklodser-lysende-3d-dyreverden-124-stk\/","title":{"rendered":"WOOPIE Magnetiske byggeklodser Lysende 3D-dyreverden 124 stk."},"content":{"rendered":"<p>Oplev den magiske verden af dyr med det 3D lysende magnetiske byggeklodss\u00e6t fra Woopie! Dette unikke bygges\u00e6t er et sandt paradis for sm\u00e5 bygherrer. Takket v\u00e6re magnetiske elementer, der lyser i m\u00f8rket, kan b\u00f8rnene skabe fantastiske bygninger og kongeriger til deres yndlingsdyr. Det er et fremragende leget\u00f8j, der kombinerer l\u00e6ring med sjov og udvikler dit barns fantasi og tekniske f\u00e6rdigheder. Byg en eventyrlig verden fuld af dyreeventyr sammen!<\/p>\n<p>Egenskaber:<\/p>\n<p>* &#8211; Til b\u00f8rn fra 3 \u00e5r<br \/>\n* &#8211; Klodserne er magnetiske og lyser, hvilket tilf\u00f8jer en unik effekt til legen<br \/>\n* &#8211; S\u00e6ttet indeholder en r\u00e6kke forskellige former, dyrefigurer og tema-tilbeh\u00f8r<br \/>\n* &#8211; Leget\u00f8jet underst\u00f8tter udvikling inden for naturvidenskab, teknologi, ingeni\u00f8rarbejde og matematik (STEM)<br \/>\n* &#8211; De lysende elementer drives af 3 x AG10-batterier (medf\u00f8lger)<\/p>\n<p>S\u00e6ttet indeholder:<\/p>\n<p>* &#8211; 124 elementer, herunder:<br \/>\n* &#8211; Magnetiske klodser i forskellige former<br \/>\n* &#8211; Dyrefigurer<br \/>\n* &#8211; Karakterfigurer<br \/>\n* &#8211; Tema-tilbeh\u00f8r (tr\u00e6, sten)<br \/>\n* &#8211; Instruktioner med eksempler p\u00e5 modeller<\/p>\n<p>Leget\u00f8jet udvikler:<\/p>\n<p>* &#8211; Kreativitet og fantasi<br \/>\n* &#8211; Manuelle f\u00e6rdigheder<br \/>\n* &#8211; Logisk t\u00e6nkning<br \/>\n* &#8211; H\u00e5nd-\u00f8je-koordination<br \/>\n* &#8211; Rumlig forst\u00e5else<\/p>\n","protected":false},"excerpt":{"rendered":"<p>Oplev den magiske verden af dyr med det 3D lysende magnetiske byggeklodss\u00e6t fra Woopie! Dette unikke bygges\u00e6t er et sandt paradis for sm\u00e5 bygherrer. Takket v\u00e6re magnetiske elementer, der lyser i m\u00f8rket, kan b\u00f8rnene skabe fantastiske bygninger og kongeriger til deres yndlingsdyr. Det er et fremragende leget\u00f8j, der kombinerer l\u00e6ring med sjov og udvikler dit [&hellip;]<\/p>\n","protected":false},"featured_media":0,"comment_status":"open","ping_status":"closed","template":"","meta":[],"product_brand":[],"product_cat":[31],"product_tag":[],"class_list":{"0":"post-27422","1":"product","2":"type-product","3":"status-publish","5":"product_cat-uncategorized-da","7":"first","8":"instock","9":"shipping-taxable","10":"purchasable","11":"product-type-simple"},"_links":{"self":[{"href":"https:\/\/nordicmart.andreevmaster.com\/da\/wp-json\/wp\/v2\/product\/27422","targetHints":{"allow":["GET"]}}],"collection":[{"href":"https:\/\/nordicmart.andreevmaster.com\/da\/wp-json\/wp\/v2\/product"}],"about":[{"href":"https:\/\/nordicmart.andreevmaster.com\/da\/wp-json\/wp\/v2\/types\/product"}],"replies":[{"embeddable":true,"href":"https:\/\/nordicmart.andreevmaster.com\/da\/wp-json\/wp\/v2\/comments?post=27422"}],"wp:attachment":[{"href":"https:\/\/nordicmart.andreevmaster.com\/da\/wp-json\/wp\/v2\/media?parent=27422"}],"wp:term":[{"taxonomy":"product_brand","embeddable":true,"href":"https:\/\/nordicmart.andreevmaster.com\/da\/wp-json\/wp\/v2\/product_brand?post=27422"},{"taxonomy":"product_cat","embeddable":true,"href":"https:\/\/nordicmart.andreevmaster.com\/da\/wp-json\/wp\/v2\/product_cat?post=27422"},{"taxonomy":"product_tag","embeddable":true,"href":"https:\/\/nordicmart.andreevmaster.com\/da\/wp-json\/wp\/v2\/product_tag?post=27422"}],"curies":[{"name":"wp","href":"https:\/\/api.w.org\/{rel}","templated":true}]}}