{"id":27420,"date":"2026-02-27T00:36:55","date_gmt":"2026-02-27T00:36:55","guid":{"rendered":"https:\/\/nordicmart.andreevmaster.com\/product\/big-maxi-crane-ride-on-toy-2\/"},"modified":"2026-02-27T09:15:28","modified_gmt":"2026-02-27T09:15:28","slug":"big-maxi-crane-ride-on-toy-2","status":"publish","type":"product","link":"https:\/\/nordicmart.andreevmaster.com\/da\/vare\/big-maxi-crane-ride-on-toy-2\/","title":{"rendered":"BIG Maxi Crane Ride-On Toy"},"content":{"rendered":"<p>Crane Ride-On er et fremragende leget\u00f8j fra BIG til leg b\u00e5de inde og ude. Den bedste kvalitet p\u00e5 markedet! Tysk holdbarhed og pr\u00e6cision. Den perfekte gaveid\u00e9 til alle sm\u00e5b\u00f8rn. K\u00f8ret\u00f8jet vil begejstre b\u00e5de drenge og piger. Produktet er designet med de yngstes sikkerhed for \u00f8je. Ride-on-leget\u00f8jet har et stort, komfortabelt s\u00e6de. Kranen kan dreje 360 grader omkring en lodret akse. Kranen kan sikkert l\u00f8fte genstande, der vejer op til 450 g. Den vil stimulere dit barns fantasi og forbedre dets motoriske koordination. Det sjove vil aldrig ende!<\/p>\n<p>Funktioner:<\/p>\n<p>* &#8211; til b\u00f8rn fra 3 \u00e5r,<br \/>\n* &#8211; stort, komfortabelt s\u00e6de,<br \/>\n* &#8211; fuldt funktionel 360-graders rotation omkring den lodrette akse,* &#8211; bl\u00f8de gummihjul, der ikke ridser overflader og ikke laver st\u00f8j,<br \/>\n* &#8211; lastekapacitet op til 50 kg,<br \/>\n* &#8211; tr\u00e6kkraft op til 450 g,<br \/>\n* &#8211; hele k\u00f8ret\u00f8jet kan nemt vaskes under rindende vand.<\/p>\n","protected":false},"excerpt":{"rendered":"<p>Crane Ride-On er et fremragende leget\u00f8j fra BIG til leg b\u00e5de inde og ude. Den bedste kvalitet p\u00e5 markedet! Tysk holdbarhed og pr\u00e6cision. Den perfekte gaveid\u00e9 til alle sm\u00e5b\u00f8rn. K\u00f8ret\u00f8jet vil begejstre b\u00e5de drenge og piger. Produktet er designet med de yngstes sikkerhed for \u00f8je. Ride-on-leget\u00f8jet har et stort, komfortabelt s\u00e6de. Kranen kan dreje 360 [&hellip;]<\/p>\n","protected":false},"featured_media":0,"comment_status":"open","ping_status":"closed","template":"","meta":[],"product_brand":[],"product_cat":[31],"product_tag":[],"class_list":{"0":"post-27420","1":"product","2":"type-product","3":"status-publish","5":"product_cat-uncategorized-da","7":"first","8":"instock","9":"shipping-taxable","10":"purchasable","11":"product-type-simple"},"_links":{"self":[{"href":"https:\/\/nordicmart.andreevmaster.com\/da\/wp-json\/wp\/v2\/product\/27420","targetHints":{"allow":["GET"]}}],"collection":[{"href":"https:\/\/nordicmart.andreevmaster.com\/da\/wp-json\/wp\/v2\/product"}],"about":[{"href":"https:\/\/nordicmart.andreevmaster.com\/da\/wp-json\/wp\/v2\/types\/product"}],"replies":[{"embeddable":true,"href":"https:\/\/nordicmart.andreevmaster.com\/da\/wp-json\/wp\/v2\/comments?post=27420"}],"wp:attachment":[{"href":"https:\/\/nordicmart.andreevmaster.com\/da\/wp-json\/wp\/v2\/media?parent=27420"}],"wp:term":[{"taxonomy":"product_brand","embeddable":true,"href":"https:\/\/nordicmart.andreevmaster.com\/da\/wp-json\/wp\/v2\/product_brand?post=27420"},{"taxonomy":"product_cat","embeddable":true,"href":"https:\/\/nordicmart.andreevmaster.com\/da\/wp-json\/wp\/v2\/product_cat?post=27420"},{"taxonomy":"product_tag","embeddable":true,"href":"https:\/\/nordicmart.andreevmaster.com\/da\/wp-json\/wp\/v2\/product_tag?post=27420"}],"curies":[{"name":"wp","href":"https:\/\/api.w.org\/{rel}","templated":true}]}}