{"id":27419,"date":"2026-02-27T00:36:55","date_gmt":"2026-02-27T00:36:55","guid":{"rendered":"https:\/\/nordicmart.andreevmaster.com\/product\/big-maxi-power-worker-ride-on-gravemaskine\/"},"modified":"2026-02-27T09:15:28","modified_gmt":"2026-02-27T09:15:28","slug":"big-maxi-power-worker-ride-on-gravemaskine","status":"publish","type":"product","link":"https:\/\/nordicmart.andreevmaster.com\/da\/vare\/big-maxi-power-worker-ride-on-gravemaskine\/","title":{"rendered":"BIG Maxi Power Worker Ride-On Gravemaskine"},"content":{"rendered":"<p>Maxi-gravemaskinen er en fremragende BIG-dumper til leg b\u00e5de inde og ude. Den bedste kvalitet p\u00e5 markedet! Tysk holdbarhed og pr\u00e6cision. Den perfekte gaveid\u00e9 til alle b\u00f8rn. K\u00f8ret\u00f8jet vil begejstre b\u00e5de drenge og piger. Produktet er designet med de yngstes sikkerhed for \u00f8je. Det vil stimulere dit barns fantasi og forbedre dets motoriske koordination. Det sjove vil aldrig ende!<\/p>\n<p>Funktioner:<\/p>\n<p>* til b\u00f8rn fra 3 \u00e5r og opefter,<br \/>\n* stort komfortabelt s\u00e6de,<br \/>\n* fuldt funktionel gravemaskinearm, 360 graders rotation omkring den lodrette akse,<br \/>\n* bl\u00f8de gummihjul, ridser ikke overflader, laver ingen st\u00f8j,<br \/>\n* lastekapacitet op til 50 kg,<br \/>\n* hele k\u00f8ret\u00f8jet kan nemt vaskes under rindende vand.<\/p>\n<p>Tysk kvalitet og p\u00e5lidelighed \u2013 disse to udtryk beskriver leget\u00f8jsproducenten BIG meget pr\u00e6cist. Virksomheden, der har base lige over den vestlige gr\u00e6nse til vores land, har specialiseret sig i et bredt udvalg af leget\u00f8j. Deres leget\u00f8jsbiler er s\u00e6rligt bem\u00e6rkelsesv\u00e6rdige, men de tilbyder ogs\u00e5 sandkasser og cykler. Deres sortiment omfatter ogs\u00e5 byggeklodser, forskellige gynger, k\u00e6lker og andet leget\u00f8j.<\/p>\n","protected":false},"excerpt":{"rendered":"<p>Maxi-gravemaskinen er en fremragende BIG-dumper til leg b\u00e5de inde og ude. Den bedste kvalitet p\u00e5 markedet! Tysk holdbarhed og pr\u00e6cision. Den perfekte gaveid\u00e9 til alle b\u00f8rn. K\u00f8ret\u00f8jet vil begejstre b\u00e5de drenge og piger. Produktet er designet med de yngstes sikkerhed for \u00f8je. Det vil stimulere dit barns fantasi og forbedre dets motoriske koordination. Det sjove [&hellip;]<\/p>\n","protected":false},"featured_media":0,"comment_status":"open","ping_status":"closed","template":"","meta":[],"product_brand":[],"product_cat":[31],"product_tag":[],"class_list":{"0":"post-27419","1":"product","2":"type-product","3":"status-publish","5":"product_cat-uncategorized-da","7":"first","8":"instock","9":"shipping-taxable","10":"purchasable","11":"product-type-simple"},"_links":{"self":[{"href":"https:\/\/nordicmart.andreevmaster.com\/da\/wp-json\/wp\/v2\/product\/27419","targetHints":{"allow":["GET"]}}],"collection":[{"href":"https:\/\/nordicmart.andreevmaster.com\/da\/wp-json\/wp\/v2\/product"}],"about":[{"href":"https:\/\/nordicmart.andreevmaster.com\/da\/wp-json\/wp\/v2\/types\/product"}],"replies":[{"embeddable":true,"href":"https:\/\/nordicmart.andreevmaster.com\/da\/wp-json\/wp\/v2\/comments?post=27419"}],"wp:attachment":[{"href":"https:\/\/nordicmart.andreevmaster.com\/da\/wp-json\/wp\/v2\/media?parent=27419"}],"wp:term":[{"taxonomy":"product_brand","embeddable":true,"href":"https:\/\/nordicmart.andreevmaster.com\/da\/wp-json\/wp\/v2\/product_brand?post=27419"},{"taxonomy":"product_cat","embeddable":true,"href":"https:\/\/nordicmart.andreevmaster.com\/da\/wp-json\/wp\/v2\/product_cat?post=27419"},{"taxonomy":"product_tag","embeddable":true,"href":"https:\/\/nordicmart.andreevmaster.com\/da\/wp-json\/wp\/v2\/product_tag?post=27419"}],"curies":[{"name":"wp","href":"https:\/\/api.w.org\/{rel}","templated":true}]}}