{"id":27418,"date":"2026-02-27T00:36:54","date_gmt":"2026-02-27T00:36:54","guid":{"rendered":"https:\/\/nordicmart.andreevmaster.com\/product\/big-maxi-truck-off-road-vehicle-2\/"},"modified":"2026-02-27T09:15:28","modified_gmt":"2026-02-27T09:15:28","slug":"big-maxi-truck-off-road-vehicle-2","status":"publish","type":"product","link":"https:\/\/nordicmart.andreevmaster.com\/da\/vare\/big-maxi-truck-off-road-vehicle-2\/","title":{"rendered":"BIG Maxi Truck Off-Road Vehicle"},"content":{"rendered":"<p>En fremragende BIG off-road truck til leg derhjemme og udend\u00f8rs. Den bedste kvalitet p\u00e5 markedet! Tysk holdbarhed og pr\u00e6cision. En k\u00e6mpe bil p\u00e5 en halv meter \u2013 dette leget\u00f8j vil begejstre alle b\u00f8rn! Et leget\u00f8j designet med de yngste i tankerne.<br \/>\nEgenskaber:<br \/>\n* Power Worker-dumperen er designet til b\u00e5de indend\u00f8rs og udend\u00f8rs leg.<br \/>\n* Det ergonomiske kabinetag uden skarpe kanter er perfekt til sm\u00e5 h\u00e6nder.<br \/>\n* De store hjul er lavet af bl\u00f8dt materiale, er holdbare, men efterlader ikke m\u00e6rker p\u00e5 gulvet.<br \/>\n* H\u00f8j kvalitet garanterer nem reng\u00f8ring under rindende vand.<br \/>\n* Udstyret med en tippel\u00e5s.<br \/>\n* Maksimal belastning: 50 kg.<\/p>\n<p>Tysk kvalitet og p\u00e5lidelighed \u2013 disse to udtryk beskriver leget\u00f8jsproducenten BIG meget pr\u00e6cist. Virksomheden, der har base lige over den vestlige gr\u00e6nse til vores land, har specialiseret sig i et bredt udvalg af leget\u00f8j. Deres leget\u00f8j til at k\u00f8re p\u00e5 er s\u00e6rligt bem\u00e6rkelsesv\u00e6rdigt, men de tilbyder ogs\u00e5 sandkasser og cykler. Deres sortiment omfatter ogs\u00e5 byggeklodser, forskellige gynger, k\u00e6lker og andet leget\u00f8j.<\/p>\n","protected":false},"excerpt":{"rendered":"<p>En fremragende BIG off-road truck til leg derhjemme og udend\u00f8rs. Den bedste kvalitet p\u00e5 markedet! Tysk holdbarhed og pr\u00e6cision. En k\u00e6mpe bil p\u00e5 en halv meter \u2013 dette leget\u00f8j vil begejstre alle b\u00f8rn! Et leget\u00f8j designet med de yngste i tankerne. Egenskaber: * Power Worker-dumperen er designet til b\u00e5de indend\u00f8rs og udend\u00f8rs leg. * Det [&hellip;]<\/p>\n","protected":false},"featured_media":0,"comment_status":"open","ping_status":"closed","template":"","meta":[],"product_brand":[],"product_cat":[31],"product_tag":[],"class_list":{"0":"post-27418","1":"product","2":"type-product","3":"status-publish","5":"product_cat-uncategorized-da","7":"first","8":"instock","9":"shipping-taxable","10":"purchasable","11":"product-type-simple"},"_links":{"self":[{"href":"https:\/\/nordicmart.andreevmaster.com\/da\/wp-json\/wp\/v2\/product\/27418","targetHints":{"allow":["GET"]}}],"collection":[{"href":"https:\/\/nordicmart.andreevmaster.com\/da\/wp-json\/wp\/v2\/product"}],"about":[{"href":"https:\/\/nordicmart.andreevmaster.com\/da\/wp-json\/wp\/v2\/types\/product"}],"replies":[{"embeddable":true,"href":"https:\/\/nordicmart.andreevmaster.com\/da\/wp-json\/wp\/v2\/comments?post=27418"}],"wp:attachment":[{"href":"https:\/\/nordicmart.andreevmaster.com\/da\/wp-json\/wp\/v2\/media?parent=27418"}],"wp:term":[{"taxonomy":"product_brand","embeddable":true,"href":"https:\/\/nordicmart.andreevmaster.com\/da\/wp-json\/wp\/v2\/product_brand?post=27418"},{"taxonomy":"product_cat","embeddable":true,"href":"https:\/\/nordicmart.andreevmaster.com\/da\/wp-json\/wp\/v2\/product_cat?post=27418"},{"taxonomy":"product_tag","embeddable":true,"href":"https:\/\/nordicmart.andreevmaster.com\/da\/wp-json\/wp\/v2\/product_tag?post=27418"}],"curies":[{"name":"wp","href":"https:\/\/api.w.org\/{rel}","templated":true}]}}