{"id":27416,"date":"2026-02-27T00:36:54","date_gmt":"2026-02-27T00:36:54","guid":{"rendered":"https:\/\/nordicmart.andreevmaster.com\/product\/woopie-2-i-1-vandbord-sandkasse-piratskib-xl-med-saebeboblemaskine\/"},"modified":"2026-02-27T09:15:27","modified_gmt":"2026-02-27T09:15:27","slug":"woopie-2-i-1-vandbord-sandkasse-piratskib-xl-med-saebeboblemaskine","status":"publish","type":"product","link":"https:\/\/nordicmart.andreevmaster.com\/da\/vare\/woopie-2-i-1-vandbord-sandkasse-piratskib-xl-med-saebeboblemaskine\/","title":{"rendered":"WOOPIE 2-i-1 vandbord sandkasse piratskib XL med s\u00e6beboblemaskine"},"content":{"rendered":"<p>Woopie Pirate Ship Water Table er et ekstraordin\u00e6rt leget\u00f8j, der transporterer b\u00f8rn ind i en verden af pirat eventyr og giver timevis af kreativ udend\u00f8rs sjov. Takket v\u00e6re et rigt udvalg af farverige tilbeh\u00f8rsdele, bev\u00e6gelige elementer og et piratt\u00e5rn kan de sm\u00e5 eksperimentere med vand, lege med bobler, dreje vandhjulet og opdage en lang r\u00e6kke legemuligheder. Den enkle, solide konstruktion og den store st\u00f8rrelse g\u00f8r bordet behageligt og attraktivt, selv for flere b\u00f8rn p\u00e5 \u00e9n gang. <\/p>\n<p>Funktioner: <\/p>\n<p>* &#8211; Til b\u00f8rn fra 3 \u00e5r<br \/>\n* &#8211; Stabil og nem at samle konstruktion lavet af holdbart plast<br \/>\n* &#8211; Ideel til haven eller sandkassen<br \/>\n* &#8211; Enkelt design for hurtig t\u00f8mning og reng\u00f8ring af bordet<br \/>\n* &#8211; Takket v\u00e6re sin store st\u00f8rrelse giver bordet mulighed for, at flere b\u00f8rn kan lege sammen<br \/>\n* &#8211; Alle elementer har afrundede former, hvilket sikrer komfort og sikkerhed under legen.<\/p>\n<p>S\u00e6ttet indeholder:<\/p>\n<p>* &#8211; Vandbord<br \/>\n* &#8211; Vandkanon<br \/>\n* &#8211; Boblemaskine<br \/>\n* &#8211; Vandrutsjebane<br \/>\n* &#8211; Anker<br \/>\n* &#8211; Mast med kragebur<br \/>\n* &#8211; Piratfigur<br \/>\n* &#8211; 6 sm\u00e5 vandhjul<br \/>\n* &#8211; Stort vandhjul<br \/>\n* &#8211; 3 flydende dyr<br \/>\n* &#8211; 4 kopper til at h\u00e6lde vand med<\/p>\n<p>Leget\u00f8jet udvikler:<\/p>\n<p>* &#8211; Motoriske f\u00e6rdigheder<br \/>\n* &#8211; H\u00e5nd-\u00f8je-koordination<br \/>\n* &#8211; Kreativitet<br \/>\n* &#8211; Fantasi<br \/>\n* &#8211; Logik<br \/>\n* &#8211; Probleml\u00f8sningsf\u00e6rdigheder<br \/>\n* &#8211; Sensorisk integration<\/p>\n","protected":false},"excerpt":{"rendered":"<p>Woopie Pirate Ship Water Table er et ekstraordin\u00e6rt leget\u00f8j, der transporterer b\u00f8rn ind i en verden af pirat eventyr og giver timevis af kreativ udend\u00f8rs sjov. Takket v\u00e6re et rigt udvalg af farverige tilbeh\u00f8rsdele, bev\u00e6gelige elementer og et piratt\u00e5rn kan de sm\u00e5 eksperimentere med vand, lege med bobler, dreje vandhjulet og opdage en lang r\u00e6kke [&hellip;]<\/p>\n","protected":false},"featured_media":0,"comment_status":"open","ping_status":"closed","template":"","meta":[],"product_brand":[],"product_cat":[31],"product_tag":[],"class_list":{"0":"post-27416","1":"product","2":"type-product","3":"status-publish","5":"product_cat-uncategorized-da","7":"first","8":"instock","9":"shipping-taxable","10":"purchasable","11":"product-type-simple"},"_links":{"self":[{"href":"https:\/\/nordicmart.andreevmaster.com\/da\/wp-json\/wp\/v2\/product\/27416","targetHints":{"allow":["GET"]}}],"collection":[{"href":"https:\/\/nordicmart.andreevmaster.com\/da\/wp-json\/wp\/v2\/product"}],"about":[{"href":"https:\/\/nordicmart.andreevmaster.com\/da\/wp-json\/wp\/v2\/types\/product"}],"replies":[{"embeddable":true,"href":"https:\/\/nordicmart.andreevmaster.com\/da\/wp-json\/wp\/v2\/comments?post=27416"}],"wp:attachment":[{"href":"https:\/\/nordicmart.andreevmaster.com\/da\/wp-json\/wp\/v2\/media?parent=27416"}],"wp:term":[{"taxonomy":"product_brand","embeddable":true,"href":"https:\/\/nordicmart.andreevmaster.com\/da\/wp-json\/wp\/v2\/product_brand?post=27416"},{"taxonomy":"product_cat","embeddable":true,"href":"https:\/\/nordicmart.andreevmaster.com\/da\/wp-json\/wp\/v2\/product_cat?post=27416"},{"taxonomy":"product_tag","embeddable":true,"href":"https:\/\/nordicmart.andreevmaster.com\/da\/wp-json\/wp\/v2\/product_tag?post=27416"}],"curies":[{"name":"wp","href":"https:\/\/api.w.org\/{rel}","templated":true}]}}