{"id":27415,"date":"2026-02-27T00:36:54","date_gmt":"2026-02-27T00:36:54","guid":{"rendered":"https:\/\/nordicmart.andreevmaster.com\/product\/woopie-kaempe-vandlegeplads-6-i-1-sandkasse-vandfald-vandrutsjebane-6-niveau-modulaert\/"},"modified":"2026-02-27T09:15:27","modified_gmt":"2026-02-27T09:15:27","slug":"woopie-kaempe-vandlegeplads-6-i-1-sandkasse-vandfald-vandrutsjebane-6-niveau-modulaert","status":"publish","type":"product","link":"https:\/\/nordicmart.andreevmaster.com\/da\/vare\/woopie-kaempe-vandlegeplads-6-i-1-sandkasse-vandfald-vandrutsjebane-6-niveau-modulaert\/","title":{"rendered":"WOOPIE K\u00e6mpe vandlegeplads 6-i-1 sandkasse vandfald vandrutsjebane 6-niveau modul\u00e6rt"},"content":{"rendered":"<p>Vi pr\u00e6senterer det fantastiske interaktive vand- og sandpark fra Woopie \u2013 det perfekte legecenter, der bringer strandeventyr lige til din baghave! Dette ekstraordin\u00e6re leget\u00f8j tilbyder flere niveauer og stationer til leg med vand og sand, hvilket garanterer timevis af kreativ og sp\u00e6ndende underholdning. B\u00f8rnene kan skabe vandfald, bygge sandslotte og opdage den fascinerende verden af sm\u00e5 billedhuggere og ingeni\u00f8rer. Et rigt udvalg af tilbeh\u00f8r g\u00f8r hvert \u00f8jeblik fuld af gl\u00e6de og nye opdagelser!<\/p>\n<p>Funktioner:<\/p>\n<p>* &#8211; Til b\u00f8rn fra 3 \u00e5r<br \/>\n* &#8211; Tilbyder en r\u00e6kke omr\u00e5der til leg med vand og sand, herunder et h\u00f8jt vandfald og sektioner med bassiner<br \/>\n* &#8211; Udstyret med blandt andet roterende vandhjul, specielle trug og elementer til at styre vandstr\u00f8mmen, hvilket sikrer dynamisk leg<br \/>\n* &#8211; Centralt t\u00e5rn med en \u00e5bning i toppen g\u00f8r det muligt at h\u00e6lde vand i og skabe spektakul\u00e6re vandfald<br \/>\n* &#8211; Inkluderer adskillige sandredskaber og forme i forskellige former samt spande og andre elementer til leg i vandet<br \/>\n* &#8211; Fremstillet af plast af h\u00f8j kvalitet med glatte kanter, der er sikre for b\u00f8rn<br \/>\n* &#8211; Modul\u00e6rt design g\u00f8r det muligt at samle og opbevare hurtigt<br \/>\n* &#8211; Ideel til haven, terrassen eller altanen, hvor den fremmer aktiv leg udend\u00f8rs<\/p>\n<p>S\u00e6ttet indeholder:<\/p>\n<p>* &#8211; Bord i flere niveauer til leg med vand og sand<br \/>\n* &#8211; Bygningselementer til springvand\/vandfald (t\u00e5rn, trug, r\u00f8r)<br \/>\n* &#8211; Bordben<br \/>\n* &#8211; Roterende vandhjul<br \/>\n* &#8211; Vandkande<br \/>\n* &#8211; Spande<br \/>\n* &#8211; B\u00e5d<br \/>\n* &#8211; Skovle og river<br \/>\n* &#8211; Sandforme (f.eks. krabbe, skildpadde, musling, s\u00f8stjerne, fisk)<\/p>\n<p>Leget\u00f8jet udvikler:<\/p>\n<p>* &#8211; Manuelle f\u00e6rdigheder og bev\u00e6gelsespr\u00e6cision<br \/>\n* &#8211; H\u00e5nd-\u00f8je-koordination<br \/>\n* &#8211; Kreativitet og fantasi<br \/>\n* &#8211; \u00c5rsag-virkning-t\u00e6nkning<br \/>\n* &#8211; Sensorisk udvikling<br \/>\n* &#8211; Sociale f\u00e6rdigheder<\/p>\n","protected":false},"excerpt":{"rendered":"<p>Vi pr\u00e6senterer det fantastiske interaktive vand- og sandpark fra Woopie \u2013 det perfekte legecenter, der bringer strandeventyr lige til din baghave! Dette ekstraordin\u00e6re leget\u00f8j tilbyder flere niveauer og stationer til leg med vand og sand, hvilket garanterer timevis af kreativ og sp\u00e6ndende underholdning. B\u00f8rnene kan skabe vandfald, bygge sandslotte og opdage den fascinerende verden af [&hellip;]<\/p>\n","protected":false},"featured_media":0,"comment_status":"open","ping_status":"closed","template":"","meta":[],"product_brand":[],"product_cat":[31],"product_tag":[],"class_list":{"0":"post-27415","1":"product","2":"type-product","3":"status-publish","5":"product_cat-uncategorized-da","7":"first","8":"instock","9":"shipping-taxable","10":"purchasable","11":"product-type-simple"},"_links":{"self":[{"href":"https:\/\/nordicmart.andreevmaster.com\/da\/wp-json\/wp\/v2\/product\/27415","targetHints":{"allow":["GET"]}}],"collection":[{"href":"https:\/\/nordicmart.andreevmaster.com\/da\/wp-json\/wp\/v2\/product"}],"about":[{"href":"https:\/\/nordicmart.andreevmaster.com\/da\/wp-json\/wp\/v2\/types\/product"}],"replies":[{"embeddable":true,"href":"https:\/\/nordicmart.andreevmaster.com\/da\/wp-json\/wp\/v2\/comments?post=27415"}],"wp:attachment":[{"href":"https:\/\/nordicmart.andreevmaster.com\/da\/wp-json\/wp\/v2\/media?parent=27415"}],"wp:term":[{"taxonomy":"product_brand","embeddable":true,"href":"https:\/\/nordicmart.andreevmaster.com\/da\/wp-json\/wp\/v2\/product_brand?post=27415"},{"taxonomy":"product_cat","embeddable":true,"href":"https:\/\/nordicmart.andreevmaster.com\/da\/wp-json\/wp\/v2\/product_cat?post=27415"},{"taxonomy":"product_tag","embeddable":true,"href":"https:\/\/nordicmart.andreevmaster.com\/da\/wp-json\/wp\/v2\/product_tag?post=27415"}],"curies":[{"name":"wp","href":"https:\/\/api.w.org\/{rel}","templated":true}]}}