{"id":27414,"date":"2026-02-27T00:36:54","date_gmt":"2026-02-27T00:36:54","guid":{"rendered":"https:\/\/nordicmart.andreevmaster.com\/product\/woopie-2-i-1-vandbord-og-sandkasse-med-stol-aquapark-med-delfin\/"},"modified":"2026-02-27T09:15:27","modified_gmt":"2026-02-27T09:15:27","slug":"woopie-2-i-1-vandbord-og-sandkasse-med-stol-aquapark-med-delfin","status":"publish","type":"product","link":"https:\/\/nordicmart.andreevmaster.com\/da\/vare\/woopie-2-i-1-vandbord-og-sandkasse-med-stol-aquapark-med-delfin\/","title":{"rendered":"WOOPIE 2-i-1 vandbord og sandkasse med stol Aquapark med delfin"},"content":{"rendered":"<p>3-i-1-s\u00e6ttet fra Woopie er perfekt til b\u00f8rn, der elsker at eksperimentere, skabe og tilbringe tid aktivt udend\u00f8rs. Takket v\u00e6re de mange tilbeh\u00f8rsdele og et funktionelt bord med siddeplads kan de sm\u00e5 lege i sandet, h\u00e6lde vand, bygge og udforske verden gennem deres sanser!<\/p>\n<p>### Egenskaber:<\/p>\n<p>* &#8211; Til b\u00f8rn fra 3 \u00e5r<br \/>\n* &#8211; 3-i-1 \u2013 leg med vand, sand og tilbeh\u00f8rsdele til at h\u00e6lde og forme med<br \/>\n* &#8211; Til indend\u00f8rs og udend\u00f8rs brug (have, strand, altan)<br \/>\n* &#8211; Omfattende s\u00e6t: skovle, river, forme, vandkander, spande og en rutsjebane<br \/>\n* &#8211; Blomsterformet bord \u2013 farverigt, stabilt og funktionelt<br \/>\n* &#8211; Inkluderer et behageligt s\u00e6de, der kan justeres efter barnets h\u00f8jde<br \/>\n* &#8211; Massiv plast \u2013 sikker og vejrbestandig<br \/>\n* &#8211; Enkel og hurtig samling \u2013 klar til leg p\u00e5 f\u00e5 minutter!<\/p>\n<p>### S\u00e6ttet indeholder:<\/p>\n<p>* &#8211; 1 x vand- og sandbord med rum<br \/>\n* &#8211; 1 x stol<br \/>\n* &#8211; 4 x skovle i forskellige farver og former<br \/>\n* &#8211; 1 x rive<br \/>\n* &#8211; 2 x spande<br \/>\n* &#8211; 1 x vandkande<br \/>\n* &#8211; 1 x rutsjebane<br \/>\n* &#8211; 4 x forme og figurer (havdyr og dyr)<br \/>\n* &#8211; 2 x vandhjul \/ h\u00e6ldeattraktioner<\/p>\n<p>### Leget\u00f8jet udvikler:<\/p>\n<p>* &#8211; finmotorik<br \/>\n* &#8211; h\u00e5nd-\u00f8je-koordination<br \/>\n* &#8211; kreativitet og kreativt t\u00e6nkning<br \/>\n* &#8211; sociale f\u00e6rdigheder (lege i en gruppe)<br \/>\n* &#8211; probleml\u00f8sningsf\u00e6rdigheder<br \/>\n* &#8211; sensorisk integration<\/p>\n","protected":false},"excerpt":{"rendered":"<p>3-i-1-s\u00e6ttet fra Woopie er perfekt til b\u00f8rn, der elsker at eksperimentere, skabe og tilbringe tid aktivt udend\u00f8rs. Takket v\u00e6re de mange tilbeh\u00f8rsdele og et funktionelt bord med siddeplads kan de sm\u00e5 lege i sandet, h\u00e6lde vand, bygge og udforske verden gennem deres sanser! ### Egenskaber: * &#8211; Til b\u00f8rn fra 3 \u00e5r * &#8211; 3-i-1 [&hellip;]<\/p>\n","protected":false},"featured_media":0,"comment_status":"open","ping_status":"closed","template":"","meta":[],"product_brand":[],"product_cat":[31],"product_tag":[],"class_list":{"0":"post-27414","1":"product","2":"type-product","3":"status-publish","5":"product_cat-uncategorized-da","7":"first","8":"instock","9":"shipping-taxable","10":"purchasable","11":"product-type-simple"},"_links":{"self":[{"href":"https:\/\/nordicmart.andreevmaster.com\/da\/wp-json\/wp\/v2\/product\/27414","targetHints":{"allow":["GET"]}}],"collection":[{"href":"https:\/\/nordicmart.andreevmaster.com\/da\/wp-json\/wp\/v2\/product"}],"about":[{"href":"https:\/\/nordicmart.andreevmaster.com\/da\/wp-json\/wp\/v2\/types\/product"}],"replies":[{"embeddable":true,"href":"https:\/\/nordicmart.andreevmaster.com\/da\/wp-json\/wp\/v2\/comments?post=27414"}],"wp:attachment":[{"href":"https:\/\/nordicmart.andreevmaster.com\/da\/wp-json\/wp\/v2\/media?parent=27414"}],"wp:term":[{"taxonomy":"product_brand","embeddable":true,"href":"https:\/\/nordicmart.andreevmaster.com\/da\/wp-json\/wp\/v2\/product_brand?post=27414"},{"taxonomy":"product_cat","embeddable":true,"href":"https:\/\/nordicmart.andreevmaster.com\/da\/wp-json\/wp\/v2\/product_cat?post=27414"},{"taxonomy":"product_tag","embeddable":true,"href":"https:\/\/nordicmart.andreevmaster.com\/da\/wp-json\/wp\/v2\/product_tag?post=27414"}],"curies":[{"name":"wp","href":"https:\/\/api.w.org\/{rel}","templated":true}]}}