{"id":27413,"date":"2026-02-27T00:36:53","date_gmt":"2026-02-27T00:36:53","guid":{"rendered":"https:\/\/nordicmart.andreevmaster.com\/product\/woopie-2-i-1-vandbord-sandkasse-springvand-xxl-vandland-med-delfin\/"},"modified":"2026-02-27T09:15:27","modified_gmt":"2026-02-27T09:15:27","slug":"woopie-2-i-1-vandbord-sandkasse-springvand-xxl-vandland-med-delfin","status":"publish","type":"product","link":"https:\/\/nordicmart.andreevmaster.com\/da\/vare\/woopie-2-i-1-vandbord-sandkasse-springvand-xxl-vandland-med-delfin\/","title":{"rendered":"WOOPIE 2-i-1 vandbord sandkasse springvand XXL vandland med delfin"},"content":{"rendered":"<p>Bring strandeventuret direkte til din have med det fantastiske 2-i-1 vandbord og sandkasse fra Woopie! Det er et innovativt legecenter, der kombinerer gl\u00e6den ved at plaske i vandet med kreative sandkunstv\u00e6rker. Det flerlagede design med kaskadevandstr\u00f8mme vil begejstre alle sm\u00e5b\u00f8rn, og de mange sand- og vandtilbeh\u00f8r vil give timevis af sp\u00e6ndende og udviklende sjov. Perfekt til haven, terrassen eller endda altanen \u2013 hvor som helst du \u00f8nsker at skabe en magisk verden af b\u00f8rns fantasi!<\/p>\n<p>Funktioner:<\/p>\n<p>* &#8211; Til b\u00f8rn fra 3 \u00e5r og opefter<br \/>\n* &#8211; Vandfont\u00e6nen skaber et imponerende vandfald, der fascinerer b\u00f8rn<br \/>\n* &#8211; Den ene del kan fyldes med vand og den anden med sand<br \/>\n* &#8211; Drejelige vandhjul, \u00e5bne porte og bev\u00e6gelige dele til at styre vandstr\u00f8mmen<br \/>\n* &#8211; Glatte kanter og robuste materialer sikrer sikker leg<br \/>\n* &#8211; Omfattende s\u00e6t tilbeh\u00f8r<br \/>\n* &#8211; Enkelt design g\u00f8r det muligt at samle og adskille hurtigt<\/p>\n<p>S\u00e6ttet indeholder:<\/p>\n<p>* &#8211; Bordfod med tre uafh\u00e6ngige rum<br \/>\n* &#8211; Tre-niveau springvand med vandfaldssystem og vandhjul<br \/>\n* &#8211; Sandleget\u00f8j: skovl, rive, forme (f.eks. krabbe, skildpadde, s\u00f8stjerne, muslingeskal)<br \/>\n* &#8211; Vandtilbeh\u00f8r: spande, vandkande, b\u00e5d, kopper<\/p>\n<p>Leget\u00f8jet udvikler:<\/p>\n<p>* &#8211; Manuelle f\u00e6rdigheder og pr\u00e6cision i bev\u00e6gelser<br \/>\n* &#8211; H\u00e5nd-\u00f8je-koordination<br \/>\n* &#8211; Kreativitet og fantasi<br \/>\n* &#8211; \u00c5rsag-virkning-t\u00e6nkning<br \/>\n* &#8211; Sensorisk udvikling<br \/>\n* &#8211; Sociale f\u00e6rdigheder<\/p>\n","protected":false},"excerpt":{"rendered":"<p>Bring strandeventuret direkte til din have med det fantastiske 2-i-1 vandbord og sandkasse fra Woopie! Det er et innovativt legecenter, der kombinerer gl\u00e6den ved at plaske i vandet med kreative sandkunstv\u00e6rker. Det flerlagede design med kaskadevandstr\u00f8mme vil begejstre alle sm\u00e5b\u00f8rn, og de mange sand- og vandtilbeh\u00f8r vil give timevis af sp\u00e6ndende og udviklende sjov. Perfekt [&hellip;]<\/p>\n","protected":false},"featured_media":0,"comment_status":"open","ping_status":"closed","template":"","meta":[],"product_brand":[],"product_cat":[31],"product_tag":[],"class_list":{"0":"post-27413","1":"product","2":"type-product","3":"status-publish","5":"product_cat-uncategorized-da","7":"first","8":"instock","9":"shipping-taxable","10":"purchasable","11":"product-type-simple"},"_links":{"self":[{"href":"https:\/\/nordicmart.andreevmaster.com\/da\/wp-json\/wp\/v2\/product\/27413","targetHints":{"allow":["GET"]}}],"collection":[{"href":"https:\/\/nordicmart.andreevmaster.com\/da\/wp-json\/wp\/v2\/product"}],"about":[{"href":"https:\/\/nordicmart.andreevmaster.com\/da\/wp-json\/wp\/v2\/types\/product"}],"replies":[{"embeddable":true,"href":"https:\/\/nordicmart.andreevmaster.com\/da\/wp-json\/wp\/v2\/comments?post=27413"}],"wp:attachment":[{"href":"https:\/\/nordicmart.andreevmaster.com\/da\/wp-json\/wp\/v2\/media?parent=27413"}],"wp:term":[{"taxonomy":"product_brand","embeddable":true,"href":"https:\/\/nordicmart.andreevmaster.com\/da\/wp-json\/wp\/v2\/product_brand?post=27413"},{"taxonomy":"product_cat","embeddable":true,"href":"https:\/\/nordicmart.andreevmaster.com\/da\/wp-json\/wp\/v2\/product_cat?post=27413"},{"taxonomy":"product_tag","embeddable":true,"href":"https:\/\/nordicmart.andreevmaster.com\/da\/wp-json\/wp\/v2\/product_tag?post=27413"}],"curies":[{"name":"wp","href":"https:\/\/api.w.org\/{rel}","templated":true}]}}