{"id":27412,"date":"2026-02-27T00:36:53","date_gmt":"2026-02-27T00:36:53","guid":{"rendered":"https:\/\/nordicmart.andreevmaster.com\/product\/woopie-4-i-1-vandbord-sandkasse-vandfald-xl-4-niveau-delfin\/"},"modified":"2026-02-27T09:15:26","modified_gmt":"2026-02-27T09:15:26","slug":"woopie-4-i-1-vandbord-sandkasse-vandfald-xl-4-niveau-delfin","status":"publish","type":"product","link":"https:\/\/nordicmart.andreevmaster.com\/da\/vare\/woopie-4-i-1-vandbord-sandkasse-vandfald-xl-4-niveau-delfin\/","title":{"rendered":"WOOPIE 4-i-1 vandbord sandkasse vandfald XL 4-niveau delfin"},"content":{"rendered":"<p>Tag det sjove ved at lege med vand og sand til det n\u00e6ste niveau med vores fantastiske 4-i-1 vand- og sandbord fra Woopie! Dette innovative s\u00e6t er en rigtig mini-forlystelsespark for dit barn, der giver timevis af sp\u00e6ndende sjov i haven, p\u00e5 stranden eller endda i badev\u00e6relset. Takket v\u00e6re det flerlagede design med vandfald, bev\u00e6gelige elementer og et bredt udvalg af tilbeh\u00f8r kan de sm\u00e5 skabe deres egne vandeventyr, udvikle deres kreativitet og udforske verden gennem deres sanser. Perfekt til selvst\u00e6ndig leg og f\u00e6lles sommerudflugter!<\/p>\n<p>Egenskaber:<\/p>\n<p>* &#8211; Til b\u00f8rn fra 3 \u00e5r<br \/>\n* &#8211; 4-i-1 multifunktionalitet: vandbord, sandkasse, strands\u00e6t og badev\u00e6relsesleget\u00f8j<br \/>\n* &#8211; Vandfald, roterende hjul og tagrender sikrer dynamisk leg<br \/>\n* &#8211; Masser af forme, skovle, river og en vandkande til kreativt leg<br \/>\n* &#8211; Leg med vand og sand stimulerer sanserne og udvikler manuelle f\u00e6rdigheder<br \/>\n* &#8211; Manipulering af elementer og h\u00e6ldning af vand tr\u00e6ner pr\u00e6cision i bev\u00e6gelserne<br \/>\n* &#8211; Enkelt design g\u00f8r det muligt at samle og adskille hurtigt<br \/>\n* &#8211; Fremstillet af h\u00f8jkvalitets, giftfri, vejrbestandig plast<br \/>\n* &#8211; Ideel til udend\u00f8rs og indend\u00f8rs brug<\/p>\n<p>S\u00e6ttet indeholder:<\/p>\n<p>* &#8211; Vand-\/sandbord i flere niveauer<br \/>\n* &#8211; S\u00e6t forme<br \/>\n* &#8211; Skovle og river<br \/>\n* &#8211; Vandkande<br \/>\n* &#8211; Vandfaldselementer (render, ruller, roterende rotorer)<br \/>\n* &#8211; Vanddyrfigurer<\/p>\n<p>Leget\u00f8jet udvikler:<\/p>\n<p>* &#8211; Manuelle f\u00e6rdigheder og pr\u00e6cision i bev\u00e6gelser<br \/>\n* &#8211; H\u00e5nd-\u00f8je-koordination<br \/>\n* &#8211; Kreativitet og fantasi<br \/>\n* &#8211; \u00c5rsag-virkning-t\u00e6nkning<br \/>\n* &#8211; Sensorisk udvikling<br \/>\n* &#8211; Sociale f\u00e6rdigheder<\/p>\n","protected":false},"excerpt":{"rendered":"<p>Tag det sjove ved at lege med vand og sand til det n\u00e6ste niveau med vores fantastiske 4-i-1 vand- og sandbord fra Woopie! Dette innovative s\u00e6t er en rigtig mini-forlystelsespark for dit barn, der giver timevis af sp\u00e6ndende sjov i haven, p\u00e5 stranden eller endda i badev\u00e6relset. Takket v\u00e6re det flerlagede design med vandfald, bev\u00e6gelige [&hellip;]<\/p>\n","protected":false},"featured_media":0,"comment_status":"open","ping_status":"closed","template":"","meta":[],"product_brand":[],"product_cat":[31],"product_tag":[],"class_list":{"0":"post-27412","1":"product","2":"type-product","3":"status-publish","5":"product_cat-uncategorized-da","7":"first","8":"instock","9":"shipping-taxable","10":"purchasable","11":"product-type-simple"},"_links":{"self":[{"href":"https:\/\/nordicmart.andreevmaster.com\/da\/wp-json\/wp\/v2\/product\/27412","targetHints":{"allow":["GET"]}}],"collection":[{"href":"https:\/\/nordicmart.andreevmaster.com\/da\/wp-json\/wp\/v2\/product"}],"about":[{"href":"https:\/\/nordicmart.andreevmaster.com\/da\/wp-json\/wp\/v2\/types\/product"}],"replies":[{"embeddable":true,"href":"https:\/\/nordicmart.andreevmaster.com\/da\/wp-json\/wp\/v2\/comments?post=27412"}],"wp:attachment":[{"href":"https:\/\/nordicmart.andreevmaster.com\/da\/wp-json\/wp\/v2\/media?parent=27412"}],"wp:term":[{"taxonomy":"product_brand","embeddable":true,"href":"https:\/\/nordicmart.andreevmaster.com\/da\/wp-json\/wp\/v2\/product_brand?post=27412"},{"taxonomy":"product_cat","embeddable":true,"href":"https:\/\/nordicmart.andreevmaster.com\/da\/wp-json\/wp\/v2\/product_cat?post=27412"},{"taxonomy":"product_tag","embeddable":true,"href":"https:\/\/nordicmart.andreevmaster.com\/da\/wp-json\/wp\/v2\/product_tag?post=27412"}],"curies":[{"name":"wp","href":"https:\/\/api.w.org\/{rel}","templated":true}]}}