{"id":27411,"date":"2026-02-27T00:36:53","date_gmt":"2026-02-27T00:36:53","guid":{"rendered":"https:\/\/nordicmart.andreevmaster.com\/product\/big-trafikskiltesaet\/"},"modified":"2026-02-27T09:15:26","modified_gmt":"2026-02-27T09:15:26","slug":"big-trafikskiltesaet","status":"publish","type":"product","link":"https:\/\/nordicmart.andreevmaster.com\/da\/vare\/big-trafikskiltesaet\/","title":{"rendered":"BIG Trafikskiltes\u00e6t"},"content":{"rendered":"<p>BIG trafikskiltes\u00e6ttet er et fremragende p\u00e6dagogisk hj\u00e6lpemiddel til b\u00f8rn fra 12 m\u00e5neder. Takket v\u00e6re realistiske markeringer kan sm\u00e5b\u00f8rn nemt og sjovt l\u00e6re de grundl\u00e6ggende f\u00e6rdselsregler og udvikle deres bevidsthed om trafiksikkerhed.<\/p>\n<p>### S\u00e6ttet indeholder:<\/p>\n<p>3 robuste skilte, hver med dobbeltsidet tryk, der viser i alt 5 realistiske vejskilte:<\/p>\n<p>* &#8211; STOP-skilt (dobbeltsidet)<br \/>\n* &#8211; Vej med forrang<br \/>\n* &#8211; Slutning af vejen med forrang<br \/>\n* &#8211; Parkering<br \/>\n* &#8211; Fodg\u00e6ngerovergang<\/p>\n<p>### Egenskaber:<\/p>\n<p>* &#8211; Fra 12 m\u00e5neder<br \/>\n* &#8211; L\u00e6ringss\u00e6t \u2013 3 vejskilte med 5 forskellige markeringer, der hj\u00e6lper b\u00f8rn med at forst\u00e5 de grundl\u00e6ggende trafikregler.* &#8211; Dobbeltsidet tryk \u2013 realistiske, l\u00e6selige markeringer, der er synlige p\u00e5 begge sider af skiltene.<br \/>\n* &#8211; Stabil konstruktion \u2013 bred base sikrer sikker placering, b\u00e5de indend\u00f8rs og udend\u00f8rs.* &#8211; Sikre materialer \u2013 fremstillet af UV-resistent plast af h\u00f8j kvalitet.<br \/>\n* &#8211; Nem samling \u2013 hurtig og enkel samling uden brug af v\u00e6rkt\u00f8j.<\/p>\n<p>### Leget\u00f8jet udvikler:<\/p>\n<p>* &#8211; Sikkerhedsbevidsthed \u2013 b\u00f8rn l\u00e6rer grundl\u00e6ggende trafikregler p\u00e5 en naturlig og tilg\u00e6ngelig m\u00e5de.* &#8211; Fantasi og kreativitet \u2013 evnen til at udspille scener med trafikskilte udvikler sociale f\u00e6rdigheder og kreativt t\u00e6nkning. * &#8211; Motorisk koordination \u2013 sm\u00e5b\u00f8rn \u00f8ver sig i fingerf\u00e6rdighed og smidighed ved at bev\u00e6ge sig langs &#8220;vejene&#8221; i henhold til reglerne. * &#8211; Evnen til at lege i en gruppe \u2013 et fremragende s\u00e6t til at lege sammen med s\u00f8skende og venner.<\/p>\n","protected":false},"excerpt":{"rendered":"<p>BIG trafikskiltes\u00e6ttet er et fremragende p\u00e6dagogisk hj\u00e6lpemiddel til b\u00f8rn fra 12 m\u00e5neder. Takket v\u00e6re realistiske markeringer kan sm\u00e5b\u00f8rn nemt og sjovt l\u00e6re de grundl\u00e6ggende f\u00e6rdselsregler og udvikle deres bevidsthed om trafiksikkerhed. ### S\u00e6ttet indeholder: 3 robuste skilte, hver med dobbeltsidet tryk, der viser i alt 5 realistiske vejskilte: * &#8211; STOP-skilt (dobbeltsidet) * &#8211; Vej [&hellip;]<\/p>\n","protected":false},"featured_media":0,"comment_status":"open","ping_status":"closed","template":"","meta":[],"product_brand":[],"product_cat":[31],"product_tag":[],"class_list":{"0":"post-27411","1":"product","2":"type-product","3":"status-publish","5":"product_cat-uncategorized-da","7":"first","8":"instock","9":"shipping-taxable","10":"purchasable","11":"product-type-simple"},"_links":{"self":[{"href":"https:\/\/nordicmart.andreevmaster.com\/da\/wp-json\/wp\/v2\/product\/27411","targetHints":{"allow":["GET"]}}],"collection":[{"href":"https:\/\/nordicmart.andreevmaster.com\/da\/wp-json\/wp\/v2\/product"}],"about":[{"href":"https:\/\/nordicmart.andreevmaster.com\/da\/wp-json\/wp\/v2\/types\/product"}],"replies":[{"embeddable":true,"href":"https:\/\/nordicmart.andreevmaster.com\/da\/wp-json\/wp\/v2\/comments?post=27411"}],"wp:attachment":[{"href":"https:\/\/nordicmart.andreevmaster.com\/da\/wp-json\/wp\/v2\/media?parent=27411"}],"wp:term":[{"taxonomy":"product_brand","embeddable":true,"href":"https:\/\/nordicmart.andreevmaster.com\/da\/wp-json\/wp\/v2\/product_brand?post=27411"},{"taxonomy":"product_cat","embeddable":true,"href":"https:\/\/nordicmart.andreevmaster.com\/da\/wp-json\/wp\/v2\/product_cat?post=27411"},{"taxonomy":"product_tag","embeddable":true,"href":"https:\/\/nordicmart.andreevmaster.com\/da\/wp-json\/wp\/v2\/product_tag?post=27411"}],"curies":[{"name":"wp","href":"https:\/\/api.w.org\/{rel}","templated":true}]}}